{"id":119,"date":"2014-12-22T21:21:24","date_gmt":"2014-12-22T20:21:24","guid":{"rendered":"http:\/\/www.amisdeportroyal.org\/societe\/index.php\/2014\/12\/22\/ecce-homo\/"},"modified":"2019-02-25T16:59:30","modified_gmt":"2019-02-25T15:59:30","slug":"ecce-homo","status":"publish","type":"page","link":"https:\/\/www.amisdeportroyal.org\/societe\/index.php\/ecce-homo\/","title":{"rendered":"Ecce homo"},"content":{"rendered":"<p>Cet<em> Ecce homo<\/em> de Philippe de Champaigne illustre bien les contraintes et la puissance suggestive d&rsquo;un art inspir\u00e9 par la th\u00e9ologie de Port-Royal (cliquer sur le tableau pour l&rsquo;agrandir).<\/p>\n<p>Tout d&rsquo;abord, on constate le respect de Champaigne pour les Ecritures: \u00ab\u00a0J\u00e9sus parut donc avec la couronne d&rsquo;\u00e9pines et le manteau de pourpre et Pilate leur dit: &lsquo;Voici l&rsquo;homme&rsquo; \u00ab\u00a0(Jean, XIX, 15). Le peintre peint donc le Christ flagell\u00e9, assis dans le pr\u00e9toire, v\u00eatu des symboles d\u00e9risoires de royaut\u00e9 que les soldats lui ont conf\u00e9r\u00e9e par raillerie: le roseau en guise de sceptre, la couronne d&rsquo;\u00e9pines.<\/p>\n<p>Contrairement \u00e0 beaucoup de repr\u00e9sentations de cette sc\u00e8ne, nous voyons le Christ seul, et non conspu\u00e9 par les soldats: il est en m\u00e9ditation, tourn\u00e9 vers lui-m\u00eame, inattentif aux vanit\u00e9s ext\u00e9rieures.<\/p>\n<p>L&rsquo;absence de vie humaine, le d\u00e9cor froid et min\u00e9ral, l&rsquo;absence d&rsquo;objets superflus, tout concourt \u00e0 concentrer la sc\u00e8ne sur le Christ m\u00e9ditant avant sa crucifixion. Rien ne vient \u00ab\u00a0divertir\u00a0\u00bb les yeux: le tableau ne cherche pas \u00e0 d\u00e9lecter le regard, mais \u00e0 favoriser la m\u00e9ditation du spectateur, d&rsquo;o\u00f9 cette aust\u00e9rit\u00e9 voulue.<\/p>\n<p>\u00ab\u00a0L&rsquo;homme de douleur\u00a0\u00bb (ps. 53, 3), offert \u00e0 la vision avant d&rsquo;\u00eatre livr\u00e9 en p\u00e2ture \u00e0 la foule, est \u00e0 la fois \u00ab\u00a0objet de m\u00e9pris\u00a0\u00bb martyris\u00e9 et \u00ab\u00a0le plus beau des enfants des hommes\u00a0\u00bb: aussi est-ce un homme assis avec dignit\u00e9; les plis du drap\u00e9, la tenue des bras au-dessous des genoux contribuent \u00e0 nous pr\u00e9senter un Christ \u00e0 la fois simple et familier &#8212; il est homme &#8212; et n\u00e9anmoins, aux yeux de qui sait voir, majestueux dans sa souffrance &#8212; car il est aussi Dieu.<\/p>\n<div id='gallery-1' class='gallery galleryid-119 gallery-columns-3 gallery-size-thumbnail'><dl class='gallery-item'>\n\t\t\t<dt class='gallery-icon portrait'>\n\t\t\t\t<a href='https:\/\/www.amisdeportroyal.org\/societe\/wp-content\/uploads\/2011\/01\/1664-74-philippe-de-champaigne-port-royal.jpg'><img width=\"140\" height=\"140\" src=\"https:\/\/www.amisdeportroyal.org\/societe\/wp-content\/uploads\/2011\/01\/1664-74-philippe-de-champaigne-port-royal-150x150.jpg\" class=\"attachment-thumbnail size-thumbnail\" alt=\"Ecce Homo\" decoding=\"async\" loading=\"lazy\" aria-describedby=\"gallery-1-120\" \/><\/a>\n\t\t\t<\/dt>\n\t\t\t\t<dd class='wp-caption-text gallery-caption' id='gallery-1-120'>\n\t\t\t\tEcce Homo\n\t\t\t\t<\/dd><\/dl>\n\t\t\t<br style='clear: both' \/>\n\t\t<\/div>\n\n","protected":false},"excerpt":{"rendered":"<p>Cet Ecce homo de Philippe de Champaigne illustre bien les contraintes et la puissance suggestive d&rsquo;un art inspir\u00e9 par la th\u00e9ologie de Port-Royal (cliquer sur le tableau pour l&rsquo;agrandir). Tout d&rsquo;abord, on constate le respect de Champaigne pour les Ecritures: &hellip; <a href=\"https:\/\/www.amisdeportroyal.org\/societe\/index.php\/ecce-homo\/\">Continuer la lecture <span class=\"meta-nav\">&rarr;<\/span><\/a><\/p>\n","protected":false},"author":1,"featured_media":120,"parent":0,"menu_order":0,"comment_status":"closed","ping_status":"open","template":"","meta":[],"categories":[15],"tags":[],"_links":{"self":[{"href":"https:\/\/www.amisdeportroyal.org\/societe\/index.php\/wp-json\/wp\/v2\/pages\/119"}],"collection":[{"href":"https:\/\/www.amisdeportroyal.org\/societe\/index.php\/wp-json\/wp\/v2\/pages"}],"about":[{"href":"https:\/\/www.amisdeportroyal.org\/societe\/index.php\/wp-json\/wp\/v2\/types\/page"}],"author":[{"embeddable":true,"href":"https:\/\/www.amisdeportroyal.org\/societe\/index.php\/wp-json\/wp\/v2\/users\/1"}],"replies":[{"embeddable":true,"href":"https:\/\/www.amisdeportroyal.org\/societe\/index.php\/wp-json\/wp\/v2\/comments?post=119"}],"version-history":[{"count":4,"href":"https:\/\/www.amisdeportroyal.org\/societe\/index.php\/wp-json\/wp\/v2\/pages\/119\/revisions"}],"predecessor-version":[{"id":1836,"href":"https:\/\/www.amisdeportroyal.org\/societe\/index.php\/wp-json\/wp\/v2\/pages\/119\/revisions\/1836"}],"wp:featuredmedia":[{"embeddable":true,"href":"https:\/\/www.amisdeportroyal.org\/societe\/index.php\/wp-json\/wp\/v2\/media\/120"}],"wp:attachment":[{"href":"https:\/\/www.amisdeportroyal.org\/societe\/index.php\/wp-json\/wp\/v2\/media?parent=119"}],"wp:term":[{"taxonomy":"category","embeddable":true,"href":"https:\/\/www.amisdeportroyal.org\/societe\/index.php\/wp-json\/wp\/v2\/categories?post=119"},{"taxonomy":"post_tag","embeddable":true,"href":"https:\/\/www.amisdeportroyal.org\/societe\/index.php\/wp-json\/wp\/v2\/tags?post=119"}],"curies":[{"name":"wp","href":"https:\/\/api.w.org\/{rel}","templated":true}]}}