{"id":1,"date":"2014-12-22T21:27:23","date_gmt":"2014-12-22T20:27:23","guid":{"rendered":"http:\/\/www.amisdeportroyal.org\/societe\/index.php\/2014\/12\/22\/adhesion\/"},"modified":"2021-01-31T19:24:54","modified_gmt":"2021-01-31T18:24:54","slug":"adhesion","status":"publish","type":"page","link":"https:\/\/www.amisdeportroyal.org\/societe\/index.php\/adhesion\/","title":{"rendered":"Adh\u00e9sion"},"content":{"rendered":"<p>L&rsquo;adh\u00e9sion \u00e0 la Soci\u00e9t\u00e9 est effective apr\u00e8s le r\u00e8glement de la cotisation, payable en janvier de chaque ann\u00e9e. Les membres de la Soci\u00e9t\u00e9 \u00e0 jour de cotisation b\u00e9n\u00e9ficient du service des \u00ab\u00a0Chroniques\u00a0\u00bb et de la \u00ab\u00a0Feuille\u00a0\u00bb semestrielle ainsi que de l&rsquo;invitation aux manifestations. Les conjoints et amis des adh\u00e9rents participent aux sorties et colloques aux m\u00eames conditions financi\u00e8res.<\/p>\n<p>Montant de la cotisation<\/p>\n<ul>\n<li>\u00a035 \u20ac pour les soci\u00e9taires r\u00e9sidant en France<\/li>\n<li>\u00a025 \u20ac pour les \u00e9tudiants de moins de 25 ans<\/li>\n<li>\u00a045 \u20ac pour ceux qui sont domicili\u00e9s \u00e0 l&rsquo;\u00e9tranger (en raison des tarifs postaux)<\/li>\n<\/ul>\n<p>Le bulletin d&rsquo;adh\u00e9sion est disponible ci-dessous.<\/p>\n","protected":false},"excerpt":{"rendered":"<p>L&rsquo;adh\u00e9sion \u00e0 la Soci\u00e9t\u00e9 est effective apr\u00e8s le r\u00e8glement de la cotisation, payable en janvier de chaque ann\u00e9e. Les membres de la Soci\u00e9t\u00e9 \u00e0 jour de cotisation b\u00e9n\u00e9ficient du service des \u00ab\u00a0Chroniques\u00a0\u00bb et de la \u00ab\u00a0Feuille\u00a0\u00bb semestrielle ainsi que de &hellip; <a href=\"https:\/\/www.amisdeportroyal.org\/societe\/index.php\/adhesion\/\">Continuer la lecture <span class=\"meta-nav\">&rarr;<\/span><\/a><\/p>\n","protected":false},"author":1,"featured_media":1063,"parent":0,"menu_order":0,"comment_status":"closed","ping_status":"open","template":"","meta":[],"categories":[6],"tags":[36],"_links":{"self":[{"href":"https:\/\/www.amisdeportroyal.org\/societe\/index.php\/wp-json\/wp\/v2\/pages\/1"}],"collection":[{"href":"https:\/\/www.amisdeportroyal.org\/societe\/index.php\/wp-json\/wp\/v2\/pages"}],"about":[{"href":"https:\/\/www.amisdeportroyal.org\/societe\/index.php\/wp-json\/wp\/v2\/types\/page"}],"author":[{"embeddable":true,"href":"https:\/\/www.amisdeportroyal.org\/societe\/index.php\/wp-json\/wp\/v2\/users\/1"}],"replies":[{"embeddable":true,"href":"https:\/\/www.amisdeportroyal.org\/societe\/index.php\/wp-json\/wp\/v2\/comments?post=1"}],"version-history":[{"count":4,"href":"https:\/\/www.amisdeportroyal.org\/societe\/index.php\/wp-json\/wp\/v2\/pages\/1\/revisions"}],"predecessor-version":[{"id":2560,"href":"https:\/\/www.amisdeportroyal.org\/societe\/index.php\/wp-json\/wp\/v2\/pages\/1\/revisions\/2560"}],"wp:featuredmedia":[{"embeddable":true,"href":"https:\/\/www.amisdeportroyal.org\/societe\/index.php\/wp-json\/wp\/v2\/media\/1063"}],"wp:attachment":[{"href":"https:\/\/www.amisdeportroyal.org\/societe\/index.php\/wp-json\/wp\/v2\/media?parent=1"}],"wp:term":[{"taxonomy":"category","embeddable":true,"href":"https:\/\/www.amisdeportroyal.org\/societe\/index.php\/wp-json\/wp\/v2\/categories?post=1"},{"taxonomy":"post_tag","embeddable":true,"href":"https:\/\/www.amisdeportroyal.org\/societe\/index.php\/wp-json\/wp\/v2\/tags?post=1"}],"curies":[{"name":"wp","href":"https:\/\/api.w.org\/{rel}","templated":true}]}}