{"id":93,"date":"2014-12-22T21:23:40","date_gmt":"2014-12-22T20:23:40","guid":{"rendered":"http:\/\/www.amisdeportroyal.org\/societe\/index.php\/2014\/12\/22\/le-maistre-antoine-1608-1658\/"},"modified":"2019-02-26T12:24:16","modified_gmt":"2019-02-26T11:24:16","slug":"le-maistre-antoine-1608-1658","status":"publish","type":"page","link":"http:\/\/www.amisdeportroyal.org\/societe\/index.php\/le-maistre-antoine-1608-1658\/","title":{"rendered":"Le Maistre, Antoine (1608-1658)"},"content":{"rendered":"<p>Apr\u00e8s trois mois de r\u00e9flexion, un jeune avocat annonce dans une lettre \u00e0 son p\u00e8re sa d\u00e9cision d&rsquo;abandonner le barreau : cette pens\u00e9e lui est venue, dit-il, de \u00ab\u00a0Celui qui seul est ma\u00eetre de nos volont\u00e9s, et qui les change quand bon lui semble. Je quitte le monde parce qu&rsquo;il le veut, comme vous-m\u00eame le quitteriez et votre religion encore, s&rsquo;il le voulait ; et, sans que j&rsquo;aie eu de r\u00e9v\u00e9lations particuli\u00e8res ou de visions extraordinaires, je suis seulement la voix qui m&rsquo;appelle dans l&rsquo;\u00c9vangile \u00e0 faire p\u00e9nitence de mes p\u00e9ch\u00e9s\u00a0\u00bb.<\/p>\n<p>L&rsquo;auteur de cette lettre est Antoine Le Maistre. Sa situation personnelle, comme celle de sa famille, est peu ordinaire : Antoine n&rsquo;a pas encore trente ans lorsqu&rsquo;il renonce \u00e0 un avenir d\u00e9j\u00e0 prometteur. Isaac, son p\u00e8re, de religion r\u00e9form\u00e9e, vit, depuis plusieurs ann\u00e9es, s\u00e9par\u00e9 de sa femme, Catherine Arnauld, qui s&rsquo;occupe de leurs cinq fils : un mois apr\u00e8s la mort d&rsquo;Isaac, survenue le 11 septembre 1640, elle prendra l&rsquo;habit de moniale \u00e0 Port-Royal, o\u00f9 elle rejoint ses s\u0153urs : Ang\u00e9lique, Agn\u00e8s, Marie de Sainte-Claire et Madeleine de Sainte-Catherine.<\/p>\n<p>Le 10 janvier 1638, Antoine et Simon Le Maistre s&rsquo;installent \u00e0 Port-Royal de Paris, \u00ab\u00a0en un corps d&rsquo;h\u00f4tel qui est sur la rue\u00a0\u00bb, et sont bient\u00f4t suivis de leurs cinq fr\u00e8res, Louis-Isaac, Jean et Charles : ils y attendent que soit achev\u00e9 le logis que leur m\u00e8re fait b\u00e2tir dans la cour du monast\u00e8re. Antoine s&rsquo;est mis sous la direction de l&rsquo;abb\u00e9 de Saint-Cyran, \u00e0 qui il \u00e9crit le 24 octobre 1637: \u00ab\u00a0vous ne sauriez croire combien l&rsquo;exemple de mon fr\u00e8re Sacy me sert. Nous allons tous les jours ensemble dans le clo\u00eetre des Chartreux, pour aller prendre l&rsquo;air, lui et moi. Nous lisons notre le\u00e7on de grammaire h\u00e9bra\u00efque, o\u00f9 nous n&rsquo;avan\u00e7ons quasi point, n&rsquo;y mettant qu&rsquo;une demi-heure, comme vous l&rsquo;avez ordonn\u00e9\u00a0\u00bb. Selon les volont\u00e9s de leur directeur spirituel, les fr\u00e8res Le Maistre accueillent plusieurs enfants dans leur maison afin de les former et de les \u00e9duquer d&rsquo;apr\u00e8s les principes saint-cyraniens ; mais ils ne partagent que peu de temps cette vie de Solitaires et de p\u00e9dagogues : l&rsquo;arrestation de l&rsquo;abb\u00e9 de Saint-Cyran y met un terme provisoire le 14 mai 1638.<\/p>\n<p>Antoine Le Maistre, qui fut ainsi le premier des Solitaires, va se fixer pour toujours en ao\u00fbt 1639 \u00e0 Port-Royal des Champs, o\u00f9 il m\u00e8nera une vie cach\u00e9e et aust\u00e8re. Il continue \u00e0 s&rsquo;occuper de certains enfants : Jean Racine entretienda avec lui des relations d&rsquo;affection particuli\u00e8re. Il consacre beaucoup de temps \u00e0 \u00e9crire des vies de saints et \u00e0 faire des traductions ; il travaille avec les Solitaires et correspond avec les religieuses. Il meurt apr\u00e8s quelques jours de maladie le 4 novembre 1658 : son ancien \u00e9l\u00e8ve Pierre Thomas du Foss\u00e9 raconte, dans une longue lettre, les derni\u00e8res heures de sa vie et sa mort \u00e0 l&rsquo;abbaye des Champs.<\/p>\n<p>Source: Jean Lesaulnier, \u00ab\u00a0Petite galerie&#8230;\u00a0\u00bb, <em>Chroniques de Port-Royal<\/em>, num\u00e9ro sp\u00e9cial, 1991, \u00ab\u00a0Port-Royal de Paris\u00a0\u00bb.<\/p>\n","protected":false},"excerpt":{"rendered":"<p>Apr\u00e8s trois mois de r\u00e9flexion, un jeune avocat annonce dans une lettre \u00e0 son p\u00e8re sa d\u00e9cision d&rsquo;abandonner le barreau : cette pens\u00e9e lui est venue, dit-il, de \u00ab\u00a0Celui qui seul est ma\u00eetre de nos volont\u00e9s, et qui les change &hellip; <a href=\"http:\/\/www.amisdeportroyal.org\/societe\/index.php\/le-maistre-antoine-1608-1658\/\">Continuer la lecture <span class=\"meta-nav\">&rarr;<\/span><\/a><\/p>\n","protected":false},"author":1,"featured_media":0,"parent":0,"menu_order":0,"comment_status":"closed","ping_status":"open","template":"","meta":[],"categories":[8],"tags":[],"_links":{"self":[{"href":"http:\/\/www.amisdeportroyal.org\/societe\/index.php\/wp-json\/wp\/v2\/pages\/93"}],"collection":[{"href":"http:\/\/www.amisdeportroyal.org\/societe\/index.php\/wp-json\/wp\/v2\/pages"}],"about":[{"href":"http:\/\/www.amisdeportroyal.org\/societe\/index.php\/wp-json\/wp\/v2\/types\/page"}],"author":[{"embeddable":true,"href":"http:\/\/www.amisdeportroyal.org\/societe\/index.php\/wp-json\/wp\/v2\/users\/1"}],"replies":[{"embeddable":true,"href":"http:\/\/www.amisdeportroyal.org\/societe\/index.php\/wp-json\/wp\/v2\/comments?post=93"}],"version-history":[{"count":3,"href":"http:\/\/www.amisdeportroyal.org\/societe\/index.php\/wp-json\/wp\/v2\/pages\/93\/revisions"}],"predecessor-version":[{"id":1894,"href":"http:\/\/www.amisdeportroyal.org\/societe\/index.php\/wp-json\/wp\/v2\/pages\/93\/revisions\/1894"}],"wp:attachment":[{"href":"http:\/\/www.amisdeportroyal.org\/societe\/index.php\/wp-json\/wp\/v2\/media?parent=93"}],"wp:term":[{"taxonomy":"category","embeddable":true,"href":"http:\/\/www.amisdeportroyal.org\/societe\/index.php\/wp-json\/wp\/v2\/categories?post=93"},{"taxonomy":"post_tag","embeddable":true,"href":"http:\/\/www.amisdeportroyal.org\/societe\/index.php\/wp-json\/wp\/v2\/tags?post=93"}],"curies":[{"name":"wp","href":"https:\/\/api.w.org\/{rel}","templated":true}]}}