{"id":92,"date":"2014-12-22T21:23:38","date_gmt":"2014-12-22T20:23:38","guid":{"rendered":"http:\/\/www.amisdeportroyal.org\/societe\/index.php\/2014\/12\/22\/la-rochefoucauld-francois-vi-duc\/"},"modified":"2019-02-26T12:06:27","modified_gmt":"2019-02-26T11:06:27","slug":"la-rochefoucauld-francois-vi-duc","status":"publish","type":"page","link":"http:\/\/www.amisdeportroyal.org\/societe\/index.php\/la-rochefoucauld-francois-vi-duc\/","title":{"rendered":"La Rochefoucauld (Fran\u00e7ois VI, duc de, 1613-1680)"},"content":{"rendered":"<p>\u00ab\u00a0\u00c0 l&rsquo;\u00e9poque des <em>Maxime<\/em>s (1664-1665), La Rochefoucauld tient \u00e0 Port-Royal par une multitude de liens\u00a0\u00bb, \u00e9crit Jean Mesnard. Depuis la Fronde, apr\u00e8s la rupture de sa liaison avec Mme de Longueville, l&rsquo;auteur des <em>R\u00e9flexions ou sentences et maximes morales<\/em> r\u00e9side, pendant ses s\u00e9jours parisiens, \u00e0 l&rsquo;h\u00f4tel de Liancourt qui est situ\u00e9 rue de Seine, non loin des quais : cette belle demeure appartient \u00e0 l&rsquo;oncle du m\u00e9morialiste, Roger du Plessis, marquis de Liancourt, qui lui a rendu quelques services pour n\u00e9gocier son retour en 1653, et \u00e0 Jeanne de Schomberg.<\/p>\n<p>Retir\u00e9 des intrigues du monde, La Rochefoucauld fr\u00e9quente aussi l&rsquo;h\u00f4tel de Nevers, o\u00f9 les Du Plessis-Gu\u00e9n\u00e9gaud accueillent depuis quelques ann\u00e9es de nombreux amis de Port-Royal, Mme de S\u00e9vign\u00e9, Mme de Lafayette et Simon Arnauld de Pomponne feront partie de ce cercle, o\u00f9 Racine, La Fontaine et Boileau ne sont pas absents. \u00ab\u00a0Je vous envie de vos soir\u00e9es \u00e0 l&rsquo;h\u00f4tel de Nevers\u00a0\u00bb, \u00e9crit La Rochefoucauld \u00e0 Pierre Lenet.<\/p>\n<p>Mais la rencontre du duc avec Port-Royal r\u00e9sulte en grande partie de ses relations avec les Liancourt et avec la marquise de Sabl\u00e9. Neveu, par sa m\u00e8re, de Roger du Plessis, duc de la Rocheguyon, l&rsquo;auteur des <em>Maximes<\/em> et des <em>M\u00e9moires <\/em> voit ces liens familiaux renforc\u00e9s quand son fils a\u00een\u00e9 \u00e9pouse Jeanne-Charlotte de Liancourt : cette petite-fille des Liancourt se marie avec son petit-cousin le 10 novembre 1659 au ch\u00e2teau de Liancourt dans le Beauvaisis et donnera trois enfants \u00e0 son mari, avant de mourir pr\u00e9matur\u00e9ment en 1669. \u00ab\u00a0J&rsquo;ai, tout de bon, ici des occupations plus agr\u00e9ables que vous n&rsquo;aviez cru\u00a0\u00bb, \u00e9crit La Rochefoucauld \u00e0 son ami Jacques Esprit, \u00ab\u00a0et ma belle-fille est la plus agr\u00e9able petite cr\u00e9ature qui se puisse voir\u00a0\u00bb. Jeanne-Charlotte est une ancienne pensionnaire des religieuses de Port-Royal. \u00ab\u00a0Il n&rsquo;y a jamais eu une meilleure ni plus commode personne\u00a0\u00bb, \u00e9crit encore le duc ; \u00ab\u00a0elle est aussi enfant presque que quand elle a eu l&rsquo;honneur de vous voir, mais avec cela elle a de l&rsquo;esprit, et de la douceur, et une complaisance admirable\u00a0\u00bb.<\/p>\n<p>La destinataire de cette lettre du 21 juin 1662 n&rsquo;est autre que la marquise de Sabl\u00e9. Avec elle, il entretient des rapports et une correspondance suivis. \u00c0 Port-Royal de Paris o\u00f9 elle habite, Mme de Sabl\u00e9 re\u00e7oit \u00ab\u00a0la compagnie la plus choisie, Monsieur, fr\u00e8re du roi, et Conti, Mlle de Montpensier, Mme de Liancourt, les Montausier, La Rochefoucauld, Mme de Longueville, la gouvernante des enfants du roi accompagn\u00e9e du Dauphin, Arnauld d&rsquo;Andilly, Mme de Schomberg. Et tant d&rsquo;autres, \u00e9crivains, hommes de science et d&rsquo;Eglise\u00a0\u00bb, comme Guilleragues, Bossuet et Pascal (Jean Lafond). Gr\u00e2ce \u00e0 Mme de Sabl\u00e9, le duc de La Rochefoucauld puisera dans ce milieu une r\u00e9flexion qui nourrira son \u0153uvre, de m\u00eame que par ce salon parviennent au monast\u00e8re les bruits assourdis du monde.<\/p>\n<p>Source: Jean Lesaulnier, \u00ab\u00a0Petite galerie\u00a0\u00bb, <em>Chroniques de Port-Royal, <\/em>num\u00e9ro sp\u00e9cial, 1991, \u00ab\u00a0Port-Royal de Paris\u00a0\u00bb.<\/p>\n","protected":false},"excerpt":{"rendered":"<p>\u00ab\u00a0\u00c0 l&rsquo;\u00e9poque des Maximes (1664-1665), La Rochefoucauld tient \u00e0 Port-Royal par une multitude de liens\u00a0\u00bb, \u00e9crit Jean Mesnard. Depuis la Fronde, apr\u00e8s la rupture de sa liaison avec Mme de Longueville, l&rsquo;auteur des R\u00e9flexions ou sentences et maximes morales r\u00e9side, &hellip; <a href=\"http:\/\/www.amisdeportroyal.org\/societe\/index.php\/la-rochefoucauld-francois-vi-duc\/\">Continuer la lecture <span class=\"meta-nav\">&rarr;<\/span><\/a><\/p>\n","protected":false},"author":1,"featured_media":0,"parent":0,"menu_order":0,"comment_status":"closed","ping_status":"open","template":"","meta":[],"categories":[8],"tags":[],"_links":{"self":[{"href":"http:\/\/www.amisdeportroyal.org\/societe\/index.php\/wp-json\/wp\/v2\/pages\/92"}],"collection":[{"href":"http:\/\/www.amisdeportroyal.org\/societe\/index.php\/wp-json\/wp\/v2\/pages"}],"about":[{"href":"http:\/\/www.amisdeportroyal.org\/societe\/index.php\/wp-json\/wp\/v2\/types\/page"}],"author":[{"embeddable":true,"href":"http:\/\/www.amisdeportroyal.org\/societe\/index.php\/wp-json\/wp\/v2\/users\/1"}],"replies":[{"embeddable":true,"href":"http:\/\/www.amisdeportroyal.org\/societe\/index.php\/wp-json\/wp\/v2\/comments?post=92"}],"version-history":[{"count":4,"href":"http:\/\/www.amisdeportroyal.org\/societe\/index.php\/wp-json\/wp\/v2\/pages\/92\/revisions"}],"predecessor-version":[{"id":1888,"href":"http:\/\/www.amisdeportroyal.org\/societe\/index.php\/wp-json\/wp\/v2\/pages\/92\/revisions\/1888"}],"wp:attachment":[{"href":"http:\/\/www.amisdeportroyal.org\/societe\/index.php\/wp-json\/wp\/v2\/media?parent=92"}],"wp:term":[{"taxonomy":"category","embeddable":true,"href":"http:\/\/www.amisdeportroyal.org\/societe\/index.php\/wp-json\/wp\/v2\/categories?post=92"},{"taxonomy":"post_tag","embeddable":true,"href":"http:\/\/www.amisdeportroyal.org\/societe\/index.php\/wp-json\/wp\/v2\/tags?post=92"}],"curies":[{"name":"wp","href":"https:\/\/api.w.org\/{rel}","templated":true}]}}