{"id":89,"date":"2014-12-22T21:22:59","date_gmt":"2014-12-22T20:22:59","guid":{"rendered":"http:\/\/www.amisdeportroyal.org\/societe\/index.php\/2014\/12\/22\/l-expulsion-des-religieuses-26\/"},"modified":"2019-02-25T17:50:19","modified_gmt":"2019-02-25T16:50:19","slug":"l-expulsion-des-religieuses-26","status":"publish","type":"page","link":"http:\/\/www.amisdeportroyal.org\/societe\/index.php\/l-expulsion-des-religieuses-26\/","title":{"rendered":"L&rsquo;expulsion des religieuses (26 ao\u00fbt 1664)"},"content":{"rendered":"<p>Port-Royal connut dans les ann\u00e9es 1660, pour reprendre l&rsquo;expression de Sainte-Beuve, son \u00ab\u00a0\u00e9t\u00e9 orageux\u00a0\u00bb. \u00c0 cette \u00e9poque, Louis XIV, soucieux d&rsquo;imposer l&rsquo;uniformit\u00e9 religieuse au pays, pourchasse toutes les d\u00e9viances, et Port-Royal lui para\u00eet \u00eatre un foyer de s\u00e9dition. Souvenirs de la Fronde, souvenirs de la R\u00e9volution d&rsquo;Angleterre, crainte de l&rsquo;influence d&rsquo;une faction, peur du modernisme, autant de raisons qui vont pousser Louis XIV \u00e0 devenir le destructeur de Port-Royal. Dans cette entreprise de longue haleine, qui occupera tout son r\u00e8gne, le 26 ao\u00fbt 1664 constitue une date particuli\u00e8rement p\u00e9nible dans l&rsquo;histoire du monast\u00e8re.<\/p>\n<p>Afin qu&rsquo;il y ait uniformit\u00e9 dans tous les dioc\u00e8ses, en 1661, l&rsquo;assembl\u00e9e du clerg\u00e9 de France impose \u00e0 tous les eccl\u00e9siastiques, mais aussi \u00e0 tous les religieux et religieuses, la signature d&rsquo;un Formulaire portant condamnation du jans\u00e9nisme.<\/p>\n<p>C&rsquo;est la perte de Port-Royal. Les religieuses refusant de signer, une terrible pers\u00e9cution commence avec, entre autres mesures, le renvoi des pensionnaires et l&rsquo;interdiction de recevoir de nouvelles postulantes. Malgr\u00e9 les soutiens dont jouit Port-Royal, y compris celui de la reine de Pologne, les attaques continuent: en ao\u00fbt 1664, devant le refus r\u00e9it\u00e9r\u00e9 de signer le Formulaire, l&rsquo;archev\u00eaque de Paris P\u00e9r\u00e9fixe d\u00e9cide d&rsquo;interdire de sacrements les moniales, et insulte la m\u00e8re abbesse, Mme de Ligny, qu&rsquo;il traite de petite sotte et de petite ignorante.<\/p>\n<p>Le 26 ao\u00fbt 1664, M. de P\u00e9r\u00e9fixe se pr\u00e9sente au monast\u00e8re de Paris avec des forces de police impressionnantes: pr\u00e8s de 200 personnes envahissent la cour de Port-Royal. L&rsquo;archev\u00eaque, en rochet et camail, faisant porter sa croix, nomme douze religieuses, dont la m\u00e8re abbesse Mme de Ligny, et leur fait savoir sa d\u00e9cision de les faire conduire dans d&rsquo;autres monast\u00e8res o\u00f9 elles seront priv\u00e9es de toute relation avec l&rsquo;ext\u00e9rieur, sans m\u00eame leur indiquer les lieux de leur exil.<\/p>\n<p>En signe de protestation, les religieuses \u00e9pargn\u00e9es signent un proc\u00e8s-verbal, relation de l&rsquo;enl\u00e8vement de leurs douze compagnes.<\/p>\n","protected":false},"excerpt":{"rendered":"<p>Port-Royal connut dans les ann\u00e9es 1660, pour reprendre l&rsquo;expression de Sainte-Beuve, son \u00ab\u00a0\u00e9t\u00e9 orageux\u00a0\u00bb. \u00c0 cette \u00e9poque, Louis XIV, soucieux d&rsquo;imposer l&rsquo;uniformit\u00e9 religieuse au pays, pourchasse toutes les d\u00e9viances, et Port-Royal lui para\u00eet \u00eatre un foyer de s\u00e9dition. Souvenirs de &hellip; <a href=\"http:\/\/www.amisdeportroyal.org\/societe\/index.php\/l-expulsion-des-religieuses-26\/\">Continuer la lecture <span class=\"meta-nav\">&rarr;<\/span><\/a><\/p>\n","protected":false},"author":1,"featured_media":88,"parent":0,"menu_order":0,"comment_status":"closed","ping_status":"open","template":"","meta":[],"categories":[24],"tags":[],"_links":{"self":[{"href":"http:\/\/www.amisdeportroyal.org\/societe\/index.php\/wp-json\/wp\/v2\/pages\/89"}],"collection":[{"href":"http:\/\/www.amisdeportroyal.org\/societe\/index.php\/wp-json\/wp\/v2\/pages"}],"about":[{"href":"http:\/\/www.amisdeportroyal.org\/societe\/index.php\/wp-json\/wp\/v2\/types\/page"}],"author":[{"embeddable":true,"href":"http:\/\/www.amisdeportroyal.org\/societe\/index.php\/wp-json\/wp\/v2\/users\/1"}],"replies":[{"embeddable":true,"href":"http:\/\/www.amisdeportroyal.org\/societe\/index.php\/wp-json\/wp\/v2\/comments?post=89"}],"version-history":[{"count":3,"href":"http:\/\/www.amisdeportroyal.org\/societe\/index.php\/wp-json\/wp\/v2\/pages\/89\/revisions"}],"predecessor-version":[{"id":1866,"href":"http:\/\/www.amisdeportroyal.org\/societe\/index.php\/wp-json\/wp\/v2\/pages\/89\/revisions\/1866"}],"wp:featuredmedia":[{"embeddable":true,"href":"http:\/\/www.amisdeportroyal.org\/societe\/index.php\/wp-json\/wp\/v2\/media\/88"}],"wp:attachment":[{"href":"http:\/\/www.amisdeportroyal.org\/societe\/index.php\/wp-json\/wp\/v2\/media?parent=89"}],"wp:term":[{"taxonomy":"category","embeddable":true,"href":"http:\/\/www.amisdeportroyal.org\/societe\/index.php\/wp-json\/wp\/v2\/categories?post=89"},{"taxonomy":"post_tag","embeddable":true,"href":"http:\/\/www.amisdeportroyal.org\/societe\/index.php\/wp-json\/wp\/v2\/tags?post=89"}],"curies":[{"name":"wp","href":"https:\/\/api.w.org\/{rel}","templated":true}]}}