{"id":87,"date":"2014-12-22T21:22:58","date_gmt":"2014-12-22T20:22:58","guid":{"rendered":"http:\/\/www.amisdeportroyal.org\/societe\/index.php\/2014\/12\/22\/le-miracle-de-la-sainte-epine-24\/"},"modified":"2019-02-25T17:47:57","modified_gmt":"2019-02-25T16:47:57","slug":"le-miracle-de-la-sainte-epine-24","status":"publish","type":"page","link":"http:\/\/www.amisdeportroyal.org\/societe\/index.php\/le-miracle-de-la-sainte-epine-24\/","title":{"rendered":"Le miracle de la Sainte-Epine (24 mars 1656)"},"content":{"rendered":"<p>En 1656, Port-Royal est dans une situation difficile. Depuis la bulle papale <em>Cum Occasione<\/em> de 1653, les pers\u00e9cutions anti-jans\u00e9nistes se d\u00e9cha\u00eenent, et l&rsquo;on va jusqu&rsquo;\u00e0 disperser les Solitaires et \u00e0 fermer les Petites \u00c9coles \u00e0 la maison des Champs. Ce conflit, loin de se limiter \u00e0 quelques th\u00e9ologiens isol\u00e9s, d\u00e9chire toute l&rsquo;\u00c9glise de France. Les d\u00e9bats qui font rage \u00e0 la Sorbonne aboutissent, au d\u00e9but de 1656, \u00e0 l&rsquo;expulsion d&rsquo;Antoine Arnauld de la Facult\u00e9 de th\u00e9ologie de Paris.<\/p>\n<p>Les amis de Port-Royal ne sont pas rest\u00e9s passifs: ils ont organis\u00e9 la r\u00e9sistance, et en particulier demand\u00e9 \u00e0 Pascal de requ\u00e9rir le jugement de l&rsquo;opinion public, de fa\u00e7on \u00e0 faire \u00e9clater l&rsquo;injustice des attaques port\u00e9es contre le parti augustinien.<\/p>\n<p>Or, c&rsquo;est pr\u00e9cis\u00e9ment \u00e0 ce moment que, comme une r\u00e9ponse \u00e0 ce d\u00e9but de pers\u00e9cution, un miracle se produit \u00e0 Port-Royal le 24 mars 1656. La propre ni\u00e8ce de Pascal, la petite Marguerite P\u00e9rier, \u00e9tait atteinte d&rsquo;une fistule lacrymale tr\u00e8s profonde dont elle souffrait depuis trois ans. L&rsquo;os du nez \u00e9tait cari\u00e9, les plus habiles chirurgiens avaient avou\u00e9 leur d\u00e9faite, et l&rsquo;on parlait d&rsquo;appliquer le feu sur la blessure.<\/p>\n<p>Une \u00e9pine de la Sainte-Couronne ayant \u00e9t\u00e9 confi\u00e9e aux religieuses, Marguerite P\u00e9rier est conduite \u00e0 l&rsquo;adoration par la ma\u00eetresse des pensionnaires, qui lui conseille de faire toucher son oeil au verre couvrant la relique. La gu\u00e9rison est instantan\u00e9e; la petite fille le dit \u00e0 ses compagnes; toutefois la discipline du monast\u00e8re redouble le silence en temps de Car\u00eame, aussi la nouvelle ne se r\u00e9pand-elle que peu \u00e0 peu.<\/p>\n<p>Anne d&rsquo;Autriche, reine-m\u00e8re, refuse de croire au miracle. Elle envoie aussit\u00f4t \u00e0 Port-Royal MM. Guillard, chirurgien, et F\u00e9lix, premier chirurgien du roi; tous deux, qui connaissaient Marguerite P\u00e9rier, ne pouvaient qu&rsquo;attester l&rsquo;inexplicable gu\u00e9rison.<\/p>\n<p>Ce miracle de la Sainte-Epine est reconnu par tous, m\u00eame par les adversaires de Port-Royal, qui n&rsquo;en contestent que l&rsquo;interpr\u00e9tation donn\u00e9e par les \u00ab\u00a0jans\u00e9nistes\u00a0\u00bb: ceux-ci clament que Dieu s&rsquo;est manifest\u00e9 en faveur de leur cause. Pascal, tr\u00e8s frapp\u00e9 par l&rsquo;\u00e9v\u00e9nement, entreprend de r\u00e9unir des notes en vue d&rsquo;un trait\u00e9 sur les miracles: ce travail, d\u00e9velopp\u00e9, d\u00e9bouchera sur un ouvrage d&rsquo;une autre ampleur: sera la premi\u00e8re \u00e9bauche de son <em>Apologie pour la religion<\/em>, connue aujourd&rsquo;hui sous le titre de <em>Pens\u00e9es<\/em>.<\/p>\n<p>La campagne des Provinciales et le miracle du 24 mars 1656 contribueront \u00e0 renverser l&rsquo;opinion en faveur des amis de Port-Royal, sans renverser pour autant le cours d&rsquo;une histoire in\u00e9luctable: les pers\u00e9cutions reprirent de plus belle contre le monast\u00e8re. [Source: Paule Jansen, \u00ab\u00a0Port-Royal de Paris, son histoire\u00a0\u00bb, in <em>Chroniques de Port-Royal<\/em>, num\u00e9ro sp\u00e9cial, 1991.]<\/p>\n<p>A l&rsquo;instigation de M\u00e8re Ang\u00e9lique, Jacqueline Pascal, soeur de Blaise, l&rsquo;auteur des <em>Pens\u00e9es<\/em>, laissa un long po\u00e8me en stances qui c\u00e9l\u00e9brait l&rsquo;\u00e9v\u00e9nement, et dont voici quelques fragments:<\/p>\n<p>Invisible soutien de l\u2019esprit languissant,<br \/>\nSecret consolateur de l\u2019\u00e2me qui t\u2019honore,<br \/>\nEspoir de l\u2019afflig\u00e9, juge de l\u2019innocent,<br \/>\nDieu cach\u00e9 sous ce voile o\u00f9 l\u2019\u00c9glise t\u2019adore,<br \/>\nJ\u00e9sus, de ton autel, jette les yeux sur moi ;<br \/>\nFais-en sortir ce feu qui change tout en soi ;<br \/>\nQu\u2019il vienne heureusement s\u2019allumer dans mon \u00e2me,<br \/>\nAfin que cet esprit qui forma l\u2019univers,<br \/>\nMontre, en rejaillissant de mon coeur dans mes vers,<br \/>\nQu\u2019il donne encore aux siens une langue de flamme !<\/p>\n<p>Au fond de ce d\u00e9sert, et ne vivant qu\u2019en toi,<br \/>\nJe go\u00fbte un saint repos exempt d\u2019inqui\u00e9tude.<br \/>\nTes merveilles, Seigneur, p\u00e9n\u00e9trant jusqu\u2019\u00e0 moi,<br \/>\nOnt agr\u00e9ablement troubl\u00e9 ma solitude :<br \/>\nJ\u2019apprends que par un coup de ta divine main,<br \/>\nTrompant l\u2019art et l\u2019espoir de tout esprit humain,<br \/>\nUn miracle nouveau signale ta puissance.<br \/>\nCe miracle \u00e9tonnant, dans un divin transport,<br \/>\nMe presse de parler par un si saint effort<br \/>\nQue je ne puis sans crime \u00eatre encore en silence.<\/p>\n<p>&#8230; \u00d4 mortels, \u00e9coutez avec un juste effroi<br \/>\nL\u2019effet miraculeux d\u2019une vertu divine,<br \/>\nEt jugez du pouvoir de votre divin Roi<br \/>\nPar celui que re\u00e7oit une petite \u00e9pine.<br \/>\nCet oeil d\u00e9figur\u00e9, cet os demi-pourri,<br \/>\nCe mal que le feu m\u00eame \u00e0 peine aurait gu\u00e9ri,<br \/>\nCe mal qui surpassait tout ce qu\u2019on en peut croire,<br \/>\nPar le pouvoir secret d\u2019un saint attouchement,<br \/>\nSe trouve an\u00e9anti dans le m\u00eame moment,<br \/>\nSans qu\u2019il en reste rien que la seule m\u00e9moire.<\/p>\n<p>Qui n\u2019a senti, Seigneur, dans cet \u00e9v\u00e9nement,<br \/>\nCette sainte frayeur qu\u2019excite ta pr\u00e9sence ?<br \/>\nQui s\u2019est pu garantir d\u2019un secret tremblement,<br \/>\nTe voyant dans l\u2019effet de ta toute-puissance ?<br \/>\nQue s\u2019il est vrai qu\u2019ici, dans l\u2019ombre de la foi,<br \/>\nTa pr\u00e9sence secr\u00e8te imprime tant d\u2019effroi,<br \/>\nLorsque tu ne parais que pour \u00eatre propice,<br \/>\nQue sera-ce, Seigneur, alors qu\u2019au dernier jour,<br \/>\nCouvrant de ta fureur l\u2019exc\u00e8s de ton amour,<br \/>\nTu ne te feras voir que pour faire justice !<\/p>\n<p>Cette \u00e9preuve, Seigneur, me fait voir clairement<br \/>\nLa raison qui te porte, en des choses pareilles,<br \/>\nComme pour pr\u00e9venir ce juste \u00e9tonnement,<br \/>\n\u00c0 faire quelquefois pressentir tes merveilles.<br \/>\nAinsi, malgr\u00e9 l\u2019hiver et la rude saison,<br \/>\nUn arbre fleurissant dans ta sainte maison<br \/>\nNous y fit voir l\u2019espoir d\u2019une chose \u00e9tonnante.<br \/>\nAinsi, quand le soleil tenait tout en repos,<br \/>\nPar des songes de nuit qui n\u2019ont rien que de faux,<br \/>\nLa v\u00e9rit\u00e9 parut \u00e0 ton humble servante.<\/p>\n<p>&#8230; J\u2019ai satisfait, Seigneur, l\u2019imp\u00e9tuosit\u00e9<br \/>\nD\u2019un z\u00e8le dont l\u2019ardeur condamne le silence.<br \/>\nJe n\u2019ai point captiv\u00e9 ta sainte v\u00e9rit\u00e9,<br \/>\nJ\u2019ai suivi le transport de ma reconnaissance,<br \/>\nJ\u2019ai dit ce que l\u2019Esprit a daign\u00e9 m\u2019inspirer.<\/p>\n<p>Et maintenant, Seigneur, si je puis esp\u00e9rer,<br \/>\nSelon que tu promets, gr\u00e2ce pour cette gr\u00e2ce,<br \/>\nPour salaire, \u00f4 mon Tout, fais-moi cette faveur<br \/>\nDe rentrer dans mon antre avec plus de ferveur<br \/>\nEt de ne plus sortir du secret de ta face.<\/p>\n","protected":false},"excerpt":{"rendered":"<p>En 1656, Port-Royal est dans une situation difficile. Depuis la bulle papale Cum Occasione de 1653, les pers\u00e9cutions anti-jans\u00e9nistes se d\u00e9cha\u00eenent, et l&rsquo;on va jusqu&rsquo;\u00e0 disperser les Solitaires et \u00e0 fermer les Petites \u00c9coles \u00e0 la maison des Champs. Ce &hellip; <a href=\"http:\/\/www.amisdeportroyal.org\/societe\/index.php\/le-miracle-de-la-sainte-epine-24\/\">Continuer la lecture <span class=\"meta-nav\">&rarr;<\/span><\/a><\/p>\n","protected":false},"author":1,"featured_media":86,"parent":0,"menu_order":0,"comment_status":"closed","ping_status":"open","template":"","meta":[],"categories":[24],"tags":[],"_links":{"self":[{"href":"http:\/\/www.amisdeportroyal.org\/societe\/index.php\/wp-json\/wp\/v2\/pages\/87"}],"collection":[{"href":"http:\/\/www.amisdeportroyal.org\/societe\/index.php\/wp-json\/wp\/v2\/pages"}],"about":[{"href":"http:\/\/www.amisdeportroyal.org\/societe\/index.php\/wp-json\/wp\/v2\/types\/page"}],"author":[{"embeddable":true,"href":"http:\/\/www.amisdeportroyal.org\/societe\/index.php\/wp-json\/wp\/v2\/users\/1"}],"replies":[{"embeddable":true,"href":"http:\/\/www.amisdeportroyal.org\/societe\/index.php\/wp-json\/wp\/v2\/comments?post=87"}],"version-history":[{"count":3,"href":"http:\/\/www.amisdeportroyal.org\/societe\/index.php\/wp-json\/wp\/v2\/pages\/87\/revisions"}],"predecessor-version":[{"id":1864,"href":"http:\/\/www.amisdeportroyal.org\/societe\/index.php\/wp-json\/wp\/v2\/pages\/87\/revisions\/1864"}],"wp:featuredmedia":[{"embeddable":true,"href":"http:\/\/www.amisdeportroyal.org\/societe\/index.php\/wp-json\/wp\/v2\/media\/86"}],"wp:attachment":[{"href":"http:\/\/www.amisdeportroyal.org\/societe\/index.php\/wp-json\/wp\/v2\/media?parent=87"}],"wp:term":[{"taxonomy":"category","embeddable":true,"href":"http:\/\/www.amisdeportroyal.org\/societe\/index.php\/wp-json\/wp\/v2\/categories?post=87"},{"taxonomy":"post_tag","embeddable":true,"href":"http:\/\/www.amisdeportroyal.org\/societe\/index.php\/wp-json\/wp\/v2\/tags?post=87"}],"curies":[{"name":"wp","href":"https:\/\/api.w.org\/{rel}","templated":true}]}}