{"id":84,"date":"2014-12-22T21:22:55","date_gmt":"2014-12-22T20:22:55","guid":{"rendered":"http:\/\/www.amisdeportroyal.org\/societe\/index.php\/2014\/12\/22\/la-journee-du-guichet-25-septembre\/"},"modified":"2019-02-25T17:35:04","modified_gmt":"2019-02-25T16:35:04","slug":"la-journee-du-guichet-25-septembre","status":"publish","type":"page","link":"http:\/\/www.amisdeportroyal.org\/societe\/index.php\/la-journee-du-guichet-25-septembre\/","title":{"rendered":"La Journ\u00e9e du guichet (25 septembre 1609)"},"content":{"rendered":"<p>La soeur d&rsquo;Antoine Arnauld (le Grand Arnauld) et d&rsquo;Arnaud d&rsquo;Andilly, est, en cette ann\u00e9e 1608, abbesse de Port-Royal-des-Champs depuis trois ann\u00e9es, et n&rsquo;est \u00e2g\u00e9e que de dix-sept ans. Elle se nomme en religion Ang\u00e9lique Arnauld, mais elle est entr\u00e9e en religion sans vocation, par ordre de ses parents.<\/p>\n<p>Aux environs de la f\u00eate de l&rsquo;Annonciation de 1608 (25 mars), un capucin de passage, le P\u00e8re Basile, pr\u00eache \u00e0 Port-Royal sur l&rsquo;Incarnation du Fils de Dieu et son humiliation. Le sermon provoque une r\u00e9flexion profonde sur la M\u00e8re Ang\u00e9lique. Elle changera ses habits et sa mani\u00e8re de vivre; les religieuses devront abandonner toute propri\u00e9t\u00e9 personnelle. Les parents d&rsquo;Ang\u00e9lique se moquent de sa ferveur, qui n&rsquo;est selon eux qu&rsquo;une toquade d&rsquo;adolescente, et s&rsquo;opposent \u00e0 sa r\u00e9forme. Elle n&rsquo;en d\u00e9mord pas, et tente d&rsquo;attirer \u00e0 elle sa soeur Jeanne. La crise \u00e9clate le 25 septembre 1609, date qu&rsquo;on conna\u00eet sous le nom de \u00ab\u00a0Journ\u00e9e du Guichet\u00a0\u00bb: ce jour-l\u00e0, elle r\u00e9tablit la cl\u00f4ture et emp\u00eache ses propres parents d&rsquo;y p\u00e9n\u00e9trer. C&rsquo;est la rupture entre la jeune abbesse et sa famille.<\/p>\n<p>La matin\u00e9e, qui commence avec l&rsquo;office de matines, \u00e0 deux heures du matin, se d\u00e9roule comme \u00e0 l&rsquo;accoutum\u00e9e. A la mi-journ\u00e9e, le carrosse des Arnauld, venus rendre visite \u00e0 leur fille, est annonc\u00e9. Y ont pris place, entre autres, les parents Arnauld et Robert, le fils a\u00een\u00e9. Ang\u00e9lique refuse l&rsquo;ouverture des portes. Antoine Arnauld s&#8217;emporte; son fils Robert intervient \u00e0 son tour:<\/p>\n<blockquote><p>\u00ab Il commen\u00e7a \u00e0 le prendre d&rsquo;un ton encore plus haut, et \u00e0 dire ce que les autres ne disaient pas et ce que la passion peut sugg\u00e9rer dans ces rencontres \u00e0 un fils qui croit agir avec d&rsquo;autant plus de justice qu&rsquo;il ne venge pas sa propre injure, mais celle d&rsquo;un p\u00e8re offens\u00e9, en apparence, par sa propre fille. Apr\u00e8s l&rsquo;avoir appel\u00e9 un monstre d&rsquo;ingratitude, et une parricide qui r\u00e9pondrait devant Dieu de la mort de son p\u00e8re, qu&rsquo;elle ferait mourir de regret d&rsquo;avoir \u00e9lev\u00e9 avec tant d&rsquo;amour une fille qui le traitait de la sorte, il commen\u00e7a \u00e0 s&rsquo;en prendre aux religieuses, \u00e0 les appeler, \u00e0 les conjurer de ne pas souffrir de permettre qu&rsquo;une personne \u00e0 qui elles avaient tant d&rsquo;obligation souffr\u00eet cet affront chez elles. Il chercha ensuite l&rsquo;appui de sa soeur Agn\u00e8s qu&rsquo;Ang\u00e9lique avait laiss\u00e9 sortir. Mais elle aussi rappela \u00e0 son fr\u00e8re les recommandations du Concile de Trente. Sur quoi il s&rsquo;\u00e9cria: &lsquo;Oh, vraiment, nous en tenons! En voil\u00e0 encore une qui se m\u00eale de nous all\u00e9guer les canons et les conciles! \u00bb [Sainte-Beuve, <em>Port-Royal<\/em>.]<\/p><\/blockquote>\n<p>Puis les \u00e9v\u00e9nements se pr\u00e9cipitent: Ang\u00e9lique s&rsquo;\u00e9vanouit; d&rsquo;Andilly parvient \u00abde son timbre suraigu\u00bb \u00e0 pr\u00e9venir les religieuses, puis, peu \u00e0 peu, les esprits se calm\u00e8rent. La r\u00e9conciliation, sinc\u00e8re, laissera des traces, au point que Mme Arnauld sera plus de dix mois sans retourner \u00e0 Port-Royal. Mais bient\u00f4t toute la famille sera convaincue du bien-fond\u00e9 de la r\u00e9forme, et, quelques ann\u00e9es plus tard, Port-Royal trouvera en d&rsquo;Andilly l&rsquo;un de ses d\u00e9fenseurs les plus fervents et les plus efficaces.<\/p>\n<p>Source: <em>Dictionnaire de Port-Royal<\/em>, article \u00abRobert Arnauld d&rsquo;Andilly\u00bb<\/p>\n","protected":false},"excerpt":{"rendered":"<p>La soeur d&rsquo;Antoine Arnauld (le Grand Arnauld) et d&rsquo;Arnaud d&rsquo;Andilly, est, en cette ann\u00e9e 1608, abbesse de Port-Royal-des-Champs depuis trois ann\u00e9es, et n&rsquo;est \u00e2g\u00e9e que de dix-sept ans. Elle se nomme en religion Ang\u00e9lique Arnauld, mais elle est entr\u00e9e en &hellip; <a href=\"http:\/\/www.amisdeportroyal.org\/societe\/index.php\/la-journee-du-guichet-25-septembre\/\">Continuer la lecture <span class=\"meta-nav\">&rarr;<\/span><\/a><\/p>\n","protected":false},"author":1,"featured_media":0,"parent":0,"menu_order":0,"comment_status":"closed","ping_status":"open","template":"","meta":[],"categories":[24],"tags":[],"_links":{"self":[{"href":"http:\/\/www.amisdeportroyal.org\/societe\/index.php\/wp-json\/wp\/v2\/pages\/84"}],"collection":[{"href":"http:\/\/www.amisdeportroyal.org\/societe\/index.php\/wp-json\/wp\/v2\/pages"}],"about":[{"href":"http:\/\/www.amisdeportroyal.org\/societe\/index.php\/wp-json\/wp\/v2\/types\/page"}],"author":[{"embeddable":true,"href":"http:\/\/www.amisdeportroyal.org\/societe\/index.php\/wp-json\/wp\/v2\/users\/1"}],"replies":[{"embeddable":true,"href":"http:\/\/www.amisdeportroyal.org\/societe\/index.php\/wp-json\/wp\/v2\/comments?post=84"}],"version-history":[{"count":3,"href":"http:\/\/www.amisdeportroyal.org\/societe\/index.php\/wp-json\/wp\/v2\/pages\/84\/revisions"}],"predecessor-version":[{"id":1859,"href":"http:\/\/www.amisdeportroyal.org\/societe\/index.php\/wp-json\/wp\/v2\/pages\/84\/revisions\/1859"}],"wp:attachment":[{"href":"http:\/\/www.amisdeportroyal.org\/societe\/index.php\/wp-json\/wp\/v2\/media?parent=84"}],"wp:term":[{"taxonomy":"category","embeddable":true,"href":"http:\/\/www.amisdeportroyal.org\/societe\/index.php\/wp-json\/wp\/v2\/categories?post=84"},{"taxonomy":"post_tag","embeddable":true,"href":"http:\/\/www.amisdeportroyal.org\/societe\/index.php\/wp-json\/wp\/v2\/tags?post=84"}],"curies":[{"name":"wp","href":"https:\/\/api.w.org\/{rel}","templated":true}]}}