{"id":77,"date":"2014-12-22T21:24:48","date_gmt":"2014-12-22T20:24:48","guid":{"rendered":"http:\/\/www.amisdeportroyal.org\/societe\/index.php\/2014\/12\/22\/plan-d-acces-a-port-royal-des\/"},"modified":"2018-10-14T16:58:51","modified_gmt":"2018-10-14T14:58:51","slug":"plan-d-acces-a-port-royal-des","status":"publish","type":"page","link":"http:\/\/www.amisdeportroyal.org\/societe\/index.php\/plan-d-acces-a-port-royal-des\/","title":{"rendered":"Plan d&rsquo;acc\u00e8s \u00e0 Port-Royal des Champs"},"content":{"rendered":"<p>Port-Royal des Champs est facilement accessible, soit par la route, soit par le train.<\/p>\n<ul>\n<li> Par le RER, deux acc\u00e8s possibles:<\/li>\n<\/ul>\n<ol>\n<li> Ligne C, arr\u00eat Saint-Quentin-en-Yvelines<\/li>\n<li> Ligne B, Saint-R\u00e9my-les-Chevreuse<\/li>\n<\/ol>\n<p>Puis: Car SAVAC (t\u00e9l.: 01 30 52 45 00) jusqu&rsquo;aux Granges de Port-Royal, ou autobus 464 arr\u00eat \u00ab\u00a0Buloyer\u00a0\u00bb.<br \/>\nNavette le dimanche.<\/p>\n<ul>\n<li> Par la route:<\/li>\n<\/ul>\n<ol>\n<li> A partir de Paris, autoroute A 13 en direction de Chartres-Rambouillet, sortir \u00e0 Saint-Quentin-en-Yvelines et prendre la direction de Voisins-le-Bretonneux. Port-Royal est \u00e0 2km au sud de Voisins.<\/li>\n<li> A partir de Versailles, on y acc\u00e8de par la d\u00e9partementale 91.<\/li>\n<\/ol>\n<div id='gallery-1' class='gallery galleryid-77 gallery-columns-3 gallery-size-thumbnail'><dl class='gallery-item'>\n\t\t\t<dt class='gallery-icon portrait'>\n\t\t\t\t<a href='http:\/\/www.amisdeportroyal.org\/societe\/wp-content\/uploads\/2010\/12\/plan_moderne_port_royal.jpg'><img width=\"140\" height=\"140\" src=\"http:\/\/www.amisdeportroyal.org\/societe\/wp-content\/uploads\/2010\/12\/plan_moderne_port_royal-150x150.jpg\" class=\"attachment-thumbnail size-thumbnail\" alt=\"Plan de Port-Royal des Champs\" decoding=\"async\" loading=\"lazy\" aria-describedby=\"gallery-1-78\" \/><\/a>\n\t\t\t<\/dt>\n\t\t\t\t<dd class='wp-caption-text gallery-caption' id='gallery-1-78'>\n\t\t\t\tPlan de Port-Royal des Champs\n\t\t\t\t<\/dd><\/dl><dl class='gallery-item'>\n\t\t\t<dt class='gallery-icon landscape'>\n\t\t\t\t<a href='http:\/\/www.amisdeportroyal.org\/societe\/wp-content\/uploads\/2010\/12\/plan_acces_champs.jpg'><img width=\"140\" height=\"140\" src=\"http:\/\/www.amisdeportroyal.org\/societe\/wp-content\/uploads\/2010\/12\/plan_acces_champs-150x150.jpg\" class=\"attachment-thumbnail size-thumbnail\" alt=\"Plan d&#039;acc\u00e8s\" decoding=\"async\" loading=\"lazy\" aria-describedby=\"gallery-1-79\" \/><\/a>\n\t\t\t<\/dt>\n\t\t\t\t<dd class='wp-caption-text gallery-caption' id='gallery-1-79'>\n\t\t\t\tPlan d&rsquo;acc\u00e8s\n\t\t\t\t<\/dd><\/dl>\n\t\t\t<br style='clear: both' \/>\n\t\t<\/div>\n\n","protected":false},"excerpt":{"rendered":"<p>Port-Royal des Champs est facilement accessible, soit par la route, soit par le train. Par le RER, deux acc\u00e8s possibles: Ligne C, arr\u00eat Saint-Quentin-en-Yvelines Ligne B, Saint-R\u00e9my-les-Chevreuse Puis: Car SAVAC (t\u00e9l.: 01 30 52 45 00) jusqu&rsquo;aux Granges de Port-Royal, &hellip; <a href=\"http:\/\/www.amisdeportroyal.org\/societe\/index.php\/plan-d-acces-a-port-royal-des\/\">Continuer la lecture <span class=\"meta-nav\">&rarr;<\/span><\/a><\/p>\n","protected":false},"author":1,"featured_media":78,"parent":0,"menu_order":0,"comment_status":"closed","ping_status":"open","template":"","meta":[],"categories":[23],"tags":[],"_links":{"self":[{"href":"http:\/\/www.amisdeportroyal.org\/societe\/index.php\/wp-json\/wp\/v2\/pages\/77"}],"collection":[{"href":"http:\/\/www.amisdeportroyal.org\/societe\/index.php\/wp-json\/wp\/v2\/pages"}],"about":[{"href":"http:\/\/www.amisdeportroyal.org\/societe\/index.php\/wp-json\/wp\/v2\/types\/page"}],"author":[{"embeddable":true,"href":"http:\/\/www.amisdeportroyal.org\/societe\/index.php\/wp-json\/wp\/v2\/users\/1"}],"replies":[{"embeddable":true,"href":"http:\/\/www.amisdeportroyal.org\/societe\/index.php\/wp-json\/wp\/v2\/comments?post=77"}],"version-history":[{"count":1,"href":"http:\/\/www.amisdeportroyal.org\/societe\/index.php\/wp-json\/wp\/v2\/pages\/77\/revisions"}],"predecessor-version":[{"id":80,"href":"http:\/\/www.amisdeportroyal.org\/societe\/index.php\/wp-json\/wp\/v2\/pages\/77\/revisions\/80"}],"wp:featuredmedia":[{"embeddable":true,"href":"http:\/\/www.amisdeportroyal.org\/societe\/index.php\/wp-json\/wp\/v2\/media\/78"}],"wp:attachment":[{"href":"http:\/\/www.amisdeportroyal.org\/societe\/index.php\/wp-json\/wp\/v2\/media?parent=77"}],"wp:term":[{"taxonomy":"category","embeddable":true,"href":"http:\/\/www.amisdeportroyal.org\/societe\/index.php\/wp-json\/wp\/v2\/categories?post=77"},{"taxonomy":"post_tag","embeddable":true,"href":"http:\/\/www.amisdeportroyal.org\/societe\/index.php\/wp-json\/wp\/v2\/tags?post=77"}],"curies":[{"name":"wp","href":"https:\/\/api.w.org\/{rel}","templated":true}]}}