{"id":74,"date":"2014-12-22T21:24:35","date_gmt":"2014-12-22T20:24:35","guid":{"rendered":"http:\/\/www.amisdeportroyal.org\/societe\/index.php\/2014\/12\/22\/la-chapelle\/"},"modified":"2019-02-05T21:26:45","modified_gmt":"2019-02-05T20:26:45","slug":"la-chapelle","status":"publish","type":"page","link":"http:\/\/www.amisdeportroyal.org\/societe\/index.php\/la-chapelle\/","title":{"rendered":"La chapelle"},"content":{"rendered":"<p>Les ravages du temps ont \u00e9pargn\u00e9 la petite chapelle du monast\u00e8re cistercien de Port-Royal de Paris, qu\u2019on peut encore visiter aujourd\u2019hui, et qui reste un lieu vou\u00e9 au culte (un office y est c\u00e9l\u00e9br\u00e9 chaque dimanche).<\/p>\n<p>Cette chapelle est originale \u00e0 plus d\u2019un titre. Ainsi, la place d\u00e9volue aux la\u00efcs (c\u2019est-\u00e0-dire aux simples chr\u00e9tiens, par opposition aux clercs) est in\u00e9dite : l\u2019architecte Le Paultre a rompu non seulement avec la solution m\u00e9di\u00e9vale, qui rel\u00e9guait le la\u00efc derri\u00e8re un jub\u00e9, au fond de l\u2019\u00c9glise, mais aussi avec la solution la plus fr\u00e9quemment adopt\u00e9e par les \u00e9glises contre-r\u00e9form\u00e9es, et qui consiste \u00e0 placer le public la\u00efc dans une nef construite \u00e0 angle droit par rapport au ch\u0153ur des religieuses : \u00e0 Port-Royal, le la\u00efc est plac\u00e9 juste devant l\u2019autel, et devient donc le premier assistant de l\u2019office.<\/p>\n<p>De tels choix architecturaux sont r\u00e9v\u00e9lateurs de choix eccl\u00e9siologiques du mouvement de Port-Royal : en mettant les la\u00efcs plus pr\u00e8s de l\u2019autel que les religieuses, il s\u2019agit d\u2019amener le la\u00efc \u00e0 des exigences aussi \u00e9lev\u00e9es que celles du clerc. Plac\u00e9 entre les c\u00e9l\u00e9brants et le ch\u0153ur des anges, le la\u00efc est dans une situation spatiale qui souligne autant que faire se peut leur proximit\u00e9 spirituelle. A la diff\u00e9rence des dispositions spatiales retenues dans les autres monast\u00e8res, la chapelle de Port-Royal insiste sur le sacerdoce du la\u00efc commun aux religieuses et aux fid\u00e8les. En ce sens, la chapelle de Port-Royal, lourde d\u2019une signification eccl\u00e9siologique, exprime parfaitement la volont\u00e9 du mouvement d\u2019affirmer l\u2019\u00e9minente dignit\u00e9 du la\u00efc \u00e0 une \u00e9poque o\u00f9 elle est souvent m\u00e9connue.<\/p>\n<p>La chapelle, tout en s&rsquo;inscrivant dans l&rsquo;architecture catholique de son temps, appara\u00eet beaucoup plus sobre et d\u00e9pouill\u00e9e que les autres \u00e9difices religieux qu&rsquo;on construisait alors, et qui s&rsquo;inspiraient des mod\u00e8les tridentins italiens.<br \/>\nPorches d&rsquo;entr\u00e9e, peintures, sculptures originellement pr\u00e9vus par les plans de Le Paultre ont \u00e9t\u00e9 retranch\u00e9s sans doute par souci d&rsquo;\u00e9conomie, mais aussi pour des raisons plus profondes:<\/p>\n<p>d&rsquo;ordre esth\u00e9tique d&rsquo;abord:la sobri\u00e9t\u00e9 de la chapelle de Port-Royal, tout en s&rsquo;inscrivant dans l&rsquo;architecture issue de la R\u00e9forme catholique (elle exalte la Pr\u00e9sence r\u00e9elle et reconna\u00eet une place au la\u00efc), refuse les tendances baroques qui se manifestent alors dans les \u00e9glises consttuites \u00e0 cette \u00e9poque, comme \u00e0 la Sorbonne. La chapelle de Port-Royal est ainsi un t\u00e9moignage du passage d&rsquo;une esth\u00e9tique \u00ab\u00a0baroque\u00a0\u00bb du merveilleux et de la surprise des sens (comme \u00e0 Saint-Louis des j\u00e9suites) \u00e0 une esth\u00e9tique classique des proportions, de la raison et de la logique. La chapelle est ainsi un lien ou se manifeste le refus de l&rsquo;art italien et le passage du baroque au classicisme, si important pour l&rsquo;identit\u00e9 fran\u00e7aice.<\/p>\n<p>d&rsquo;ordre religieux ensuite: il faut voir la marque de Port-Royal dans cette chapelle qui refuse tout triomphalisme pour privil\u00e9gier l&rsquo;int\u00e9riorit\u00e9, et qui conjugue la pauvret\u00e9 spirituelle voulue par les B\u00e9atitudes avec les exigences du go\u00fbt classique en ce qu&rsquo;il a de r\u00e9serv\u00e9 et de sobre. Par cette liaison \u00e9troite entre les exigences de la religion et celles de l&rsquo;art, elle exprime bien, au m\u00eame titre que d&rsquo;autres oeuvres plus connues, le sens de l&rsquo;entreprise de Port-Royal.<\/p>\n<p>Source: Bernard Ch\u00e9dozeau, \u00ab\u00a0La chapelle de Port-Royal de Paris\u00a0\u00bb, in Chroniques de Port-Royal, num\u00e9ro sp\u00e9cial, 1991.<\/p>\n<div id='gallery-1' class='gallery galleryid-74 gallery-columns-3 gallery-size-thumbnail'><dl class='gallery-item'>\n\t\t\t<dt class='gallery-icon portrait'>\n\t\t\t\t<a href='http:\/\/www.amisdeportroyal.org\/societe\/wp-content\/uploads\/2010\/12\/plan_chapelle_grand.jpg'><img width=\"140\" height=\"140\" src=\"http:\/\/www.amisdeportroyal.org\/societe\/wp-content\/uploads\/2010\/12\/plan_chapelle_grand-150x150.jpg\" class=\"attachment-thumbnail size-thumbnail\" alt=\"Plan de la chapelle\" decoding=\"async\" loading=\"lazy\" aria-describedby=\"gallery-1-75\" \/><\/a>\n\t\t\t<\/dt>\n\t\t\t\t<dd class='wp-caption-text gallery-caption' id='gallery-1-75'>\n\t\t\t\tPlan de la chapelle\n\t\t\t\t<\/dd><\/dl>\n\t\t\t<br style='clear: both' \/>\n\t\t<\/div>\n\n","protected":false},"excerpt":{"rendered":"<p>Les ravages du temps ont \u00e9pargn\u00e9 la petite chapelle du monast\u00e8re cistercien de Port-Royal de Paris, qu\u2019on peut encore visiter aujourd\u2019hui, et qui reste un lieu vou\u00e9 au culte (un office y est c\u00e9l\u00e9br\u00e9 chaque dimanche). Cette chapelle est originale &hellip; <a href=\"http:\/\/www.amisdeportroyal.org\/societe\/index.php\/la-chapelle\/\">Continuer la lecture <span class=\"meta-nav\">&rarr;<\/span><\/a><\/p>\n","protected":false},"author":1,"featured_media":75,"parent":0,"menu_order":0,"comment_status":"closed","ping_status":"open","template":"","meta":[],"categories":[22],"tags":[],"_links":{"self":[{"href":"http:\/\/www.amisdeportroyal.org\/societe\/index.php\/wp-json\/wp\/v2\/pages\/74"}],"collection":[{"href":"http:\/\/www.amisdeportroyal.org\/societe\/index.php\/wp-json\/wp\/v2\/pages"}],"about":[{"href":"http:\/\/www.amisdeportroyal.org\/societe\/index.php\/wp-json\/wp\/v2\/types\/page"}],"author":[{"embeddable":true,"href":"http:\/\/www.amisdeportroyal.org\/societe\/index.php\/wp-json\/wp\/v2\/users\/1"}],"replies":[{"embeddable":true,"href":"http:\/\/www.amisdeportroyal.org\/societe\/index.php\/wp-json\/wp\/v2\/comments?post=74"}],"version-history":[{"count":3,"href":"http:\/\/www.amisdeportroyal.org\/societe\/index.php\/wp-json\/wp\/v2\/pages\/74\/revisions"}],"predecessor-version":[{"id":1057,"href":"http:\/\/www.amisdeportroyal.org\/societe\/index.php\/wp-json\/wp\/v2\/pages\/74\/revisions\/1057"}],"wp:featuredmedia":[{"embeddable":true,"href":"http:\/\/www.amisdeportroyal.org\/societe\/index.php\/wp-json\/wp\/v2\/media\/75"}],"wp:attachment":[{"href":"http:\/\/www.amisdeportroyal.org\/societe\/index.php\/wp-json\/wp\/v2\/media?parent=74"}],"wp:term":[{"taxonomy":"category","embeddable":true,"href":"http:\/\/www.amisdeportroyal.org\/societe\/index.php\/wp-json\/wp\/v2\/categories?post=74"},{"taxonomy":"post_tag","embeddable":true,"href":"http:\/\/www.amisdeportroyal.org\/societe\/index.php\/wp-json\/wp\/v2\/tags?post=74"}],"curies":[{"name":"wp","href":"https:\/\/api.w.org\/{rel}","templated":true}]}}