{"id":67,"date":"2014-12-22T21:24:34","date_gmt":"2014-12-22T20:24:34","guid":{"rendered":"http:\/\/www.amisdeportroyal.org\/societe\/index.php\/2014\/12\/22\/l-abbaye-du-faubourg-saint-jacques\/"},"modified":"2019-02-26T11:39:45","modified_gmt":"2019-02-26T10:39:45","slug":"l-abbaye-du-faubourg-saint-jacques","status":"publish","type":"page","link":"http:\/\/www.amisdeportroyal.org\/societe\/index.php\/l-abbaye-du-faubourg-saint-jacques\/","title":{"rendered":"L&rsquo;abbaye du faubourg Saint-Jacques"},"content":{"rendered":"<p><strong>Port-Royal de Paris<br \/>\n123, Bd de Port-Royal, 75014 Paris<\/strong><\/p>\n<p><em>\u00ab\u00a0A l&rsquo;ombre de ce clo\u00eetre et de cette \u00c9glise&#8230;\u00a0\u00bb<\/em><\/p>\n<p>C&rsquo;est le 29 mai 1625 qu&rsquo;une abbesse d\u00e9j\u00e0 c\u00e9l\u00e8bre et surnomm\u00e9e \u00ab\u00a0la sainte Th\u00e9r\u00e8se de C\u00eeteaux\u00a0\u00bb, Ang\u00e9lique Arnauld, fonde, \u00e0 l&rsquo;extr\u00e9mit\u00e9 du faubourg Saint-Jacques, le monast\u00e8re de Port-Royal de Paris. D\u00e8s 1637 viennent s&rsquo;\u00e9tablir \u00e0 ses abords les premiers \u00ab\u00a0Solitaires\u00a0\u00bb. L&rsquo;\u00e9glise, b\u00e2tie de 1646 \u00e0 1648 par Le Pautre, abrite bient\u00f4t une centaine de religieuses. Celles-ci, pour symboliser le pain et le vin du myst\u00e8re eucharistique, adopte en 1647 le scapulaire blanc \u00e0 croix \u00e9carlate, immortalis\u00e9 par les tableaux de Philippe de Champaigne.<\/p>\n<p>Le \u00ab\u00a0groupe\u00a0\u00bb spirituel et culturel le plus prestigieux qu&rsquo;ait connu la culture fran\u00e7aise, le groupe de Port-Royal, est n\u00e9 \u00e0 l&rsquo;ombre de ce clo\u00eetre et de cette \u00e9glise: ce sont des religieuses, Ang\u00e9lique et Agn\u00e8s Arnauld, Jacqueline Pascal, Catherine de Champaigne, qui ont fait graviter autour de ce clo\u00eetre et prier dans cette \u00e9glise Antoine Arnauld, le plus illustre th\u00e9ologien du si\u00e8cle, interlocuteur de Descartes, Malebranche et Leibniz; Le Maistre de Sacy, po\u00e8te et auteur de la plus belle traduction fran\u00e7aise de la Bible; Blaise Pascal, Jean Racine, Philippe et Jean-Baptiste de Champaigne; l&rsquo;une des bienfaitrices, la marquise de Sabl\u00e9, avait install\u00e9 son h\u00f4tel au premier \u00e9tage, au-dessus de la salle du chapitre: son salon accueillait Pascal et La Rochefoucauld, qui commen\u00e7a chez elle \u00e0 \u00e9laborer ses Maximes. L&rsquo;\u00e9clat exceptionnel de ces personnalit\u00e9s appara\u00eet pleinement dans le monument de la critique litt\u00e9raire du XIXe si\u00e8cle, le Port-Royal de de Sainte-Beuve.<\/p>\n<p>Port-Royal \u00e9tait devenu d\u00e8s les ann\u00e9es 1640 l&rsquo;un des foyers europ\u00e9ens de la th\u00e9ologie issue de saint Augustin. Du fait des controverses auxquelles cette th\u00e9ologie donnait lieu depuis un si\u00e8cle, le monast\u00e8re v\u00e9cut des heures dramatiques. C&rsquo;est dans ces murs qu&rsquo;il faut imaginer le coup de force de l&rsquo;archev\u00eaque de Paris, venu le 26 ao\u00fbt 1664 avec deux cents archers pour d\u00e9porter douze religieuses, sc\u00e8ne d&rsquo;o\u00f9 Montherlant a tir\u00e9 son Port-Royal (1954).<\/p>\n<p>Un an plus tard, l&rsquo;\u00e9lite des moniales \u00e9tait emprisonn\u00e9e \u00e0 Port-Royal des Champs, l&rsquo;abbaye proche de Paris qu&rsquo;Ang\u00e9lique Arnauld avait r\u00e9form\u00e9e \u00e0 l&rsquo;\u00e2ge de 17 ans et que Louis XIV fera raser en 1710. Le monast\u00e8re de Paris v\u00e9cut alors une vie effac\u00e9e, jusqu&rsquo;au moment o\u00f9 la R\u00e9volution chassa les religieuses. Devenu un moment prison, les b\u00e2timents trouv\u00e8rent rapidement leur affectation actuelle de Maternit\u00e9. Le clo\u00eetre est intact. Avec l&rsquo;\u00e9glise, le ch\u0153ur des religieuses, la salle du chapitre et les fa\u00e7ades, il a \u00e9t\u00e9 class\u00e9 monument historique en 1931.<\/p>\n<p><em>Il est des lieux o\u00f9 souffle l&rsquo;esprit.<\/em><\/p>\n<p>Source : Philippe Sellier, \u00ab\u00a0Un lieu de m\u00e9moire\u00a0\u00bb, <em>Chroniques de Port-Royal<\/em>, 1991, num\u00e9ro sp\u00e9cial consacr\u00e9 \u00e0 Port-Royal de Paris.)<\/p>\n<p>Dans l&rsquo;enceinte de l&rsquo;h\u00f4pital Cochin subsistent la chapelle, le ch\u0153ur des religieuses, la salle capitulaire, le clo\u00eetre. Une messe est c\u00e9l\u00e9br\u00e9e chaque dimanche \u00e0 10h30 dans la chapelle, de septembre \u00e0 la Pentec\u00f4te.<\/p>\n<div id='gallery-1' class='gallery galleryid-67 gallery-columns-3 gallery-size-thumbnail'><dl class='gallery-item'>\n\t\t\t<dt class='gallery-icon portrait'>\n\t\t\t\t<a href='http:\/\/www.amisdeportroyal.org\/societe\/wp-content\/uploads\/2010\/12\/grille_detail.jpg'><img width=\"140\" height=\"140\" src=\"http:\/\/www.amisdeportroyal.org\/societe\/wp-content\/uploads\/2010\/12\/grille_detail-150x150.jpg\" class=\"attachment-thumbnail size-thumbnail\" alt=\"La grille\" decoding=\"async\" loading=\"lazy\" aria-describedby=\"gallery-1-68\" \/><\/a>\n\t\t\t<\/dt>\n\t\t\t\t<dd class='wp-caption-text gallery-caption' id='gallery-1-68'>\n\t\t\t\tLa grille\n\t\t\t\t<\/dd><\/dl><dl class='gallery-item'>\n\t\t\t<dt class='gallery-icon landscape'>\n\t\t\t\t<a href='http:\/\/www.amisdeportroyal.org\/societe\/wp-content\/uploads\/2010\/12\/plan_pr_paris_grand_format.jpg'><img width=\"140\" height=\"140\" src=\"http:\/\/www.amisdeportroyal.org\/societe\/wp-content\/uploads\/2010\/12\/plan_pr_paris_grand_format-150x150.jpg\" class=\"attachment-thumbnail size-thumbnail\" alt=\"Plan de Port-Royal de Paris\" decoding=\"async\" loading=\"lazy\" aria-describedby=\"gallery-1-69\" \/><\/a>\n\t\t\t<\/dt>\n\t\t\t\t<dd class='wp-caption-text gallery-caption' id='gallery-1-69'>\n\t\t\t\tPlan de Port-Royal de Paris\n\t\t\t\t<\/dd><\/dl><dl class='gallery-item'>\n\t\t\t<dt class='gallery-icon landscape'>\n\t\t\t\t<a href='http:\/\/www.amisdeportroyal.org\/societe\/wp-content\/uploads\/2010\/12\/port_royal_de_paris.jpg'><img width=\"140\" height=\"140\" src=\"http:\/\/www.amisdeportroyal.org\/societe\/wp-content\/uploads\/2010\/12\/port_royal_de_paris-150x150.jpg\" class=\"attachment-thumbnail size-thumbnail\" alt=\"Port-Royal de Paris\" decoding=\"async\" loading=\"lazy\" aria-describedby=\"gallery-1-70\" \/><\/a>\n\t\t\t<\/dt>\n\t\t\t\t<dd class='wp-caption-text gallery-caption' id='gallery-1-70'>\n\t\t\t\tPort-Royal de Paris\n\t\t\t\t<\/dd><\/dl><br style=\"clear: both\" \/><dl class='gallery-item'>\n\t\t\t<dt class='gallery-icon portrait'>\n\t\t\t\t<a href='http:\/\/www.amisdeportroyal.org\/societe\/wp-content\/uploads\/2010\/12\/chroniques_pr_paris.jpg'><img width=\"140\" height=\"140\" src=\"http:\/\/www.amisdeportroyal.org\/societe\/wp-content\/uploads\/2010\/12\/chroniques_pr_paris-150x150.jpg\" class=\"attachment-thumbnail size-thumbnail\" alt=\"Chroniques de Port-Royal\" decoding=\"async\" loading=\"lazy\" aria-describedby=\"gallery-1-71\" \/><\/a>\n\t\t\t<\/dt>\n\t\t\t\t<dd class='wp-caption-text gallery-caption' id='gallery-1-71'>\n\t\t\t\tChroniques de Port-Royal\n\t\t\t\t<\/dd><\/dl>\n\t\t\t<br style='clear: both' \/>\n\t\t<\/div>\n\n","protected":false},"excerpt":{"rendered":"<p>Port-Royal de Paris 123, Bd de Port-Royal, 75014 Paris \u00ab\u00a0A l&rsquo;ombre de ce clo\u00eetre et de cette \u00c9glise&#8230;\u00a0\u00bb C&rsquo;est le 29 mai 1625 qu&rsquo;une abbesse d\u00e9j\u00e0 c\u00e9l\u00e8bre et surnomm\u00e9e \u00ab\u00a0la sainte Th\u00e9r\u00e8se de C\u00eeteaux\u00a0\u00bb, Ang\u00e9lique Arnauld, fonde, \u00e0 l&rsquo;extr\u00e9mit\u00e9 du &hellip; <a href=\"http:\/\/www.amisdeportroyal.org\/societe\/index.php\/l-abbaye-du-faubourg-saint-jacques\/\">Continuer la lecture <span class=\"meta-nav\">&rarr;<\/span><\/a><\/p>\n","protected":false},"author":1,"featured_media":68,"parent":0,"menu_order":0,"comment_status":"closed","ping_status":"open","template":"","meta":[],"categories":[22],"tags":[],"_links":{"self":[{"href":"http:\/\/www.amisdeportroyal.org\/societe\/index.php\/wp-json\/wp\/v2\/pages\/67"}],"collection":[{"href":"http:\/\/www.amisdeportroyal.org\/societe\/index.php\/wp-json\/wp\/v2\/pages"}],"about":[{"href":"http:\/\/www.amisdeportroyal.org\/societe\/index.php\/wp-json\/wp\/v2\/types\/page"}],"author":[{"embeddable":true,"href":"http:\/\/www.amisdeportroyal.org\/societe\/index.php\/wp-json\/wp\/v2\/users\/1"}],"replies":[{"embeddable":true,"href":"http:\/\/www.amisdeportroyal.org\/societe\/index.php\/wp-json\/wp\/v2\/comments?post=67"}],"version-history":[{"count":3,"href":"http:\/\/www.amisdeportroyal.org\/societe\/index.php\/wp-json\/wp\/v2\/pages\/67\/revisions"}],"predecessor-version":[{"id":1875,"href":"http:\/\/www.amisdeportroyal.org\/societe\/index.php\/wp-json\/wp\/v2\/pages\/67\/revisions\/1875"}],"wp:featuredmedia":[{"embeddable":true,"href":"http:\/\/www.amisdeportroyal.org\/societe\/index.php\/wp-json\/wp\/v2\/media\/68"}],"wp:attachment":[{"href":"http:\/\/www.amisdeportroyal.org\/societe\/index.php\/wp-json\/wp\/v2\/media?parent=67"}],"wp:term":[{"taxonomy":"category","embeddable":true,"href":"http:\/\/www.amisdeportroyal.org\/societe\/index.php\/wp-json\/wp\/v2\/categories?post=67"},{"taxonomy":"post_tag","embeddable":true,"href":"http:\/\/www.amisdeportroyal.org\/societe\/index.php\/wp-json\/wp\/v2\/tags?post=67"}],"curies":[{"name":"wp","href":"https:\/\/api.w.org\/{rel}","templated":true}]}}