{"id":666,"date":"2018-09-17T10:00:00","date_gmt":"2018-09-17T08:00:00","guid":{"rendered":"http:\/\/www.amisdeportroyal.org\/societe\/index.php\/2018\/09\/17\/port-royal-et-la-saintete-xviie\/"},"modified":"2018-10-14T20:01:47","modified_gmt":"2018-10-14T18:01:47","slug":"port-royal-et-la-saintete-xviie","status":"publish","type":"page","link":"http:\/\/www.amisdeportroyal.org\/societe\/index.php\/port-royal-et-la-saintete-xviie\/","title":{"rendered":"Colloque 2018 : Port-Royal et la saintet\u00e9 (XVIIe &#8211; XVIIIe si\u00e8cles)"},"content":{"rendered":"<p>Organisation: Olivier Andurand, Philippe Luez et Eric Suire.<\/p>\n<p>Les communications s&rsquo;articulent autour de quatre axes d&rsquo;\u00e9tude: th\u00e9ologique, litt\u00e9raire, politique et artistique.<\/p>\n<p>Le colloque entend examiner les particularit\u00e9s du discours jans\u00e9niste sur cet enjeu essentiel de la vie chr\u00e9tienne et du combat port\u00e9 par la frange la plus augustinienne du catholicisme moderne. La r\u00e9flexion doit n\u00e9cessairement s\u2019inscrire dans une perspective pluridisciplinaire croisant les approches des th\u00e9ologiens, historiens, historiens de l\u2019art et sp\u00e9cialistes de la litt\u00e9rature et de la philosophie<\/p>\n<p>Le colloque aura lieu \u00e0 Port-Royal des Champs les 11 et 12 octobre 2018.<\/p>\n<h2>PROGRAMME<\/h2>\n<p>Organisation: Olivier Andurand, Philippe Luez et Eric Suire.<\/p>\n<h2>Jeudi 11 octobre 2018<\/h2>\n<p>9h45<br \/>\nIntroduction. Olivier ANDURAND, Philippe LUEZ,<\/p>\n<p><strong>Les repr\u00e9sentations de la saintet\u00e9 chez les ma\u00eetres de spiritualit\u00e9<br \/>\nde Port-Royal<\/strong><\/p>\n<p>10h00<br \/>\nBlandine DELAHAYE. B\u00e9rulle et la saintet\u00e9<\/p>\n<p>10h30<br \/>\nDenis DONETZKOFF. Saint-Cyran et la saintet\u00e9<\/p>\n<p>Discussion \/ Pause<\/p>\n<p>11h30<br \/>\nThomas More HARRINGTON. Les deux M\u00e9morial de Blaise Pascal<\/p>\n<p>12h00<br \/>\nGrazia GRASSO. La perfection de la vie chr\u00e9tienne chez Pietro Tamburini<br \/>\nDiscussion<\/p>\n<p><strong>Port-Royal, une \u00e9cole de saintet\u00e9<\/strong><\/p>\n<p>14h30<br \/>\nPascale THOUVENIN. M\u00e9moires et vies de saints \u00e0 Port-Royal : une \u00e9criture de v\u00e9rit\u00e9<\/p>\n<p>15h00<br \/>\nShangxiu WU. Mme de Chaz\u00e9, sainte des temps modernes : sa Vie in\u00e9dite par Ang\u00e9lique de Saint-Jean<\/p>\n<p>Discussion \/ Pause<\/p>\n<p>16h00<br \/>\nJean-Robert ARMOGATHE. Port-Royal et les reliques<\/p>\n<p>16h30<br \/>\nChristine GOUZI. Les caricatures des gravures hagiographiques jans\u00e9nistes \u00e0 la fin du XVIIIe si\u00e8cle<\/p>\n<h2>Vendredi 12 octobre<\/h2>\n<p><strong>Le magist\u00e8re romain, Port-Royal et les pol\u00e9miques autour de la saintet\u00e9<\/strong><\/p>\n<p>9h30<br \/>\nNicolas GUYARD. Trahie par l\u2019hagiographie ? Les Dames maltaises de Toulouse et sainte Fleur<\/p>\n<p>10h00<br \/>\n\u00c9ric SUIRE. Le soup\u00e7on de jans\u00e9nisme dans les proc\u00e8s de canonisation<br \/>\ndes serviteurs de Dieu fran\u00e7ais de l\u2019\u00e9poque moderne<\/p>\n<p>Discussion \/ Pause<\/p>\n<p>11h00<br \/>\nOlivier ANDURAND. La guerre des saints : Marguerite-Marie et le diacre Paris<\/p>\n<p>11h30<br \/>\nMichel VAN MEERBEECK. La saintet\u00e9 sacerdotale selon Jean Soanen et ses pr\u00e9d\u00e9cesseurs<\/p>\n<p>Discussion<\/p>\n<p>12h15<br \/>\n\u00c9ric SUIRE. Conclusions<\/p>\n","protected":false},"excerpt":{"rendered":"<p>Organisation: Olivier Andurand, Philippe Luez et Eric Suire. Les communications s&rsquo;articulent autour de quatre axes d&rsquo;\u00e9tude: th\u00e9ologique, litt\u00e9raire, politique et artistique. Le colloque entend examiner les particularit\u00e9s du discours jans\u00e9niste sur cet enjeu essentiel de la vie chr\u00e9tienne et du &hellip; <a href=\"http:\/\/www.amisdeportroyal.org\/societe\/index.php\/port-royal-et-la-saintete-xviie\/\">Continuer la lecture <span class=\"meta-nav\">&rarr;<\/span><\/a><\/p>\n","protected":false},"author":1,"featured_media":665,"parent":0,"menu_order":0,"comment_status":"closed","ping_status":"open","template":"","meta":[],"categories":[9],"tags":[37],"_links":{"self":[{"href":"http:\/\/www.amisdeportroyal.org\/societe\/index.php\/wp-json\/wp\/v2\/pages\/666"}],"collection":[{"href":"http:\/\/www.amisdeportroyal.org\/societe\/index.php\/wp-json\/wp\/v2\/pages"}],"about":[{"href":"http:\/\/www.amisdeportroyal.org\/societe\/index.php\/wp-json\/wp\/v2\/types\/page"}],"author":[{"embeddable":true,"href":"http:\/\/www.amisdeportroyal.org\/societe\/index.php\/wp-json\/wp\/v2\/users\/1"}],"replies":[{"embeddable":true,"href":"http:\/\/www.amisdeportroyal.org\/societe\/index.php\/wp-json\/wp\/v2\/comments?post=666"}],"version-history":[{"count":2,"href":"http:\/\/www.amisdeportroyal.org\/societe\/index.php\/wp-json\/wp\/v2\/pages\/666\/revisions"}],"predecessor-version":[{"id":852,"href":"http:\/\/www.amisdeportroyal.org\/societe\/index.php\/wp-json\/wp\/v2\/pages\/666\/revisions\/852"}],"wp:featuredmedia":[{"embeddable":true,"href":"http:\/\/www.amisdeportroyal.org\/societe\/index.php\/wp-json\/wp\/v2\/media\/665"}],"wp:attachment":[{"href":"http:\/\/www.amisdeportroyal.org\/societe\/index.php\/wp-json\/wp\/v2\/media?parent=666"}],"wp:term":[{"taxonomy":"category","embeddable":true,"href":"http:\/\/www.amisdeportroyal.org\/societe\/index.php\/wp-json\/wp\/v2\/categories?post=666"},{"taxonomy":"post_tag","embeddable":true,"href":"http:\/\/www.amisdeportroyal.org\/societe\/index.php\/wp-json\/wp\/v2\/tags?post=666"}],"curies":[{"name":"wp","href":"https:\/\/api.w.org\/{rel}","templated":true}]}}