{"id":650,"date":"2017-09-21T17:29:57","date_gmt":"2017-09-21T15:29:57","guid":{"rendered":"http:\/\/www.amisdeportroyal.org\/societe\/index.php\/2017\/09\/21\/colloque-2017-port-royal-et-la\/"},"modified":"2018-10-14T18:01:35","modified_gmt":"2018-10-14T16:01:35","slug":"colloque-2017-port-royal-et-la","status":"publish","type":"page","link":"http:\/\/www.amisdeportroyal.org\/societe\/index.php\/colloque-2017-port-royal-et-la\/","title":{"rendered":"Colloque 2017: Port-Royal et la R\u00e9publique (1940-1629)"},"content":{"rendered":"<p><strong>PORT-ROYAL ET LA REPUBLIQUE : 1940-1629 ?<\/strong><\/p>\n<p><strong>Colloque de la Soci\u00e9t\u00e9 des Amis de Port-Royal, organis\u00e9 par Simon Icard, Guillaume M\u00e9tayer et Laurence Plazenet, avec le soutien du Centre d&rsquo;Etude de la Langue et des Litt\u00e9ratures Fran\u00e7aises.<\/strong><\/p>\n<p>Port-Royal fut-il r\u00e9publicain ? La question est souvent balay\u00e9e d\u2019embl\u00e9e pour son anachronisme. Pourtant, il a bien exist\u00e9 un Port-Royal r\u00e9publicain : celui que la troisi\u00e8me R\u00e9publique a int\u00e9gr\u00e9 dans son panth\u00e9on la\u00efc, un Port-Royal h\u00e9rit\u00e9 du roman national \u00e9labor\u00e9 au cours du XIXe si\u00e8cle et, non seulement compatible avec l\u2019id\u00e9al r\u00e9publicain, mais \u00e9rig\u00e9 en institution litt\u00e9raire autour des figures de Pascal et de Racine. Est-il possible de n\u2019y voir qu\u2019une \u00e9laboration m\u00e9morielle d\u00e9su\u00e8te ? Pour \u00e9tudier le sujet lancinant du rapport de Port-Royal au mythe r\u00e9publicain, il para\u00eet imp\u00e9ratif de commencer par s\u2019interroger sur le rapport de la R\u00e9publique au mythe port-royaliste, d\u2019en \u00e9lucider les chim\u00e8res aussi bien que, peut-\u00eatre, les intuitions f\u00e9condes et les ambigu\u00eft\u00e9s dynamiques. Le colloque \u00ab Port-Royal et la R\u00e9publique \u00bb se propose donc de suivre exceptionnellement une perspective chronologique \u00e0 rebours : il s\u2019emploiera \u00e0 remonter du cr\u00e9puscule de la IIIe R\u00e9publique \u00e0 l\u2019instauration de l\u2019\u00e9lection triennale de l\u2019abbesse du monast\u00e8re, en explorant les potentialit\u00e9s r\u00e9publicaines de Port-Royal, telles qu\u2019elles ont pu se manifester ou \u00eatre foment\u00e9es durant trois si\u00e8cles, sans masquer la part d\u2019occultation et de relectures qui en \u00e9taient le prix. . Interroger le rapport de la R\u00e9publique \u00e0 Port-Royal, c\u2019est aussi interroger la posture critique \u00e0 l\u2019origine des \u00e9tudes port-royalistes, bien plus complexe qu\u2019une quelconque nostalgie th\u00e9ologique ou religieuse.<\/p>\n<p><strong>PROGRAMME DU COLLOQUE<\/strong><\/p>\n<p><strong>Jeudi 12 octobre 2017<\/strong><\/p>\n<p>Sorbonne, salle des actes, 1, rue Victor Cousin, Paris Ve<\/p>\n<p>9h-12h<\/p>\n<p>Simon Icard &#8211; Introduction : Port-Royal \u2013 R\u00e9publique, aller-retour<\/p>\n<p>Laurent Fedi &#8211; Port-Royal, un mod\u00e8le identificatoire chez les philosophes et p\u00e9dagogues de la IIIe R\u00e9publique<\/p>\n<p>Simon Icard &#8211; Port-Royal, l\u2019\u00c9glise et la R\u00e9publique : histoire d\u2019un ralliement<\/p>\n<p>Philippe Luez &#8211; La mise en image de Port-Royal sous la IIIe R\u00e9publique<\/p>\n<p>14h-17h30<\/p>\n<p>Guillaume M\u00e9tayer &#8211; Anatole France et Pascal<\/p>\n<p>Alexandre de Vitry &#8211; Port-Royal selon Charles P\u00e9guy<\/p>\n<p>Christophe Corbier &#8211; Questions politiques et p\u00e9dagogiques: Renan et les messieurs de Port-Royal<\/p>\n<p>Alain Laqui\u00e8ze &#8211; Les r\u00e9publicains de 1848 et Port-Royal<\/p>\n<p>Val\u00e9rie Guittienne-M\u00fcrger &#8211; L&rsquo;\u00c9vangile et la Libert\u00e9 : Port-Royal, la Constitution civile du clerg\u00e9 et l&rsquo;histoire de la R\u00e9volution fran\u00e7aise sous la Restauration<\/p>\n<p><strong>Vendredi 13 octobre 2017<\/strong><\/p>\n<p>Sorbonne, salle des actes, 1, rue Victor Cousin, Paris Ve<\/p>\n<p>9h-12h<\/p>\n<p>Jean Dubray &#8211; Christianisme et R\u00e9publique. Leurs affinit\u00e9s profondes selon l\u2019abb\u00e9 Gr\u00e9goire<\/p>\n<p>Monique Cottret &#8211; De la R\u00e9publique chr\u00e9tienne \u00e0 la R\u00e9publique citoyenne : les mille et une facettes politiques du pr\u00e9tendu jans\u00e9nisme<\/p>\n<p>Fabien Vandermarcq &#8211; Le P\u00e9rou en mer du Nord : Noorstrandt, une utopie jans\u00e9niste ?<\/p>\n<p>Laurent Thirouin &#8211; La R\u00e9publique et le nombre : Pascal penseur de la pluralit\u00e9<\/p>\n<p>14h-17h30<\/p>\n<p>Laurence Plazenet &#8211; L\u2019\u00e9lection de l\u2019abbesse \u00e0 Port-Royal : soumission \u00e0 Dieu, contestation politique ?<\/p>\n<p>Jean-Louis Quantin &#8211; Port-Royal et les R\u00e9volutions anglaises<\/p>\n<p>Cl\u00e9ment Van Hamme &#8211; Port-Royal et la R\u00e9publique de Venise<\/p>\n<p>Thierry Issartel &#8211; Port-Royal, parti \u201cr\u00e9publicain\u201d ? Du soup\u00e7on \u00e0 l&rsquo;accusation. Les \u00e9crivains anti-port-royalistes et la d\u00e9nonciation politique du jans\u00e9nisme de 1652 \u00e0 1715<\/p>\n<p>Conclusions : Guillaume M\u00e9tayer, Laurence Plazenet<\/p>\n<p>Entr\u00e9e libre. Inscription aupr\u00e8s de : jdemathan@gmail.com (contr\u00f4le nominatif \u00e0 l&rsquo;ent\u00e9e de la Sorbonne)<\/p>\n<p><strong>Edit juillet 2018<\/strong><\/p>\n<p>Les actes du colloque sont <a href=\"http:\/\/www.amisdeportroyal.org\/societe\/?Port-Royal-et-la-Republique-1940.html\">d\u00e9sormais publi\u00e9s<\/a><\/p>\n","protected":false},"excerpt":{"rendered":"<p>PORT-ROYAL ET LA REPUBLIQUE : 1940-1629 ? Colloque de la Soci\u00e9t\u00e9 des Amis de Port-Royal, organis\u00e9 par Simon Icard, Guillaume M\u00e9tayer et Laurence Plazenet, avec le soutien du Centre d&rsquo;Etude de la Langue et des Litt\u00e9ratures Fran\u00e7aises. Port-Royal fut-il r\u00e9publicain &hellip; <a href=\"http:\/\/www.amisdeportroyal.org\/societe\/index.php\/colloque-2017-port-royal-et-la\/\">Continuer la lecture <span class=\"meta-nav\">&rarr;<\/span><\/a><\/p>\n","protected":false},"author":1,"featured_media":649,"parent":0,"menu_order":0,"comment_status":"closed","ping_status":"open","template":"","meta":[],"categories":[9],"tags":[37],"_links":{"self":[{"href":"http:\/\/www.amisdeportroyal.org\/societe\/index.php\/wp-json\/wp\/v2\/pages\/650"}],"collection":[{"href":"http:\/\/www.amisdeportroyal.org\/societe\/index.php\/wp-json\/wp\/v2\/pages"}],"about":[{"href":"http:\/\/www.amisdeportroyal.org\/societe\/index.php\/wp-json\/wp\/v2\/types\/page"}],"author":[{"embeddable":true,"href":"http:\/\/www.amisdeportroyal.org\/societe\/index.php\/wp-json\/wp\/v2\/users\/1"}],"replies":[{"embeddable":true,"href":"http:\/\/www.amisdeportroyal.org\/societe\/index.php\/wp-json\/wp\/v2\/comments?post=650"}],"version-history":[{"count":1,"href":"http:\/\/www.amisdeportroyal.org\/societe\/index.php\/wp-json\/wp\/v2\/pages\/650\/revisions"}],"predecessor-version":[{"id":839,"href":"http:\/\/www.amisdeportroyal.org\/societe\/index.php\/wp-json\/wp\/v2\/pages\/650\/revisions\/839"}],"wp:featuredmedia":[{"embeddable":true,"href":"http:\/\/www.amisdeportroyal.org\/societe\/index.php\/wp-json\/wp\/v2\/media\/649"}],"wp:attachment":[{"href":"http:\/\/www.amisdeportroyal.org\/societe\/index.php\/wp-json\/wp\/v2\/media?parent=650"}],"wp:term":[{"taxonomy":"category","embeddable":true,"href":"http:\/\/www.amisdeportroyal.org\/societe\/index.php\/wp-json\/wp\/v2\/categories?post=650"},{"taxonomy":"post_tag","embeddable":true,"href":"http:\/\/www.amisdeportroyal.org\/societe\/index.php\/wp-json\/wp\/v2\/tags?post=650"}],"curies":[{"name":"wp","href":"https:\/\/api.w.org\/{rel}","templated":true}]}}