{"id":65,"date":"2014-12-22T21:27:27","date_gmt":"2014-12-22T20:27:27","guid":{"rendered":"http:\/\/www.amisdeportroyal.org\/societe\/index.php\/2014\/12\/22\/organisation\/"},"modified":"2026-04-29T16:53:45","modified_gmt":"2026-04-29T14:53:45","slug":"organisation","status":"publish","type":"page","link":"http:\/\/www.amisdeportroyal.org\/societe\/index.php\/organisation\/","title":{"rendered":"Organisation"},"content":{"rendered":"<p><strong>Pr\u00e9sidente<\/strong>: Laurence Plazenet<\/p>\n<p><strong>Vice-pr\u00e9sident<\/strong> : Ghislain Deslandes<\/p>\n<p><strong>Secr\u00e9taire g\u00e9n\u00e9ral<\/strong> : Pierre Lyraud<\/p>\n<p><strong>Tr\u00e9sori\u00e8re<\/strong> : Fran\u00e7oise Pouge-Bellais<\/p>\n<p><strong>Membres du conseil d\u2019administration<\/strong> :<br \/>\nGuy Basset, Constance Cagnat-Deboeuf, Jean-Paul Combet, Agn\u00e8s Cousson, H\u00e9l\u00e8ne Michon, Alain Mollard, Jean-Beno\u00eet Poulle, Nils Renard, Anne-Laure Sellier, Patricia Touboul, Fabien Vandermarcq, Anne-Claire Volongo, \u00c9lisabeth Vuillemin.<\/p>\n<p><strong>Membres de droit du conseil<\/strong> :<br \/>\n<em>la r\u00e9dactrice en chef des <\/em>Chroniques : Pascale Thouvenin<br \/>\n<em>le conservateur du Mus\u00e9e des Granges<\/em> : Nathalie Genet-Rouffiac<br \/>\n<em>le repr\u00e9sentant du Centre international Blaise Pascal<\/em> : Laurent Thirouin<\/p>\n<p><strong>Membres d\u2019honneur du conseil<\/strong> :<br \/>\nV\u00e9ronique Al\u00e9many, Andr\u00e9 Blanc, H\u00e9l\u00e8ne Bouchilloux, Bernard Gazier, Jean de Mathan, Marie-Jos\u00e9 Michel, Christian P\u00e9ligry, Th\u00e9r\u00e8se Picquenard, Yann Sordet.<\/p>\n<p><strong>Pr\u00e9sidents d\u2019honneur du conseil<\/strong> :<br \/>\nJean Mesnard (\u2020),<br \/>\nPhilippe Sellier (\u2020),<br \/>\nG\u00e9rard Ferreyrolles,<br \/>\nJean Lesaulnier,<br \/>\nSimon Icard<\/p>\n<p><strong>Site internet <\/strong>:<strong><br \/>\n<\/strong><em>directrice de publication: <\/em>Laurence Plazenet<br \/>\n<em>conception et administration du site<\/em>: Tony Gheeraert (2001-2024)<\/p>\n<p><em>En l&rsquo;absence d&rsquo;autre signature, les textes du site publi\u00e9s ant\u00e9rieurement \u00e0 2025 sont de la plume de Tony Gheeraert (CC-BY)<\/em><\/p>\n","protected":false},"excerpt":{"rendered":"<p>Pr\u00e9sidente: Laurence Plazenet Vice-pr\u00e9sident : Ghislain Deslandes Secr\u00e9taire g\u00e9n\u00e9ral : Pierre Lyraud Tr\u00e9sori\u00e8re : Fran\u00e7oise Pouge-Bellais Membres du conseil d\u2019administration : Guy Basset, Constance Cagnat-Deboeuf, Jean-Paul Combet, Agn\u00e8s Cousson, H\u00e9l\u00e8ne Michon, Alain Mollard, Jean-Beno\u00eet Poulle, Nils Renard, Anne-Laure Sellier, Patricia &hellip; <a href=\"http:\/\/www.amisdeportroyal.org\/societe\/index.php\/organisation\/\">Continuer la lecture <span class=\"meta-nav\">&rarr;<\/span><\/a><\/p>\n","protected":false},"author":1,"featured_media":64,"parent":0,"menu_order":0,"comment_status":"closed","ping_status":"open","template":"","meta":[],"categories":[6],"tags":[],"_links":{"self":[{"href":"http:\/\/www.amisdeportroyal.org\/societe\/index.php\/wp-json\/wp\/v2\/pages\/65"}],"collection":[{"href":"http:\/\/www.amisdeportroyal.org\/societe\/index.php\/wp-json\/wp\/v2\/pages"}],"about":[{"href":"http:\/\/www.amisdeportroyal.org\/societe\/index.php\/wp-json\/wp\/v2\/types\/page"}],"author":[{"embeddable":true,"href":"http:\/\/www.amisdeportroyal.org\/societe\/index.php\/wp-json\/wp\/v2\/users\/1"}],"replies":[{"embeddable":true,"href":"http:\/\/www.amisdeportroyal.org\/societe\/index.php\/wp-json\/wp\/v2\/comments?post=65"}],"version-history":[{"count":19,"href":"http:\/\/www.amisdeportroyal.org\/societe\/index.php\/wp-json\/wp\/v2\/pages\/65\/revisions"}],"predecessor-version":[{"id":3571,"href":"http:\/\/www.amisdeportroyal.org\/societe\/index.php\/wp-json\/wp\/v2\/pages\/65\/revisions\/3571"}],"wp:featuredmedia":[{"embeddable":true,"href":"http:\/\/www.amisdeportroyal.org\/societe\/index.php\/wp-json\/wp\/v2\/media\/64"}],"wp:attachment":[{"href":"http:\/\/www.amisdeportroyal.org\/societe\/index.php\/wp-json\/wp\/v2\/media?parent=65"}],"wp:term":[{"taxonomy":"category","embeddable":true,"href":"http:\/\/www.amisdeportroyal.org\/societe\/index.php\/wp-json\/wp\/v2\/categories?post=65"},{"taxonomy":"post_tag","embeddable":true,"href":"http:\/\/www.amisdeportroyal.org\/societe\/index.php\/wp-json\/wp\/v2\/tags?post=65"}],"curies":[{"name":"wp","href":"https:\/\/api.w.org\/{rel}","templated":true}]}}