{"id":60,"date":"2010-09-20T12:09:49","date_gmt":"2010-09-20T10:09:49","guid":{"rendered":"http:\/\/www.amisdeportroyal.org\/societe\/index.php\/2010\/09\/20\/site-des-publications-en-ligne\/"},"modified":"2022-07-03T17:44:15","modified_gmt":"2022-07-03T15:44:15","slug":"site-des-publications-en-ligne","status":"publish","type":"page","link":"http:\/\/www.amisdeportroyal.org\/societe\/index.php\/site-des-publications-en-ligne\/","title":{"rendered":"Site des publications en ligne"},"content":{"rendered":"<p><em>La biblioth\u00e8que \u00e9lectronique (ISSN 1776-0755) a \u00e9t\u00e9 affect\u00e9e par l&rsquo;incendie d&rsquo;OVH survenu en mars 2021. Elle est actuellement en cours de d\u00e9m\u00e9nagement. Une grande partie des anciens contenus, initialement parus entre 2006 et 2018, est rendue provisoirement disponible sur la pr\u00e9sente page.<br \/>\nLa Biblioth\u00e8que n&rsquo;accueille plus pour le moment de nouvelles contributions.<\/em><\/p>\n<h3>Travaux de Jean Lesaulnier<\/h3>\n<h4>1. Editions de texte<\/h4>\n<ul>\n<li><a href=\"http:\/\/www.amisdeportroyal.org\/societe\/wp-content\/uploads\/2021\/03\/lesaulnier_gilles_chesnay.pdf\">La r\u00e9tractation du Formulaire d\u2019un chapelain du Chesnay, Guillaume Gilles, en 1670<\/a><\/li>\n<li><a href=\"http:\/\/www.amisdeportroyal.org\/societe\/wp-content\/uploads\/2021\/03\/lesaulnier_clemencet.pdf\">La vie de Claude Lancelot, Solitaire de Port-Royal, par le b\u00e9n\u00e9dictin don Cl\u00e9mencet<\/a><\/li>\n<li><a href=\"http:\/\/www.amisdeportroyal.org\/societe\/wp-content\/uploads\/2021\/03\/Version-imprimable-_-Extraits-des-Const...pdf\">Extraits des\u00a0Constitutions du monast\u00e8re de Port-Royal du Saint-Sacrement<\/a><\/li>\n<li><a href=\"http:\/\/www.amisdeportroyal.org\/societe\/wp-content\/uploads\/2021\/03\/lesaulnier_fin_sainte_abbesse.pdf\">La fin d&rsquo;une sainte abbesse<\/a><\/li>\n<li><a href=\"http:\/\/www.amisdeportroyal.org\/societe\/wp-content\/uploads\/2021\/03\/Version-imprimable-_-Lettre-in\u00e9dite-de-...pdf\">Lettre in\u00e9dite de l\u2019abb\u00e9 de Saint-Cyran \u00e0 M.\u00a0d\u2019Andilly, sur la mort de B\u00e9rulle (6 octobre 1629).<\/a><\/li>\n<li><a href=\"http:\/\/www.amisdeportroyal.org\/societe\/wp-content\/uploads\/2021\/03\/Version-imprimable-_-Trois-lettres-in\u00e9dites-de-Jean-Racine-1693.pdf\">Trois lettres in\u00e9dites de Jean Racine, 1693<\/a><\/li>\n<\/ul>\n<h4>2. La vie quotidienne \u00e0 Port-Royal<\/h4>\n<ul>\n<li><a href=\"http:\/\/www.amisdeportroyal.org\/societe\/wp-content\/uploads\/2021\/03\/bepr_1_2009_lesaulnier.pdf\">La vie quotidienne \u00e0 l\u2019abbaye de Port-Royal (I). Un incendie \u00e0 Port-Royal des Champs (13 mars 1674)<\/a><\/li>\n<li><a href=\"http:\/\/www.amisdeportroyal.org\/societe\/wp-content\/uploads\/2021\/03\/bepr_1_2009_lesaulnier.pdf\">La vie quotidienne \u00e0 l\u2019abbaye de Port-Royal (II). De Paris \u00e0 Port-Royal des Champs (vendredi 3 juillet 1665)<\/a><\/li>\n<li><a href=\"http:\/\/www.amisdeportroyal.org\/societe\/wp-content\/uploads\/2022\/07\/bepr_2008_3_lesaunier.pdf\">Un ami de Port-Royal, Pierre Thomas du Foss\u00e9,au Mont-Saint-Michel. R\u00e9cit de voyage (1691)<\/a><\/li>\n<\/ul>\n<h4>3. Port-Royal et les r\u00eaves<\/h4>\n<ul>\n<li><a href=\"http:\/\/www.amisdeportroyal.org\/societe\/wp-content\/uploads\/2021\/03\/pr_reves_1.pdf\">Port-Royal et les r\u00eaves (I)<\/a><\/li>\n<li><a href=\"http:\/\/www.amisdeportroyal.org\/societe\/wp-content\/uploads\/2021\/03\/bepr_2008_1_pr_reves_2.pdf\">Port-Royal et les r\u00eaves (II)<\/a><\/li>\n<li><a href=\"http:\/\/www.amisdeportroyal.org\/societe\/wp-content\/uploads\/2021\/03\/bepr_2009_9_pr_reves_4.pdf\">Port-Royal et les r\u00eaves (III)<\/a><\/li>\n<li><a href=\"http:\/\/www.amisdeportroyal.org\/societe\/wp-content\/uploads\/2021\/03\/bepr_2009_9_pr_reves_3.pdf\">Port-Royal et les r\u00eaves (IV)<\/a><\/li>\n<li><a href=\"http:\/\/www.amisdeportroyal.org\/societe\/wp-content\/uploads\/2021\/03\/Version-imprimable-_-Port-Royal-et-les-r\u00eaves-V.pdf\">Port-Royal et les r\u00eaves (V)<\/a><\/li>\n<\/ul>\n<h4>4. Portraits<\/h4>\n<ul>\n<li><a href=\"http:\/\/www.amisdeportroyal.org\/societe\/wp-content\/uploads\/2021\/03\/bepr_4_2009_lesaulnier.pdf\">Qui est Monsieur Paulon, confesseur des religieuses de 1661 \u00e0 1664\u00a0?<\/a><\/li>\n<li><a href=\"http:\/\/www.amisdeportroyal.org\/societe\/wp-content\/uploads\/2021\/03\/Version-imprimable-_-Une-\u00ab-bonne-famill...pdf\">Une \u00ab\u00a0bonne famille\u00a0\u00bb\u00a0: Les vingt enfants de l\u2019avocat Antoine Arnauld et de Catherine Marion<\/a><\/li>\n<li><a href=\"http:\/\/www.amisdeportroyal.org\/societe\/wp-content\/uploads\/2021\/03\/Version-imprimable-_-Un-nouveau-portrait-du-th\u00e9ologien-Antoine-Arnauld-_.pdf\">Un nouveau portrait du th\u00e9ologien Antoine Arnauld\u00a0?, Lettre d\u2019une religieuse de Port-Royal des Champs, Elisabeth Le F\u00e9ron \u00e0 Jean Racine (28 juillet 1691).<\/a><\/li>\n<\/ul>\n<h4>5. Divers<\/h4>\n<ul>\n<li><a href=\"http:\/\/www.amisdeportroyal.org\/societe\/wp-content\/uploads\/2021\/03\/lesaulnier_collections.pdf\">Les collections manuscrites de la Biblioth\u00e8que de Port-Royal<\/a><\/li>\n<li><a href=\"http:\/\/www.amisdeportroyal.org\/societe\/wp-content\/uploads\/2021\/03\/bepr_5_2009_lesaulnier.pdf\">O\u00f9 est pass\u00e9e la Sainte-Epine de Port-Royal de Paris\u00a0? Un vol pr\u00e9m\u00e9dit\u00e9. Contribution \u00e0 l\u2019histoire de la relique<\/a><\/li>\n<\/ul>\n<h3>Travaux de Philippe Moulis<\/h3>\n<ul>\n<li><a href=\"http:\/\/www.amisdeportroyal.org\/societe\/wp-content\/uploads\/2021\/03\/bepr_2009_11_moulis_trois_etudes.pdf\">Trois \u00e9tudes sur le jans\u00e9nisme dans le dioc\u00e8se de Boulogne-sur-mer au XVIIe\u00a0si\u00e8cle<\/a><\/li>\n<li><a href=\"http:\/\/www.amisdeportroyal.org\/societe\/wp-content\/uploads\/2021\/03\/bepr_7_2009_moulis.pdf\">Le jans\u00e9nisme chez les Ch\u2019ti\u00a0: Lattre d\u2019en paygean d\u2019Artouo, acrite \u00e0 M.\u00a0*** au sugiet de queuque cose<\/a><\/li>\n<li><a href=\"http:\/\/www.amisdeportroyal.org\/societe\/wp-content\/uploads\/2021\/03\/moulis_boulogne_2010.pdf\">Le courant jans\u00e9niste dans le dioc\u00e8se de Boulogne\u00a0: singularit\u00e9s provinciales<\/a><\/li>\n<li><a href=\"http:\/\/www.amisdeportroyal.org\/societe\/wp-content\/uploads\/2021\/03\/Version-imprimable-_-Chanson.pdf\">Chanson<\/a><\/li>\n<li><em><a href=\"http:\/\/www.amisdeportroyal.org\/societe\/wp-content\/uploads\/2021\/03\/Version-imprimable-_-De-Paris-au-nord-d...pdf\">De Paris au nord de la France\u00a0: Nicolas Ladvocat-Billiad, \u00e9v\u00eaque de Boulogne-sur-mer de 1677-1681<\/a><\/em><\/li>\n<li><a href=\"http:\/\/www.amisdeportroyal.org\/societe\/wp-content\/uploads\/2021\/03\/Version-imprimable-_-Les-fronti\u00e8res-de-...pdf\">Les fronti\u00e8res de la catholicit\u00e9\u00a0: jans\u00e9nisme et violences au XVIIIe\u00a0si\u00e8cle dans le nord de la France<\/a><\/li>\n<\/ul>\n<h3>Travaux de Mich\u00e8le Bretz<\/h3>\n<h4>1. Editions<\/h4>\n<ul>\n<li><a href=\"http:\/\/www.amisdeportroyal.org\/societe\/wp-content\/uploads\/2021\/03\/Version-imprimable-_-Une-victime-de-la-...pdf\">Une victime de la bulle Unigenitus\u00a0: la s\u0153ur Marie des Forges, Annonciade de Boulogne.<\/a><\/li>\n<li><a href=\"http:\/\/www.amisdeportroyal.org\/societe\/wp-content\/uploads\/2021\/03\/bretz_rebellion_fondatrice.pdf\">La r\u00e9bellion fondatrice de Port-Royal\u00a0: la journ\u00e9e du Guichet.<\/a><\/li>\n<\/ul>\n<h4>2. Contributions<\/h4>\n<ul>\n<li><a href=\"http:\/\/www.amisdeportroyal.org\/societe\/wp-content\/uploads\/2021\/03\/Version-imprimable-_-Th\u00e9\u00e2tralisation-de...pdf\">Th\u00e9\u00e2tralisation de la Passion du Christ et une ostentation biblique d\u2019un Port-Royal sacrifi\u00e9 par Ang\u00e9lique de Saint-Jean d\u2019Andilly\u00a0: une strat\u00e9gie de r\u00e9sistance face \u00e0 la violence des autorit\u00e9s.<\/a><\/li>\n<li><a href=\"http:\/\/www.amisdeportroyal.org\/societe\/wp-content\/uploads\/2021\/03\/Version-imprimable-_-La-correspondance-...pdf\">La correspondance de la m\u00e8re Agn\u00e8s durant la p\u00e9riode de la grande pers\u00e9cution (1661-1665)<\/a><\/li>\n<li><a href=\"http:\/\/www.amisdeportroyal.org\/societe\/wp-content\/uploads\/2021\/03\/bretz_histo_resistance.pdf\">L\u2019historiographie de la r\u00e9sistance des moniales de Port-Royal (1664-1669)<\/a>\u00a0.<\/li>\n<\/ul>\n<h3>Autres auteurs<\/h3>\n<ul>\n<li><a href=\"http:\/\/www.amisdeportroyal.org\/societe\/wp-content\/uploads\/2021\/03\/sellier_preface.pdf\">Pr\u00e9face \u00e0 l\u2019 Abr\u00e9g\u00e9 de Port-Royal de Jean Racine<\/a>, par Philippe Sellier (pr\u00e9face de l&rsquo;\u00e9dition J. Lesaulnier)<\/li>\n<li><a href=\"http:\/\/www.amisdeportroyal.org\/societe\/wp-content\/uploads\/2021\/03\/bepr_2009_12_peligry.pdf\">Madame de Sabl\u00e9 (1598-1678)<\/a>, par Christian P\u00e9ligry.<\/li>\n<li><a href=\"http:\/\/www.amisdeportroyal.org\/societe\/wp-content\/uploads\/2021\/03\/bepr_6_2009_lechener.pdf\">A propos du trait\u00e9 de Jean de Neercassel\u00a0: Du culte et de l\u2019invocation des saints<\/a>, par J.-C. Lechner.<\/li>\n<li><a href=\"http:\/\/www.amisdeportroyal.org\/societe\/wp-content\/uploads\/2021\/03\/Version-imprimable-_-Relation-de-captiv...pdf\">Relation de captivit\u00e9 d\u2019Elisabeth Le Rahier des Bordes de Sainte-Clotilde, b\u00e9n\u00e9dictine de l\u2019abbaye de Faremoutiers, 18 avril 1775<\/a>, par Fran\u00e7oise de Noirfontaine.<\/li>\n<li><a href=\"http:\/\/www.amisdeportroyal.org\/societe\/wp-content\/uploads\/2021\/03\/Version-imprimable-_-Louis-Isaac-Le-Mai..-1.pdf\">Louis-Isaac Le Maistre de Sacy et Pierre Nicole,\u00a0Traduction des quatri\u00e8me et sixi\u00e8me Livres de l\u2019\u00c9n\u00e9ide de Virgile<\/a>, par Marc Ruggeri<\/li>\n<li><a href=\"http:\/\/www.erf-auteuil.org\/conferences\/le-jansenisme.html\">Le jans\u00e9nisme<\/a>, par Vincent Carraud (\u00e0 consulter sur le site de l&rsquo;Eglise R\u00e9form\u00e9e d&rsquo;Auteuil o\u00f9 le texte avait \u00e9t\u00e9 initialement publi\u00e9)<\/li>\n<li><a href=\"http:\/\/www.amisdeportroyal.org\/societe\/wp-content\/uploads\/2021\/03\/gheeraert_dieu_cache.pdf\">A la recherche du Dieu cach\u00e9<\/a>, par Tony Gheeraert (cours sur <em>Les Pens\u00e9es<\/em> de Pascal)<\/li>\n<li><a href=\"http:\/\/www.amisdeportroyal.org\/societe\/wp-content\/uploads\/2021\/08\/dorival.pdf\">L&rsquo;ex-voto de 1662 de Philippe de Champaigne<\/a>, par Bernard Dorival<\/li>\n<\/ul>\n","protected":false},"excerpt":{"rendered":"<p>=http:\/\/www.amisdeportroyal.org\/bibliotheque <a href=\"http:\/\/www.amisdeportroyal.org\/societe\/index.php\/site-des-publications-en-ligne\/\">Continuer la lecture <span class=\"meta-nav\">&rarr;<\/span><\/a><\/p>\n","protected":false},"author":1,"featured_media":0,"parent":0,"menu_order":0,"comment_status":"closed","ping_status":"open","template":"","meta":[],"categories":[29,11],"tags":[37,38],"_links":{"self":[{"href":"http:\/\/www.amisdeportroyal.org\/societe\/index.php\/wp-json\/wp\/v2\/pages\/60"}],"collection":[{"href":"http:\/\/www.amisdeportroyal.org\/societe\/index.php\/wp-json\/wp\/v2\/pages"}],"about":[{"href":"http:\/\/www.amisdeportroyal.org\/societe\/index.php\/wp-json\/wp\/v2\/types\/page"}],"author":[{"embeddable":true,"href":"http:\/\/www.amisdeportroyal.org\/societe\/index.php\/wp-json\/wp\/v2\/users\/1"}],"replies":[{"embeddable":true,"href":"http:\/\/www.amisdeportroyal.org\/societe\/index.php\/wp-json\/wp\/v2\/comments?post=60"}],"version-history":[{"count":26,"href":"http:\/\/www.amisdeportroyal.org\/societe\/index.php\/wp-json\/wp\/v2\/pages\/60\/revisions"}],"predecessor-version":[{"id":2999,"href":"http:\/\/www.amisdeportroyal.org\/societe\/index.php\/wp-json\/wp\/v2\/pages\/60\/revisions\/2999"}],"wp:attachment":[{"href":"http:\/\/www.amisdeportroyal.org\/societe\/index.php\/wp-json\/wp\/v2\/media?parent=60"}],"wp:term":[{"taxonomy":"category","embeddable":true,"href":"http:\/\/www.amisdeportroyal.org\/societe\/index.php\/wp-json\/wp\/v2\/categories?post=60"},{"taxonomy":"post_tag","embeddable":true,"href":"http:\/\/www.amisdeportroyal.org\/societe\/index.php\/wp-json\/wp\/v2\/tags?post=60"}],"curies":[{"name":"wp","href":"https:\/\/api.w.org\/{rel}","templated":true}]}}