{"id":59,"date":"2014-12-22T21:27:01","date_gmt":"2014-12-22T20:27:01","guid":{"rendered":"http:\/\/www.amisdeportroyal.org\/societe\/index.php\/2014\/12\/22\/colloque-2010-port-royal-et-la\/"},"modified":"2018-10-14T16:58:51","modified_gmt":"2018-10-14T14:58:51","slug":"colloque-2010-port-royal-et-la","status":"publish","type":"page","link":"http:\/\/www.amisdeportroyal.org\/societe\/index.php\/colloque-2010-port-royal-et-la\/","title":{"rendered":"Colloque 2010: Port-Royal et la philosophie"},"content":{"rendered":"<p>Ouverture du colloque : (lundi 8 ; matin). Laurence Devillairs, Patricia Touboul<\/p>\n<p>I.                    LA R\u00c9CEPTION DE LA PHILOSOPHIE \u00c0 PORT-ROYAL.<\/p>\n<p>1) Port-Royal et la philosophie ancienne :<\/p>\n<p>         Jean Lesaulnier : \u00ab Le ch\u00e2teau de Vaumurier, creuset de l&rsquo;interrogation philosophique \u00e0 Port-Royal \u00bb.<\/p>\n<p>          H\u00e9l\u00e8ne Michon : \u00ab La notion de plaisir \u00e0 Port-Royal : th\u00e9ologie ou philosophie ? \u00bb.<\/p>\n<p>          Philippe Sellier : \u00ab Port-Royal et le platonisme \u00bb.<\/p>\n<p>2) Lectures de Descartes (ou Autour de Descartes) : (lundi 8 ; apr\u00e8s-midi)<\/p>\n<p>          Denis Kambouchner : \u00ab Former le jugement : Nicole et ses pr\u00e9d\u00e9cesseurs \u00bb.<\/p>\n<p>          Paolo Amodio (Naples) : \u00ab Le d\u00e9bat historiographique entre cart\u00e9sianisme, anti-cart\u00e9sianisme et pyrrhonisme \u00bb<\/p>\n<p>          H\u00e9l\u00e8ne Bouchilloux : \u00ab Port-Royal et la philosophie moderne : les mots et les choses \u00bb.<\/p>\n<p>          Domenico Bosco (Milan) : \u00ab Philosophie et antiphilosophie \u00e0 Port-Royal \u00bb.<\/p>\n<p>II.        LA PHILOSOPHIE DE PORT-ROYAL.<\/p>\n<p>1) Figures de philosophes : (mardi 9 ; matin)<\/p>\n<p>          Denis Moreau : \u00ab Vingt ann\u00e9es d\u2019\u00e9tudes sur la philosophie d\u2019Antoine Arnaud : un bilan \u00bb.<\/p>\n<p>          Laurent Thirouin : \u00ab L\u2019originalit\u00e9 philosophique de Pierre Nicole \u00bb.<\/p>\n<p>          Jean Mesnard : \u00ab Philosophie de Pascal et philosophie de Port-Royal. Convergences et contrastes \u00bb.<\/p>\n<p>2) Figures de la philosophie: (mardi 9 ; apr\u00e8s-midi)<\/p>\n<p>          Gennaro Luise (Catane) : \u00ab La th\u00e9odic\u00e9e et la critique de l&rsquo;anthropomorphisme : Leibniz, Malebranche et Port-Royal \u00bb.<\/p>\n<p>          Alberto Peratoner (Venise) : \u00ab Foi et raison \u00e0 Port-Royal \u00bb.<\/p>\n<p>          Laurence Devillairs : \u00ab L\u2019homme image de Dieu : une querelle augustinienne ? \u00bb.<\/p>\n<p>          Hubert Aupetit : \u00ab Infini des philosophes: la d\u00e9mystification pascalienne \u00bb.<\/p>\n<p>*<\/p>\n<p>III. LE RAYONNEMENT DE LA PHILOSOPHIE DE PORT-ROYAL : (mercredi 10 ; matin)<\/p>\n<p>                        1) Logique et sciences<\/p>\n<p>          Martine P\u00e9charman : \u00ab La logique naturelle, de l&rsquo;Art de Penser d&rsquo;Arnauld et Nicole \u00e0 l&rsquo;Essay de Locke \u00bb.<\/p>\n<p>          Dominique Descotes : \u00ab La philosophie des math\u00e9matiques \u00e0 Port-Royal \u00bb.<\/p>\n<p>2) Questions d\u2019\u00e9thique<\/p>\n<p>          Maria Vita Romeo (Catane) : \u00ab L\u2019\u00e9thique dans la Logique de Port-Royal \u00bb.<\/p>\n<p>          Patricia Touboul : \u00ab L\u2019essai De la faiblesse de l\u2019homme de Nicole et le concept contemporain de \u201cfaiblesse de la volont\u00e9\u201d \u00bb.<\/p>\n<p> Conclusions du colloque :<\/p>\n<p> Giuseppe Pezzino (Catane).<\/p>\n","protected":false},"excerpt":{"rendered":"<p>Ouverture du colloque : (lundi 8 ; matin). Laurence Devillairs, Patricia Touboul I. LA R\u00c9CEPTION DE LA PHILOSOPHIE \u00c0 PORT-ROYAL. 1) Port-Royal et la philosophie ancienne : Jean Lesaulnier : \u00ab Le ch\u00e2teau de Vaumurier, creuset de l&rsquo;interrogation philosophique \u00e0 &hellip; <a href=\"http:\/\/www.amisdeportroyal.org\/societe\/index.php\/colloque-2010-port-royal-et-la\/\">Continuer la lecture <span class=\"meta-nav\">&rarr;<\/span><\/a><\/p>\n","protected":false},"author":1,"featured_media":0,"parent":0,"menu_order":0,"comment_status":"closed","ping_status":"open","template":"","meta":[],"categories":[9],"tags":[],"_links":{"self":[{"href":"http:\/\/www.amisdeportroyal.org\/societe\/index.php\/wp-json\/wp\/v2\/pages\/59"}],"collection":[{"href":"http:\/\/www.amisdeportroyal.org\/societe\/index.php\/wp-json\/wp\/v2\/pages"}],"about":[{"href":"http:\/\/www.amisdeportroyal.org\/societe\/index.php\/wp-json\/wp\/v2\/types\/page"}],"author":[{"embeddable":true,"href":"http:\/\/www.amisdeportroyal.org\/societe\/index.php\/wp-json\/wp\/v2\/users\/1"}],"replies":[{"embeddable":true,"href":"http:\/\/www.amisdeportroyal.org\/societe\/index.php\/wp-json\/wp\/v2\/comments?post=59"}],"version-history":[{"count":1,"href":"http:\/\/www.amisdeportroyal.org\/societe\/index.php\/wp-json\/wp\/v2\/pages\/59\/revisions"}],"predecessor-version":[{"id":757,"href":"http:\/\/www.amisdeportroyal.org\/societe\/index.php\/wp-json\/wp\/v2\/pages\/59\/revisions\/757"}],"wp:attachment":[{"href":"http:\/\/www.amisdeportroyal.org\/societe\/index.php\/wp-json\/wp\/v2\/media?parent=59"}],"wp:term":[{"taxonomy":"category","embeddable":true,"href":"http:\/\/www.amisdeportroyal.org\/societe\/index.php\/wp-json\/wp\/v2\/categories?post=59"},{"taxonomy":"post_tag","embeddable":true,"href":"http:\/\/www.amisdeportroyal.org\/societe\/index.php\/wp-json\/wp\/v2\/tags?post=59"}],"curies":[{"name":"wp","href":"https:\/\/api.w.org\/{rel}","templated":true}]}}