{"id":58,"date":"2014-12-22T21:23:33","date_gmt":"2014-12-22T20:23:33","guid":{"rendered":"http:\/\/www.amisdeportroyal.org\/societe\/index.php\/2014\/12\/22\/hamon-jean-1618-1687\/"},"modified":"2019-02-26T11:55:26","modified_gmt":"2019-02-26T10:55:26","slug":"hamon-jean-1618-1687","status":"publish","type":"page","link":"http:\/\/www.amisdeportroyal.org\/societe\/index.php\/hamon-jean-1618-1687\/","title":{"rendered":"Hamon, Jean (1618-1687)"},"content":{"rendered":"<p>Il faudra moins de quatre ans au jeune Normand re\u00e7u docteur en m\u00e9decine \u00e0 la Facult\u00e9 de Paris pour devenir m\u00e9decin \u00e0 Port-Royal des Champs : il s&rsquo;y retire en juillet 1650, deux moins environ apr\u00e8s la mort de son pr\u00e9d\u00e9cesseur, Victor Pallu. L&rsquo;homme qui se pr\u00e9sentera avec quelque fiert\u00e9 \u00e0 ses gardes en disant \u00ab\u00a0Messieurs, je m&rsquo;appelle Jean Hamon\u00a0\u00bb est docteur depuis le 10 d\u00e9cembre 1646, apr\u00e8s avoir accompli des \u00e9tudes au coll\u00e8ge d&rsquo;Harcourt, le si\u00e8ge de la puissante nation de Normandie \u00e0 Paris.<\/p>\n<p>Il commence par exercer son art sur la paroisse Saint-Merri, o\u00f9 il r\u00e9side : m\u00e9decin \u00e0 la mode, tr\u00e8s \u00e9l\u00e9gant, dit-on, il para\u00eet \u00e0 la veille de se remarier avec la fille d&rsquo;un confr\u00e8re, quand, selon ses propres termes, il est \u00ab\u00a0touch\u00e9 de Dieu\u00a0\u00bb. \u00c0 Saint-Merri, il a entendu les pr\u00e9dications de son cur\u00e9, Henri Duhamel, sans doute aussi celles du P. Desmares et d&rsquo;autres pr\u00eatres amis de Port-Royal, au milieu d&rsquo;autres auditeurs tels que le duc de Roannez, Blaise Pascal et sa famille. Jean Hamon d\u00e9cide le 14 juin 1649 de faire une retraite. Il est vraisemblable que, passant de la direction de Duhamel \u00e0 celle d&rsquo;Antoine Singlin, il se soit mis aussi en relation avec l&rsquo;abbaye de Port-Royal de Paris. Il h\u00e9site : une visite \u00e0 la chartreuse de Bourgfontaine restera sans suite.<\/p>\n<p>\u00c0 l&rsquo;abbaye de Port-Royal des Champs, il devient en juillet 1650, d&rsquo;abord jardinier, puis secr\u00e9taire d&rsquo;Antoine Arnauld, dont \u00ab\u00a0le cabinet\u00a0\u00bb, \u00e9crira plus tard Jean Hamon, \u00ab\u00a0se trouva \u00eatre un tr\u00e9sor pour mon utilit\u00e9\u00a0\u00bb, et enfin le successeur du \u00ab\u00a0bon M. Pallu\u00a0\u00bb. Jusqu&rsquo;\u00e0 sa mort, il s&rsquo;\u00e9loignera fort peu de la vall\u00e9e de Chevreuse, se rendant, pour quelques soutenances de th\u00e8se, s, \u00e0 Paris, ou pour quelques lointains voyages \u00e0 la Trappe de Ranc\u00e9 et \u00e0 Alet, dans le dioc\u00e8se de Nicolas Pavillon. Il restera toujours le m\u00e9decin de Port-Royal, m\u00e9decin des corps et des \u00e2mes, auteur de pri\u00e8res et \u00e9crivain spirituel, ap\u00f4tre de la solitude et humble dirig\u00e9 de la m\u00e8re Ang\u00e9lique Arnauld, qui lui \u00e9crivait peu avant sa mort: \u00ab\u00a0apr\u00e8s le grand don d&rsquo;un parfait confesseur, il n&rsquo;y a rien de plus important que ce lui d&rsquo;un m\u00e9decin vraiment chr\u00e9tien qui exprime par toutes ses actions et ses paroles les saintes maximes du christianisme\u00a0\u00bb.<\/p>\n","protected":false},"excerpt":{"rendered":"<p>Il faudra moins de quatre ans au jeune Normand re\u00e7u docteur en m\u00e9decine \u00e0 la Facult\u00e9 de Paris pour devenir m\u00e9decin \u00e0 Port-Royal des Champs : il s&rsquo;y retire en juillet 1650, deux moins environ apr\u00e8s la mort de son &hellip; <a href=\"http:\/\/www.amisdeportroyal.org\/societe\/index.php\/hamon-jean-1618-1687\/\">Continuer la lecture <span class=\"meta-nav\">&rarr;<\/span><\/a><\/p>\n","protected":false},"author":1,"featured_media":0,"parent":0,"menu_order":0,"comment_status":"closed","ping_status":"open","template":"","meta":[],"categories":[8],"tags":[36],"_links":{"self":[{"href":"http:\/\/www.amisdeportroyal.org\/societe\/index.php\/wp-json\/wp\/v2\/pages\/58"}],"collection":[{"href":"http:\/\/www.amisdeportroyal.org\/societe\/index.php\/wp-json\/wp\/v2\/pages"}],"about":[{"href":"http:\/\/www.amisdeportroyal.org\/societe\/index.php\/wp-json\/wp\/v2\/types\/page"}],"author":[{"embeddable":true,"href":"http:\/\/www.amisdeportroyal.org\/societe\/index.php\/wp-json\/wp\/v2\/users\/1"}],"replies":[{"embeddable":true,"href":"http:\/\/www.amisdeportroyal.org\/societe\/index.php\/wp-json\/wp\/v2\/comments?post=58"}],"version-history":[{"count":3,"href":"http:\/\/www.amisdeportroyal.org\/societe\/index.php\/wp-json\/wp\/v2\/pages\/58\/revisions"}],"predecessor-version":[{"id":1883,"href":"http:\/\/www.amisdeportroyal.org\/societe\/index.php\/wp-json\/wp\/v2\/pages\/58\/revisions\/1883"}],"wp:attachment":[{"href":"http:\/\/www.amisdeportroyal.org\/societe\/index.php\/wp-json\/wp\/v2\/media?parent=58"}],"wp:term":[{"taxonomy":"category","embeddable":true,"href":"http:\/\/www.amisdeportroyal.org\/societe\/index.php\/wp-json\/wp\/v2\/categories?post=58"},{"taxonomy":"post_tag","embeddable":true,"href":"http:\/\/www.amisdeportroyal.org\/societe\/index.php\/wp-json\/wp\/v2\/tags?post=58"}],"curies":[{"name":"wp","href":"https:\/\/api.w.org\/{rel}","templated":true}]}}