{"id":57,"date":"2014-12-22T21:23:32","date_gmt":"2014-12-22T20:23:32","guid":{"rendered":"http:\/\/www.amisdeportroyal.org\/societe\/index.php\/2014\/12\/22\/arnauld-antoine-1612-1694\/"},"modified":"2019-02-26T11:53:05","modified_gmt":"2019-02-26T10:53:05","slug":"arnauld-antoine-1612-1694","status":"publish","type":"page","link":"http:\/\/www.amisdeportroyal.org\/societe\/index.php\/arnauld-antoine-1612-1694\/","title":{"rendered":"Arnauld, Antoine (1612-1694)"},"content":{"rendered":"<p>Celui qui est connu sous le nom du Grand Arnauld est le benjamin des nombreux enfants de l&rsquo;avocat Antoine Arnauld, dont il porte le pr\u00e9nom. Au milieu de ses fr\u00e8res, soeurs, ni\u00e8ces, neveux et amis qui consacrent leur vie \u00e0 Port-Royal, il lui revient, \u00e0 lui le brillant th\u00e9ologien, de devenir, en d\u00e9pit d&rsquo;un naturel pieux et am\u00e8ne, l&rsquo;inflexible h\u00e9raut de la cause jans\u00e9niste.<\/p>\n<p>En 1643 para\u00eet <em>La Fr\u00e9quente Communion<\/em>, texte dans lequel Antoine Arnauld, pr\u00eatre et docteur en th\u00e9ologie, pr\u00f4ne un christianisme fond\u00e9 sur une conversion loyale du coeur et l&rsquo;absolu respect des sacrements. L&rsquo;ouvrage clair et logique conna\u00eet un succ\u00e8s fulgurant, mais est bient\u00f4t censur\u00e9. Aux pers\u00e9cutions polici\u00e8res qui s&rsquo;abattent sur le monast\u00e8re, Arnauld r\u00e9pond par des \u00e9crits d\u00e9non\u00e7ant l&rsquo;injustice subie.<\/p>\n<p>Il s&rsquo;opposera plus tard \u00e0 ce que Port-Royal renonce \u00e0 sa libert\u00e9 d&rsquo;opinion en signant le Formulaire. Radi\u00e9 de la Sorbonne \u00e0 partir de janvier 1656, il vit, parfois cach\u00e9 \u00e0 Paris, souvent retir\u00e9 \u00e0 Port-Royal des Champs, parmi les Solitaires et les Messieurs avec lesquels il collabore \u00e0 de nombreux ouvrages th\u00e9ologiques et p\u00e9dagogiques \u00e0 l&rsquo;origine du renom de Port-Royal.<\/p>\n<p>Exil\u00e9 \u00e0 la fin de la Paix de l&rsquo;Eglise (1679), il d\u00e9cide de quitter la France pour les Flandres. Il mourra \u00e0 Bruxelles en 1694.<\/p>\n","protected":false},"excerpt":{"rendered":"<p>Celui qui est connu sous le nom du Grand Arnauld est le benjamin des nombreux enfants de l&rsquo;avocat Antoine Arnauld, dont il porte le pr\u00e9nom. Au milieu de ses fr\u00e8res, soeurs, ni\u00e8ces, neveux et amis qui consacrent leur vie \u00e0 &hellip; <a href=\"http:\/\/www.amisdeportroyal.org\/societe\/index.php\/arnauld-antoine-1612-1694\/\">Continuer la lecture <span class=\"meta-nav\">&rarr;<\/span><\/a><\/p>\n","protected":false},"author":1,"featured_media":56,"parent":0,"menu_order":0,"comment_status":"closed","ping_status":"open","template":"","meta":[],"categories":[8],"tags":[36],"_links":{"self":[{"href":"http:\/\/www.amisdeportroyal.org\/societe\/index.php\/wp-json\/wp\/v2\/pages\/57"}],"collection":[{"href":"http:\/\/www.amisdeportroyal.org\/societe\/index.php\/wp-json\/wp\/v2\/pages"}],"about":[{"href":"http:\/\/www.amisdeportroyal.org\/societe\/index.php\/wp-json\/wp\/v2\/types\/page"}],"author":[{"embeddable":true,"href":"http:\/\/www.amisdeportroyal.org\/societe\/index.php\/wp-json\/wp\/v2\/users\/1"}],"replies":[{"embeddable":true,"href":"http:\/\/www.amisdeportroyal.org\/societe\/index.php\/wp-json\/wp\/v2\/comments?post=57"}],"version-history":[{"count":2,"href":"http:\/\/www.amisdeportroyal.org\/societe\/index.php\/wp-json\/wp\/v2\/pages\/57\/revisions"}],"predecessor-version":[{"id":1881,"href":"http:\/\/www.amisdeportroyal.org\/societe\/index.php\/wp-json\/wp\/v2\/pages\/57\/revisions\/1881"}],"wp:featuredmedia":[{"embeddable":true,"href":"http:\/\/www.amisdeportroyal.org\/societe\/index.php\/wp-json\/wp\/v2\/media\/56"}],"wp:attachment":[{"href":"http:\/\/www.amisdeportroyal.org\/societe\/index.php\/wp-json\/wp\/v2\/media?parent=57"}],"wp:term":[{"taxonomy":"category","embeddable":true,"href":"http:\/\/www.amisdeportroyal.org\/societe\/index.php\/wp-json\/wp\/v2\/categories?post=57"},{"taxonomy":"post_tag","embeddable":true,"href":"http:\/\/www.amisdeportroyal.org\/societe\/index.php\/wp-json\/wp\/v2\/tags?post=57"}],"curies":[{"name":"wp","href":"https:\/\/api.w.org\/{rel}","templated":true}]}}