{"id":548,"date":"2016-07-18T11:23:14","date_gmt":"2016-07-18T09:23:14","guid":{"rendered":"http:\/\/www.amisdeportroyal.org\/societe\/index.php\/2016\/07\/18\/le-christ-a-port-royal\/"},"modified":"2018-10-14T17:40:05","modified_gmt":"2018-10-14T15:40:05","slug":"le-christ-a-port-royal","status":"publish","type":"page","link":"http:\/\/www.amisdeportroyal.org\/societe\/index.php\/le-christ-a-port-royal\/","title":{"rendered":"Colloque 2016 : Le Christ \u00e0 Port-Royal"},"content":{"rendered":"<h2>Jeudi 6 octobre\u00a0: Sorbonne (salle des actes), 1 rue Victor cousin, 75005 paris<\/h2>\n<p><em>Matin (9h-12h)<\/em><\/p>\n<p>Introduction\u00a0: Devillairs (Laurence) et Sellier (Philippe)<\/p>\n<p><strong>Vie et mort du christ\u00a0: Incarnation et imitation\u00a0<\/strong><\/p>\n<p>Pr\u00e9sidence\u00a0: Thirouin (Laurent)\u00a0;<\/p>\n<p>Donetzkoff (Denis)\u00a0: \u00ab\u00a0Vivo ego\u00a0: jam non ego, vivit vero in me Christus\u00a0: Saint-Cyran et l\u2019imitation du\u00a0Christ\u00a0\u00bb<\/p>\n<p>Frigo (Alberto)\u00a0: \u00ab\u00a0Les myst\u00e8res de la vie de J\u00e9sus chez Pascal\u00a0\u00bb<\/p>\n<p>Harrington (Thomas)\u00a0: \u00ab\u00a0Les miracles christiques dans l\u2019Abr\u00e9g\u00e9 de la vie de J\u00e9sus-Christ\u00a0\u00bb<\/p>\n<p>Lyraud (Pierre)\u00a0: \u00ab\u00a0L\u2019inscription de J\u00e9sus-Christ au corps du chr\u00e9tien\u00a0: l\u2019imitation christique comme pratique existentielle dans la pens\u00e9e de Pascal\u00a0\u00bb<\/p>\n<p><em>Apr\u00e8s-midi (14h00-17h00)<\/em><\/p>\n<p><strong>un m\u00e9diateur\u00a0: j\u00e9sus-christ v\u00e9ritable dieu des hommes<\/strong><\/p>\n<p>Pr\u00e9sidence\u00a0: Plazenet (Laurence).<\/p>\n<p>Cousson \u00a0(Agn\u00e8s)\u00a0: \u00ab\u00a0La figure du Christ chez quelques grandes religieuses\u00a0\u00bb<\/p>\n<p>Basset (Guy)\u00a0: \u00ab\u00a0 Le Christ de Jean Hamon\u00a0\u00bb<\/p>\n<p>Michon (H\u00e9l\u00e8ne)\u00a0: \u00ab\u00a0Le Christ M\u00e9diateur\u00a0\u00bb<\/p>\n<p>Gheeraert (Tony)\u00a0: \u00ab\u00a0La figure du Christ chez Arnauld d\u2019Andilly\u00a0\u00bb<\/p>\n<h2>Vendredi 7 octobre &#8211; Port-Royal des Champs<\/h2>\n<p><em>Matin (10h-12h)<\/em><\/p>\n<p><strong>Un sauveur\u00a0: christologie et salut<\/strong><\/p>\n<p>Pr\u00e9sidence\u00a0: Michon (H\u00e9l\u00e8ne)<\/p>\n<p>Thirouin (Laurent)\u00a0: \u00ab\u00a0Entre morale et myst\u00e8re\u00a0: le Christ de Pierre Nicole\u00a0\u00bb<\/p>\n<p>Icard (Simon)\u00a0: \u00ab\u00a0Christologie et doctrine de la gr\u00e2ce chez Arnauld\u00a0\u00bb<\/p>\n<p>Luez (Philippe)\u00a0: \u00ab\u00a0La figure du Bon Pasteur et le Christ de Champaigne\u00a0\u00bb.<\/p>\n<p><em>Apr\u00e8s-midi (14h-17h)<\/em><br \/>\n<strong>Myst\u00e8re et miracles, de la r\u00e9surection \u00e0 la pi\u00e9t\u00e9 chr\u00e9tienne<\/strong><\/p>\n<p>Pr\u00e9sidence\u00a0: Icard (Simon)<\/p>\n<p>Belin (Christian), Le Christ de Barcos<\/p>\n<p>Plazenet (Laurence)\u00a0: Le Christ d\u2019Ang\u00e9lique de Saint-Jean<\/p>\n<p>Gouzi (Christine)\u00a0: \u00ab\u00a0La C\u00e8ne de Philippe de Champaigne : un motif original de l\u2019Incarnation\u00a0\u00bb<\/p>\n<p>Conclusions\u00a0: Devillairs (Laurence)<\/p>\n","protected":false},"excerpt":{"rendered":"<p>Jeudi 6 octobre\u00a0: Sorbonne (salle des actes), 1 rue Victor cousin, 75005 paris Matin (9h-12h) Introduction\u00a0: Devillairs (Laurence) et Sellier (Philippe) Vie et mort du christ\u00a0: Incarnation et imitation\u00a0 Pr\u00e9sidence\u00a0: Thirouin (Laurent)\u00a0; Donetzkoff (Denis)\u00a0: \u00ab\u00a0Vivo ego\u00a0: jam non ego, vivit &hellip; <a href=\"http:\/\/www.amisdeportroyal.org\/societe\/index.php\/le-christ-a-port-royal\/\">Continuer la lecture <span class=\"meta-nav\">&rarr;<\/span><\/a><\/p>\n","protected":false},"author":1,"featured_media":547,"parent":0,"menu_order":0,"comment_status":"closed","ping_status":"open","template":"","meta":[],"categories":[9],"tags":[37],"_links":{"self":[{"href":"http:\/\/www.amisdeportroyal.org\/societe\/index.php\/wp-json\/wp\/v2\/pages\/548"}],"collection":[{"href":"http:\/\/www.amisdeportroyal.org\/societe\/index.php\/wp-json\/wp\/v2\/pages"}],"about":[{"href":"http:\/\/www.amisdeportroyal.org\/societe\/index.php\/wp-json\/wp\/v2\/types\/page"}],"author":[{"embeddable":true,"href":"http:\/\/www.amisdeportroyal.org\/societe\/index.php\/wp-json\/wp\/v2\/users\/1"}],"replies":[{"embeddable":true,"href":"http:\/\/www.amisdeportroyal.org\/societe\/index.php\/wp-json\/wp\/v2\/comments?post=548"}],"version-history":[{"count":2,"href":"http:\/\/www.amisdeportroyal.org\/societe\/index.php\/wp-json\/wp\/v2\/pages\/548\/revisions"}],"predecessor-version":[{"id":830,"href":"http:\/\/www.amisdeportroyal.org\/societe\/index.php\/wp-json\/wp\/v2\/pages\/548\/revisions\/830"}],"wp:featuredmedia":[{"embeddable":true,"href":"http:\/\/www.amisdeportroyal.org\/societe\/index.php\/wp-json\/wp\/v2\/media\/547"}],"wp:attachment":[{"href":"http:\/\/www.amisdeportroyal.org\/societe\/index.php\/wp-json\/wp\/v2\/media?parent=548"}],"wp:term":[{"taxonomy":"category","embeddable":true,"href":"http:\/\/www.amisdeportroyal.org\/societe\/index.php\/wp-json\/wp\/v2\/categories?post=548"},{"taxonomy":"post_tag","embeddable":true,"href":"http:\/\/www.amisdeportroyal.org\/societe\/index.php\/wp-json\/wp\/v2\/tags?post=548"}],"curies":[{"name":"wp","href":"https:\/\/api.w.org\/{rel}","templated":true}]}}