{"id":53,"date":"2014-12-22T21:22:25","date_gmt":"2014-12-22T20:22:25","guid":{"rendered":"http:\/\/www.amisdeportroyal.org\/societe\/index.php\/2014\/12\/22\/les-petites-ecoles\/"},"modified":"2019-02-25T17:31:45","modified_gmt":"2019-02-25T16:31:45","slug":"les-petites-ecoles","status":"publish","type":"page","link":"http:\/\/www.amisdeportroyal.org\/societe\/index.php\/les-petites-ecoles\/","title":{"rendered":"Les Petites-Ecoles"},"content":{"rendered":"<p>En juin 1637, l&rsquo;abb\u00e9 de Saint-Cyran envoie quelques enfants \u00e0 Port-Royal-des-Champs, sous la direction d&rsquo;un pr\u00eatre d&rsquo;une trentaine d&rsquo;ann\u00e9es, Antoine Singlin: les Petites-Ecoles de Port-Royal sont n\u00e9es. Leur renomm\u00e9e vient aussi bien de l&rsquo;excellence des ma\u00eetres (le grammairien Claude Lancelot, l&rsquo;humaniste Pierre Nicole, Antoine Arnauld) que de l&rsquo;\u00e9minence des \u00e9l\u00e8ves, dont le plus c\u00e9l\u00e8bre est Jean Racine, qui s\u00e9journa \u00e0 Port-Royal vers 1655-1656.<\/p>\n<p>D&rsquo;abord install\u00e9es \u00e0 Paris dans la rue du Cul-de-sac Saint Dominique (actuelle impasse Royer-Collard), puis au Chesnay et au ch\u00e2teau de Troux (pr\u00e8s de Port-Royal), les Petites-Ecoles se fixent d\u00e9finitivement sur le plateau des Granges avec la cr\u00e9ation en 1651-1652 d&rsquo;un b\u00e2timent \u00e0 cet usage, connu encore de nos jours sous le nom de \u00ab\u00a0b\u00e2timent des Petites-Ecoles\u00a0\u00bb.<\/p>\n<p>D\u00e9marche r\u00e9volutionnaire dans ses applications concr\u00e8tes, cette c\u00e9l\u00e8bre institution \u00e9mane de l&rsquo;affection port\u00e9e par Saint-Cyran aux enfants. Ayant comme principe fondamental le maintien de la gr\u00e2ce baptismale, finalit\u00e9 spirituelle de l&rsquo;enseignement donn\u00e9, les Messieurs de Port-Royal, excellents p\u00e9dagogues (\u00ab\u00a0ce ne sont pas des ma\u00eetres ordinaires\u00a0\u00bb, \u00e9crira Jean Racine dans son Abr\u00e9g\u00e9 de l&rsquo;histoire de Port-Royal), mirent au point une m\u00e9thode d&rsquo;enseignement originale:<\/p>\n<p>&#8211; enseignement r\u00e9volutionnaire en fran\u00e7ais, alors que tous les coll\u00e8ges de l&rsquo;\u00e9poque, en particulier j\u00e9suites, n&rsquo;utilisent que le latin, y compris pour enseigner&#8230; le latin lui-m\u00eame! Port-Royal, le premier, enseigne le latin en fran\u00e7ais:\u00a0\u00bbN&rsquo;est-il pas plus naturel de se servir de ce qu&rsquo;ils [les \u00e9l\u00e8ves] savent d\u00e9j\u00e0 pour leur enseigner ce qu&rsquo;ils ne savent pas? Les Fran\u00e7ais savent d\u00e9j\u00e0 le fran\u00e7ais, dont ils connaissent une infinit\u00e9 de mots ; pourquoi donc ne pas leur faire apprendre \u00e0 lire premi\u00e8rement en fran\u00e7ais, puisque cette m\u00e9thode serait beaucoup plus courte et moins p\u00e9nible?\u00a0\u00bb Ces remarques du p\u00e9dagogue Thomas Guyot semblent aller de soi, elles heurt\u00e8rent pourtant profond\u00e9ment les p\u00e9dagogues j\u00e9suites, camp\u00e9s \u00e0 l&rsquo;\u00e9poque sur des positions humanistes r\u00e9trogrades ;<\/p>\n<p>&#8211; les Solitaires, soucieux de ce qu&rsquo;on appellerait aujourd&rsquo;hui \u00ab\u00a0les sciences de l&rsquo;\u00e9ducation\u00a0\u00bb, utilisent de nouvelles m\u00e9thodes r\u00e9dig\u00e9es et exp\u00e9riment\u00e9es par eux-m\u00eames. Claude Lancelot publia ainsi des m\u00e9thodes de versification et d&rsquo;apprentissage des langues vivantes; la Grammaire, due \u00e0 Lancelot et Arnauld (1660), et la Logique, compos\u00e9e par Arnauld et Nicole (1662), qui comptent parmi les oeuvres les plus importantes produites dans l&rsquo;orbite de Port-Royal, appartiennent \u00e0 l&rsquo;ensemble des publications p\u00e9dagogiques li\u00e9es \u00e0 l&rsquo;activit\u00e9 des Petites Ecoles; Blaise Pascal r\u00e9digea de m\u00eame une Nouvelle m\u00e9thode pour apprendre \u00e0 lire ;<\/p>\n<p>&#8211; approche ludique de cet enseignement;<\/p>\n<p>&#8211; abolition du ch\u00e2timent corporel, rendu inutile par l&rsquo;autorit\u00e9 des ma\u00eetres et le respect que leur porte les enfants;<\/p>\n<p>&#8211; constitution de petits groupes de travail de cinq ou six \u00e9l\u00e8ves autour d&rsquo;un pr\u00e9cepteur, pr\u00eatre ou la\u00efc. Le nombre totale d&rsquo;\u00e9l\u00e8ves ne d\u00e9passa jamais plus de vingt-cinq \u00e0 la fois.<\/p>\n<p>&#8211; importance de la culture grecque, assez n\u00e9glig\u00e9e au Grand Si\u00e8cle; l&rsquo;accent mis sur l&rsquo;h\u00e9ritage hell\u00e9nique influencera tout particuli\u00e8rement la carri\u00e8re de Jean Racine, qui tira de la mythologie grecque (connue de premi\u00e8re main) l&rsquo;argument de plusieurs de ses trag\u00e9dies;<\/p>\n<p>&#8211; remplacement de la plume d&rsquo;oie par la plume m\u00e9tallique.<\/p>\n<p>Vivant dans un univers volontairement clos (pour \u00e9viter les distractions et les mauvaises influences) et plac\u00e9 sous la vigilance r\u00e9guli\u00e8re et constante (jour et nuit) d&rsquo;un ma\u00eetre, l&rsquo;enfant se l\u00e8ve entre cinq heures et six heures suivant la saison et se couche \u00e0 vingt-et-une heures. L&rsquo;\u00e9ducation est compl\u00e8te: il s&rsquo;agit de cultiver l&rsquo;esprit (le jugement) et la volont\u00e9 de l&rsquo;enfant, de sensibiliser son \u00e2me, de d\u00e9velopper son corps. Le ma\u00eetre doit rester vigilant, \u00e0 la fois doux et intransigeant, s\u00e9v\u00e8re et charitable. Il lui faut aussi s&rsquo;adapter aux capacit\u00e9s de chaque \u00e9l\u00e8ve.<\/p>\n<p>Consid\u00e9rant l&rsquo;enfant comme un \u00eatre distinct aux contours bien d\u00e9finis et non comme un \u00eatre difforme (conception n\u00e9gative partag\u00e9e, par exemple, par Fran\u00e7ois de Sales), vigilance et r\u00e9gularit\u00e9 conditionnent la d\u00e9marche p\u00e9dagogique qui repose sur la devise de l&rsquo;abb\u00e9 de Saint-Cyran: \u00ab\u00a0parler peu, beaucoup tol\u00e9rer, et prier encore\u00a0\u00bb. La modernit\u00e9 de Port-Royal, cons\u00e9cutive \u00e0 la relation \u00e9troite entre le monast\u00e8re et l&rsquo;\u00e9lite parisienne, r\u00e9side dans l&rsquo;osmose entre l&rsquo;id\u00e9ologie mondaine et la p\u00e9dagogie des Petites-Ecoles.<\/p>\n<p>Victime des soubresauts politiques cons\u00e9cutifs aux querelles jans\u00e9nistes aussi bien que de la m\u00e9fiance des j\u00e9suites qui voyaient en elles la concurrence d&rsquo;une p\u00e9dagogie rivale, les Ecoles ferment par ordre du roi en 1660.<\/p>\n","protected":false},"excerpt":{"rendered":"<p>En juin 1637, l&rsquo;abb\u00e9 de Saint-Cyran envoie quelques enfants \u00e0 Port-Royal-des-Champs, sous la direction d&rsquo;un pr\u00eatre d&rsquo;une trentaine d&rsquo;ann\u00e9es, Antoine Singlin: les Petites-Ecoles de Port-Royal sont n\u00e9es. Leur renomm\u00e9e vient aussi bien de l&rsquo;excellence des ma\u00eetres (le grammairien Claude Lancelot, &hellip; <a href=\"http:\/\/www.amisdeportroyal.org\/societe\/index.php\/les-petites-ecoles\/\">Continuer la lecture <span class=\"meta-nav\">&rarr;<\/span><\/a><\/p>\n","protected":false},"author":1,"featured_media":52,"parent":0,"menu_order":0,"comment_status":"closed","ping_status":"open","template":"","meta":[],"categories":[5],"tags":[36],"_links":{"self":[{"href":"http:\/\/www.amisdeportroyal.org\/societe\/index.php\/wp-json\/wp\/v2\/pages\/53"}],"collection":[{"href":"http:\/\/www.amisdeportroyal.org\/societe\/index.php\/wp-json\/wp\/v2\/pages"}],"about":[{"href":"http:\/\/www.amisdeportroyal.org\/societe\/index.php\/wp-json\/wp\/v2\/types\/page"}],"author":[{"embeddable":true,"href":"http:\/\/www.amisdeportroyal.org\/societe\/index.php\/wp-json\/wp\/v2\/users\/1"}],"replies":[{"embeddable":true,"href":"http:\/\/www.amisdeportroyal.org\/societe\/index.php\/wp-json\/wp\/v2\/comments?post=53"}],"version-history":[{"count":3,"href":"http:\/\/www.amisdeportroyal.org\/societe\/index.php\/wp-json\/wp\/v2\/pages\/53\/revisions"}],"predecessor-version":[{"id":1857,"href":"http:\/\/www.amisdeportroyal.org\/societe\/index.php\/wp-json\/wp\/v2\/pages\/53\/revisions\/1857"}],"wp:featuredmedia":[{"embeddable":true,"href":"http:\/\/www.amisdeportroyal.org\/societe\/index.php\/wp-json\/wp\/v2\/media\/52"}],"wp:attachment":[{"href":"http:\/\/www.amisdeportroyal.org\/societe\/index.php\/wp-json\/wp\/v2\/media?parent=53"}],"wp:term":[{"taxonomy":"category","embeddable":true,"href":"http:\/\/www.amisdeportroyal.org\/societe\/index.php\/wp-json\/wp\/v2\/categories?post=53"},{"taxonomy":"post_tag","embeddable":true,"href":"http:\/\/www.amisdeportroyal.org\/societe\/index.php\/wp-json\/wp\/v2\/tags?post=53"}],"curies":[{"name":"wp","href":"https:\/\/api.w.org\/{rel}","templated":true}]}}