{"id":490,"date":"2015-09-01T20:32:59","date_gmt":"2015-09-01T18:32:59","guid":{"rendered":"http:\/\/www.amisdeportroyal.org\/societe\/index.php\/2015\/09\/01\/colloque-2015-louis-xiv-et-port\/"},"modified":"2018-10-14T17:41:16","modified_gmt":"2018-10-14T15:41:16","slug":"colloque-2015-louis-xiv-et-port","status":"publish","type":"page","link":"http:\/\/www.amisdeportroyal.org\/societe\/index.php\/colloque-2015-louis-xiv-et-port\/","title":{"rendered":"Colloque 2015 : Louis XIV et Port-Royal"},"content":{"rendered":"<p><img decoding=\"async\" loading=\"lazy\" class=\" aligncenter size-full wp-image-489\" src=\"http:\/\/www.amisdeportroyal.org\/societe\/wp-content\/uploads\/2015\/09\/2015-Louis_XIV_et_Port-Royal.jpg\" alt=\"2015-Louis_XIV_et_Port-Royal.jpg\" width=\"1239\" height=\"1754\" align=\"center\" srcset=\"http:\/\/www.amisdeportroyal.org\/societe\/wp-content\/uploads\/2015\/09\/2015-Louis_XIV_et_Port-Royal.jpg 1239w, http:\/\/www.amisdeportroyal.org\/societe\/wp-content\/uploads\/2015\/09\/2015-Louis_XIV_et_Port-Royal-212x300.jpg 212w, http:\/\/www.amisdeportroyal.org\/societe\/wp-content\/uploads\/2015\/09\/2015-Louis_XIV_et_Port-Royal-768x1087.jpg 768w, http:\/\/www.amisdeportroyal.org\/societe\/wp-content\/uploads\/2015\/09\/2015-Louis_XIV_et_Port-Royal-723x1024.jpg 723w\" sizes=\"(max-width: 1239px) 100vw, 1239px\" \/><\/p>\n<p>Colloque international organis\u00e9 par la Soci\u00e9t\u00e9 des Amis de Port-Royal avec le soutien du CELLF et de l&rsquo;acad\u00e9mie Bach<\/p>\n<p>Pilotes scientifiques : Olivier Chaline, Sylvio De Franceschi, Laurence Plazenet<\/p>\n<p>L\u2019inscription au colloque est gratuite mais obligatoire. Les demandes d\u2019inscription sont \u00e0 adresser \u00e0 M. Jean de Mathan : jdemathan@gmail.com<\/p>\n<p><strong>Informations pratiques<\/strong><\/p>\n<p>Les trois journ\u00e9es du colloque se tiendront dans les lieux suivants :<\/p>\n<p><em>14 octobre<\/em> : Lyc\u00e9e Jules Ferry, 14, rue du Mar\u00e9chal-Joffre, 78 000 Versailles ; Centre de Musique Baroque de Versailles, salle Delalande, 22 avenue de Paris, 78000 Versailles. Acc\u00e8s : gare Versailles Rives gauche (RER C), gare Versailles Chantiers (SNCF)<\/p>\n<p><em>15 octobre<\/em> : Biblioth\u00e8que municipale, 5, rue de l\u2019Ind\u00e9pendance am\u00e9ricaine, 78 000 Versailles. Acc\u00e8s : gare Versailles Rives gauche (RER C), gare Versailles Chantiers (SNCF)<\/p>\n<p><em>16 octobre<\/em> : Mus\u00e9e national de Port-Royal des Champs, Les Granges de Port-Royal, 78 114 Magny-les-Hameaux. Le trajet aller et retour sera propos\u00e9 aux intervenants au d\u00e9part de la gare de Versailles Rive gauche.<\/p>\n<p><strong>PROGRAMME<\/strong><\/p>\n<p><strong>Mercredi 14 octobre &#8211; Lyc\u00e9e Jules Ferry<\/strong><\/p>\n<p>14h &#8211; <em>Olivier Chaline (Paris-Sorbonne) et Sylvio De Franceschi (EPHE)<\/em> : Introduction-d\u00e9bat<\/p>\n<p>14h30 &#8211; <em>Hans Bots (Nim\u00e8gue)<\/em> : Madame de Maintenon<\/p>\n<p>15h &#8211; <em>Georges Forestier (Paris-Sorbonne)<\/em> : Racine<\/p>\n<p>16h &#8211; Pause<\/p>\n<p>16h30 &#8211; <em>R\u00e9mi Mathis (Biblioth\u00e8que nationale de France)<\/em> : Simon Arnauld de Pomponne entre\u00a0Port-Royal et Louis XIV\u00a0: d\u00e9chirement ou coexistence pacifique\u00a0?<\/p>\n<p>17h &#8211; <em>V\u00e9ronique Mitrani (Qu\u00e9bec) repr\u00e9sent\u00e9e par G\u00e9rard Ferreyrolles (Paris-Sorbonne)<\/em> : Bossuet<\/p>\n<p><strong>Concert &#8211; Centre de Musique Baroque de Versailles, salle Delalande.<\/strong><\/p>\n<p>20h &#8211; <em>Arnauld Marzorati et la Clique des Lunaisiens<\/em> : <em>Soleil Noir, Chroniques en chansons du r\u00e8gne du Roi Soleil<\/em>.<\/p>\n<p>http:\/\/www.amisdeportroyal.org\/societe\/?Soleil-Noir-Chroniques-en-chanson.html<\/p>\n<p><strong>Jeudi 15 octobre &#8211; Biblioth\u00e8que municipale de Versailles, Galerie des Affaires \u00c9trang\u00e8res<\/strong><\/p>\n<p>9h30 &#8211; <em>Pierre-Fran\u00e7ois Burger (CNRS<\/em>) : Loyaut\u00e9s conflictuelles de l\u2019abb\u00e9 Eus\u00e8be Renaudot<\/p>\n<p>10h &#8211; <em>Pascale Thouvenin (Strasbourg)<\/em> : Les <em>M\u00e9moires pour servir \u00e0 l&rsquo;histoire de Louis XIV par feu M. l&rsquo;abb\u00e9 de Choisy, de l&rsquo;Acad\u00e9mie fran\u00e7aise (1727)<\/em> : l&rsquo;hypoth\u00e8se d&rsquo;un faux<\/p>\n<p>10h30 &#8211; Pause<\/p>\n<p>11h &#8211; <em>Claire Quaglia (Paris VII)<\/em> : Saint-Simon<\/p>\n<p>11h30 &#8211; <em>Annabelle Bolot (\u00c9cole Normale Sup\u00e9rieure)<\/em> : \u201cAinsi, de tous les co\u0302t\u00e9s, je ne suis pas jans\u00e9niste\u201d. Saint-Simon et les paradoxes du courtisan : quelques r\u00e9flexions sur Port-Royal a\u0300 partir des M\u00e9moires<\/p>\n<p>12h &#8211; <em>Constance Cagnat (Paris-Sorbonne)<\/em> : Les m\u00e9morialistes de Port-Royal et Louis XIV<\/p>\n<p>D\u00e9jeuner<\/p>\n<p>14h30 &#8211; <em>Sylvain Hilaire (Mus\u00e9e des Granges de Port-Royal)<\/em> : Louis XIV et Port-Royal au miroir du jardin.\u00a0Sillages esthe\u0301tiques et horticoles du Grand Sie\u0300cle classique, d\u2019Arnauld d\u2019Andilly a\u0300 La Quintinie<\/p>\n<p>15h &#8211; <em>Christine Gouzi (Paris-Sorbonne)<\/em> : Le peintre Jean Jouvenet<\/p>\n<p>15h30 &#8211; Pause<\/p>\n<p>16h &#8211; <em>Henri Duranton (Saint-\u00c9tienne)<\/em> : Un souvenir brouill\u00e9: Louis XIV et Port-Royal dans la propagande jans\u00e9niste du XVIIIe si\u00e8cle<\/p>\n<p>16h30 &#8211; <em>Laurence Plazenet (Paris-Sorbonne)<\/em> : L\u2019anamorphose du Soleil en \u00e9pouvantail : Louis XIV dans l\u2019historiographie et la litt\u00e9rature port-royalistes<\/p>\n<p><strong>Vendredi 16 octobre &#8211; Mus\u00e9e national de Port-Royal des Champs, Granges de Port-Royal<\/strong><\/p>\n<p>9h30 &#8211; <em>Agn\u00e8s Cousson (Brest)<\/em> : Pr\u00e9sence et absence du roi dans les lettres des abbesses de Port-Royal<\/p>\n<p>10h &#8211; <em>Fulvio Accardi (Naples)<\/em> : <em>Portus Regalis<\/em> : dynamiques th\u00e9ologiques et politiques entre monarchie de France et religieuses de Port-Royal<\/p>\n<p>10h30 &#8211; Pause<\/p>\n<p>11h &#8211; <em>Leonard Hell (Mainz)<\/em> : Un D\u00e9mosth\u00e8ne eccl\u00e9siastique : la survivance germanophone de Jean-Baptiste Massillon, pr\u00e9dicateur au service fun\u00e8bre de Louis XIV<\/p>\n<p>11h30 &#8211; <em>Sylvio De Franceschi (EPHE)<\/em> : Le molinisme du P. Annat, confesseur du roi<\/p>\n<p>D\u00e9jeuner<\/p>\n<p>14h30 &#8211; <em>Olivier Andurand (Paris X)<\/em> : Louis XIV et son clerg\u00e9, les enjeux de la bulle <em>Vineam Domini<\/em><\/p>\n<p>15h &#8211; <em>Philippe Moulis (Paris XIII)<\/em> : \u201cOn ne veut pas que le roi sache\u201d\u00a0: la responsabilit\u00e9 des j\u00e9suites dans la querelle de la bulle\u00a0<em>Unigenitus<\/em>,\u00a0d\u2019apr\u00e8s la correspondance de Pierre de Langle de 1708 \u00e0 1715<\/p>\n<p>15h30 &#8211; Pause<\/p>\n<p>16h &#8211; <em>Thierry Issartel (Pau)<\/em> : De l\u2019antijans\u00e9nisme \u00e0 la lutte contre Port-Royal\u00a0:\u00a0Pierre de Marca (1594-1662), ministre d\u2019\u00c9tat, archev\u00eaque et pr\u00e9sident du Conseil de Conscience de Louis XIV<\/p>\n<p>16h30 &#8211; Conclusions<\/p>\n<div id='gallery-1' class='gallery galleryid-490 gallery-columns-3 gallery-size-thumbnail'><dl class='gallery-item'>\n\t\t\t<dt class='gallery-icon portrait'>\n\t\t\t\t<a href='http:\/\/www.amisdeportroyal.org\/societe\/wp-content\/uploads\/2015\/09\/2015-Louis_XIV_et_Port-Royal.jpg'><img width=\"140\" height=\"140\" src=\"http:\/\/www.amisdeportroyal.org\/societe\/wp-content\/uploads\/2015\/09\/2015-Louis_XIV_et_Port-Royal-150x150.jpg\" class=\"attachment-thumbnail size-thumbnail\" alt=\"2015-Louis_XIV_et_Port-Royal.jpg\" decoding=\"async\" loading=\"lazy\" \/><\/a>\n\t\t\t<\/dt><\/dl>\n\t\t\t<br style='clear: both' \/>\n\t\t<\/div>\n\n","protected":false},"excerpt":{"rendered":"<p>Colloque international organis\u00e9 par la Soci\u00e9t\u00e9 des Amis de Port-Royal avec le soutien du CELLF et de l&rsquo;acad\u00e9mie Bach Pilotes scientifiques : Olivier Chaline, Sylvio De Franceschi, Laurence Plazenet L\u2019inscription au colloque est gratuite mais obligatoire. Les demandes d\u2019inscription sont &hellip; <a href=\"http:\/\/www.amisdeportroyal.org\/societe\/index.php\/colloque-2015-louis-xiv-et-port\/\">Continuer la lecture <span class=\"meta-nav\">&rarr;<\/span><\/a><\/p>\n","protected":false},"author":3,"featured_media":489,"parent":0,"menu_order":0,"comment_status":"closed","ping_status":"open","template":"","meta":[],"categories":[9],"tags":[37],"_links":{"self":[{"href":"http:\/\/www.amisdeportroyal.org\/societe\/index.php\/wp-json\/wp\/v2\/pages\/490"}],"collection":[{"href":"http:\/\/www.amisdeportroyal.org\/societe\/index.php\/wp-json\/wp\/v2\/pages"}],"about":[{"href":"http:\/\/www.amisdeportroyal.org\/societe\/index.php\/wp-json\/wp\/v2\/types\/page"}],"author":[{"embeddable":true,"href":"http:\/\/www.amisdeportroyal.org\/societe\/index.php\/wp-json\/wp\/v2\/users\/3"}],"replies":[{"embeddable":true,"href":"http:\/\/www.amisdeportroyal.org\/societe\/index.php\/wp-json\/wp\/v2\/comments?post=490"}],"version-history":[{"count":2,"href":"http:\/\/www.amisdeportroyal.org\/societe\/index.php\/wp-json\/wp\/v2\/pages\/490\/revisions"}],"predecessor-version":[{"id":831,"href":"http:\/\/www.amisdeportroyal.org\/societe\/index.php\/wp-json\/wp\/v2\/pages\/490\/revisions\/831"}],"wp:featuredmedia":[{"embeddable":true,"href":"http:\/\/www.amisdeportroyal.org\/societe\/index.php\/wp-json\/wp\/v2\/media\/489"}],"wp:attachment":[{"href":"http:\/\/www.amisdeportroyal.org\/societe\/index.php\/wp-json\/wp\/v2\/media?parent=490"}],"wp:term":[{"taxonomy":"category","embeddable":true,"href":"http:\/\/www.amisdeportroyal.org\/societe\/index.php\/wp-json\/wp\/v2\/categories?post=490"},{"taxonomy":"post_tag","embeddable":true,"href":"http:\/\/www.amisdeportroyal.org\/societe\/index.php\/wp-json\/wp\/v2\/tags?post=490"}],"curies":[{"name":"wp","href":"https:\/\/api.w.org\/{rel}","templated":true}]}}