{"id":328,"date":"2014-12-22T21:27:07","date_gmt":"2014-12-22T20:27:07","guid":{"rendered":"http:\/\/www.amisdeportroyal.org\/societe\/index.php\/2014\/12\/22\/port-royal-au-xixe-siecle166\/"},"modified":"2018-10-14T16:58:50","modified_gmt":"2018-10-14T14:58:50","slug":"port-royal-au-xixe-siecle166","status":"publish","type":"page","link":"http:\/\/www.amisdeportroyal.org\/societe\/index.php\/port-royal-au-xixe-siecle166\/","title":{"rendered":"Colloque 2014 : Port-Royal au XIXe si\u00e8cle"},"content":{"rendered":"<p>Colloque organis\u00e9 par la Soci\u00e9t\u00e9 des Amis de Port-Royal, avec le soutien du laboratoire Litt\u00e9rature, Id\u00e9ologies, Repr\u00e9sentations, XVIIIe-XIXe si\u00e8cles, et de l&rsquo;Institut d&rsquo;Histoire de la Pens\u00e9e Classique. <\/p>\n<p>Institut des Sciences de l&rsquo;Homme, 14 avenue Berthelot, Lyon.<\/p>\n<p>Pilotes scientifiques : Simon Icard et St\u00e9phane Z\u00e9kian <\/p>\n<p><strong>Mercredi 8 octobre<\/strong><\/p>\n<p>13h30- Accueil <\/p>\n<p>14h- Introduction (Simon Icard et St\u00e9phane Z\u00e9kian)<\/p>\n<p>Conf\u00e9rence d&rsquo;ouverture<\/p>\n<p>14h30- \u00ab\u00a0Qu&rsquo;est-ce qu&rsquo;\u00eatre un port-royaliste au XIXe si\u00e8cle ?\u00a0\u00bb (Jean-Pierre Chantin)<\/p>\n<p>La th\u00e9ologie de la gr\u00e2ce<\/p>\n<p>15h- \u00ab\u00a0Un d\u00e9fenseur de l&rsquo;<em>Augustinus<\/em> au XIXe si\u00e8cle : l&rsquo;abb\u00e9 Gr\u00e9goire\u00a0\u00bb (Jean Dubray)<\/p>\n<p>15h30- Discussion et pause<\/p>\n<p>16h- \u00ab\u00a0Le jans\u00e9nisme dans les trait\u00e9s <em>de gratia<\/em> des th\u00e9ologiens catholiques au XIXe si\u00e8cle\u00a0\u00bb (Sylvio de Franceschi)<\/p>\n<p>16h30- \u00ab\u00a0La libert\u00e9 religieuse dans le trait\u00e9 <em>De la tol\u00e9rance eccl\u00e9siastique et civile<\/em> de Pietro Tamburini et Thaddeus Trautmansdorf (Paris, 1796). De la th\u00e9ologie jans\u00e9niste de la gr\u00e2ce aux droits civils\u00a0\u00bb (Grazia Grasso)<\/p>\n<p>17h- Discussion<\/p>\n<p><strong>Jeudi 9 octobre<\/strong><\/p>\n<p>8h30- Accueil <\/p>\n<p>La politique<\/p>\n<p>9h- \u00ab\u00a0Le lib\u00e9ralisme dans les <em>Nouvelles eccl\u00e9siastiques<\/em> au XIXe si\u00e8cle (Val\u00e9rie Guittienne-M\u00fcrger)<\/p>\n<p>9h30- \u00ab\u00a0Usages pol\u00e9miques de Port-Royal et du jans\u00e9nisme dans les milieux politiques royalistes\u00a0\u00bb (Olivier Tort)<\/p>\n<p>10h- Discussion et pause<\/p>\n<p>10h30- \u00ab\u00a0La mise en histoire de la politique de Port-Royal\u00a0\u00bb (Dinah Ribard)<\/p>\n<p>11h- Le style de Tocqueville ou &lsquo;l&rsquo;esprit de g\u00e9om\u00e9trie'\u00a0\u00bb (Guillaume M\u00e9tayer)<\/p>\n<p>11h30- Discussion<\/p>\n<p>Les r\u00e9seaux jans\u00e9nistes<\/p>\n<p>14h- \u00ab\u00a0Les amis jans\u00e9nistes de la derni\u00e8re solitaire de Port-Royal\u00a0\u00bb (V\u00e9ronique Alemany)<\/p>\n<p>14h30- \u00ab\u00a0Du jans\u00e9nisme et du sentiment religieux dans une petite ville sous la Restauration\u00a0\u00bb (Jean-Luc Dauphin)<\/p>\n<p>15h- Discussion et pause<\/p>\n<p>Un mythe litt\u00e9raire<\/p>\n<p>15h30- \u00ab\u00a0Joubert et Port-Royal\u00a0\u00bb (Laurence Plazenet)<\/p>\n<p>16h- \u00ab\u00a0La Rochefoucauld et Port-Royal au XIXe si\u00e8cle\u00a0\u00bb (Charles-Olivier Stiker-Metral)<\/p>\n<p>16h30- \u00ab\u00a0La grammaire de Port-Royal \u00e0 l&rsquo;heure du romantisme et des d\u00e9buts de la linguistique en Europe\u00a0\u00bb (Jacques-Philippe Saint-G\u00e9rard)<\/p>\n<p>17h- Discussion<\/p>\n<p><strong>Vendredi 10 octobre<\/strong><\/p>\n<p>8h30 Accueil <\/p>\n<p>Sainte-Beuve et ses publics<\/p>\n<p>9h- \u00ab\u00a0La figure du Solitaire de Port-Royal et les descriptions de personnages romantiques\u00a0\u00bb (Am\u00e9lie de Chaisemartin)<\/p>\n<p>9h30- \u00ab\u00a0La mise \u00e0 l&rsquo;<em>Index<\/em> du <em>Port-Royal<\/em> de Sainte-Beuve\u00a0\u00bb (Jean-Baptiste Amadieu)<\/p>\n<p>10h- Discussion et pause<\/p>\n<p>10h30- \u00ab\u00a0Balzac contre <em>Port-Royal<\/em> : d\u00e9fense d&rsquo;une vision du XVIIe si\u00e8cle\u00a0\u00bb (Maxime Perret)<\/p>\n<p>11h- Le <em>Port-Royal<\/em> de Sainte-Beuve ou la naissance d&rsquo;un mythe personnel\u00a0\u00bb (Gabriel Popescu)<\/p>\n<p>11h30- Discussion et pause<\/p>\n<p>Pascal<\/p>\n<p>14h- \u00ab\u00a0Pascal et les math\u00e9maticiens du XIXe si\u00e8cle\u00a0\u00bb (Dominique Descotes)<\/p>\n<p>14h30- \u00ab\u00a0Le philosophe et l&rsquo;autodidacte, ou comment Victor Cousin s&rsquo;est servi de Port-Royal pour chasser Pascal du paradis philosophique\u00a0\u00bb (Hubert Aupetit)<\/p>\n<p>Conf\u00e9rence de cl\u00f4ture<\/p>\n<p>15h- \u00ab\u00a0Des restes de restes\u00a0\u00bb (Alain Cantillon)<\/p>\n<p>15h30- Discussion et pause<\/p>\n<p>Conclusions (Laurent Thirouin)<\/p>\n<p>Contacts scientifiques : icard.simon@orange.fr ou stephane.zekian@gmail.com. <\/p>\n<p>Entr\u00e9e gratuite sur inscription aupr\u00e8s de Jean de Mathan (jdemathan@gmail.com)<\/p>\n","protected":false},"excerpt":{"rendered":"<p>Colloque organis\u00e9 par la Soci\u00e9t\u00e9 des Amis de Port-Royal, avec le soutien du laboratoire Litt\u00e9rature, Id\u00e9ologies, Repr\u00e9sentations, XVIIIe-XIXe si\u00e8cles, et de l&rsquo;Institut d&rsquo;Histoire de la Pens\u00e9e Classique. Institut des Sciences de l&rsquo;Homme, 14 avenue Berthelot, Lyon. Pilotes scientifiques : Simon &hellip; <a href=\"http:\/\/www.amisdeportroyal.org\/societe\/index.php\/port-royal-au-xixe-siecle166\/\">Continuer la lecture <span class=\"meta-nav\">&rarr;<\/span><\/a><\/p>\n","protected":false},"author":3,"featured_media":0,"parent":0,"menu_order":0,"comment_status":"closed","ping_status":"open","template":"","meta":[],"categories":[9],"tags":[],"_links":{"self":[{"href":"http:\/\/www.amisdeportroyal.org\/societe\/index.php\/wp-json\/wp\/v2\/pages\/328"}],"collection":[{"href":"http:\/\/www.amisdeportroyal.org\/societe\/index.php\/wp-json\/wp\/v2\/pages"}],"about":[{"href":"http:\/\/www.amisdeportroyal.org\/societe\/index.php\/wp-json\/wp\/v2\/types\/page"}],"author":[{"embeddable":true,"href":"http:\/\/www.amisdeportroyal.org\/societe\/index.php\/wp-json\/wp\/v2\/users\/3"}],"replies":[{"embeddable":true,"href":"http:\/\/www.amisdeportroyal.org\/societe\/index.php\/wp-json\/wp\/v2\/comments?post=328"}],"version-history":[{"count":1,"href":"http:\/\/www.amisdeportroyal.org\/societe\/index.php\/wp-json\/wp\/v2\/pages\/328\/revisions"}],"predecessor-version":[{"id":755,"href":"http:\/\/www.amisdeportroyal.org\/societe\/index.php\/wp-json\/wp\/v2\/pages\/328\/revisions\/755"}],"wp:attachment":[{"href":"http:\/\/www.amisdeportroyal.org\/societe\/index.php\/wp-json\/wp\/v2\/media?parent=328"}],"wp:term":[{"taxonomy":"category","embeddable":true,"href":"http:\/\/www.amisdeportroyal.org\/societe\/index.php\/wp-json\/wp\/v2\/categories?post=328"},{"taxonomy":"post_tag","embeddable":true,"href":"http:\/\/www.amisdeportroyal.org\/societe\/index.php\/wp-json\/wp\/v2\/tags?post=328"}],"curies":[{"name":"wp","href":"https:\/\/api.w.org\/{rel}","templated":true}]}}