{"id":216,"date":"2014-12-22T21:27:05","date_gmt":"2014-12-22T20:27:05","guid":{"rendered":"http:\/\/www.amisdeportroyal.org\/societe\/index.php\/2014\/12\/22\/colloque-2013-le-choc-de-l\/"},"modified":"2018-10-14T16:58:50","modified_gmt":"2018-10-14T14:58:50","slug":"colloque-2013-le-choc-de-l","status":"publish","type":"page","link":"http:\/\/www.amisdeportroyal.org\/societe\/index.php\/colloque-2013-le-choc-de-l\/","title":{"rendered":"Colloque 2013: le choc de l&rsquo;Unigenitus"},"content":{"rendered":"<p class=\"post_excerpt\">Le colloque annuel de la Soci\u00e9t\u00e9 portera en 2013, pour le tricentenaire de la bulle Unigenitus, sur l&rsquo;\u00e9moi que provoqua la constitution de Cl\u00e9ment XI. Il se tiendra \u00e0 Versailles les 3 et 4 octobre 2013.<\/p>\n<h2>8 septembre 1713 : le choc de l\u2019Unigenitus<\/h2>\n<p>\u00c0 trois si\u00e8cles de distance, il est difficile de prendre la mesure du scandale suscit\u00e9 en catholicit\u00e9 par la fulmination, le 8 septembre 1713, de la Bulle Unige-nitus par le pape Cl\u00e9ment XI. Dans Le christianisme et la R\u00e9volution fran\u00e7aise (1845), Edgar Quinet a exprim\u00e9, en des pages c\u00e9l\u00e8bres, la stupeur d\u2019incompr\u00e9hension qui a sans nul doute frapp\u00e9 les contemporains : \u00ab La papaut\u00e9, apr\u00e8s avoir affirm\u00e9 pendant dix-huit cents ans, nie tout en un jour, except\u00e9 sa puissance, et cette n\u00e9gation universelle, elle l\u2019affiche au front du dix-huiti\u00e8me si\u00e8-cle naissant. \u00bb Emport\u00e9 par une verve anticl\u00e9ricale en son temps justement re-nomm\u00e9e, Edgar Quinet d\u00e9crit le geste pontifical comme la condition premi\u00e8re et n\u00e9cessaire aux \u00e9branlements de l\u2019\u00e2ge lib\u00e9ral : \u00ab \u00c0 vrai dire, dans la Bulle Unige-nitus, le pape, pour se d\u00e9barrasser des h\u00e9r\u00e9sies, non seulement poignarde le chris-tianisme, mais l\u2019id\u00e9e m\u00eame de la religion et de Dieu. \u00bb Pronon\u00e7ant l\u2019oraison fun\u00e8-bre de l\u2019ancienne \u00c9glise, dont, \u00e0 ses yeux, le magist\u00e8re s\u2019\u00e9tait fait l\u2019involontaire mais r\u00e9solu fossoyeur, l\u2019historien prenait un ton sinistre pour \u00e9voquer les intermi-nables discussions \u00e0 quoi avait donn\u00e9 lieu en France la publication de l\u2019acte mal-heureux de Cl\u00e9ment XI : \u00ab Au milieu des f\u00eates de la R\u00e9gence, cet \u00e9cho retentit comme les coups de marteau du pr\u00eatre sur les clous de la croix. Signal pour la terre de trembler, et pour le voile antique de se d\u00e9chirer. \u00bb Le colloque organis\u00e9 en septembre 2013 par la soci\u00e9t\u00e9 de Port-Royal pour le tricentenaire de la fulmina-tion de l\u2019Unigenitus souhaite examiner selon quatre axes la dimension de choc et de scandale qu\u2019a comport\u00e9 la censure cl\u00e9mentine :<\/p>\n<ul>\n<li> un axe politique et \u00e9v\u00e9nementiel : il s\u2019agira de revenir sur les circonstances politiques dans lesquelles la Bulle a \u00e9t\u00e9 publi\u00e9e et de suivre l\u2019onde de choc qu\u2019elle a provoqu\u00e9e en France mais aussi, plus g\u00e9n\u00e9ralement, dans la catholicit\u00e9 ; il conviendra \u00e9galement d\u2019examiner la perception que les protestants ont pu avoir de la d\u00e9cision romaine et comment ils ont suivi les p\u00e9rip\u00e9ties de la lutte antijans\u00e9-niste peu avant et apr\u00e8s 1713.<\/li>\n<li> un axe doctrinal et th\u00e9ologique : la fulmination de l\u2019Unigenitus a \u00e9t\u00e9 pr\u00e9-par\u00e9e par une radicalisation de la querelle de la gr\u00e2ce perceptible dans les deux ann\u00e9es qui la pr\u00e9c\u00e8dent. Il conviendra de revenir sur le contenu th\u00e9ologique de la Bulle en elle-m\u00eame, mais aussi sur les mutations doctrinales de la querelle de auxiliis \u00e0 partir du d\u00e9but des ann\u00e9es 1710 et durant l\u2019entier XVIII<sup>e<\/sup> si\u00e8cle, qui ne cesse de tirer les le\u00e7ons de l\u2019Unigenitus. Ne devra pas \u00eatre oubli\u00e9e l\u2019\u00e9volution des pratiques m\u00eames et des formes discursives de la controverse th\u00e9ologique.<\/li>\n<li> un axe eccl\u00e9siologique : la Bulle a imm\u00e9diatement suscit\u00e9 une intense controverse sur l\u2019autorit\u00e9 du souverain pontife en mati\u00e8re de foi qui a repris nom-bre d\u2019arguments d\u00e9j\u00e0 d\u00e9velopp\u00e9s au temps de la fulmination de la Bulle Cum occasione. Il faudra tenter de prendre la mesure des enjeux proprement romains de la publication de l\u2019Unigenitus et de son retentissement sur l\u2019image du Saint-Si\u00e8ge. En m\u00eame temps, il conviendra de s\u2019interroger sur la place de l\u2019Unigenitus dans le processus moderne de politicisation de la th\u00e9ologie.<\/li>\n<li> un axe historiographique : d\u00e8s sa fulmination, l\u2019Unigenitus a suscit\u00e9 nom-bre d\u2019analyses historiques. L\u2019axe devra en suivre la formulation de 1713 jusqu\u2019\u00e0 nos jours et contribuer \u00e0 dessiner les contours du mythe historique de l\u2019Unigenitus tout en prenant garde \u00e0 la comp\u00e9n\u00e9tration, d\u00e9sormais pr\u00e9gnante dans la querelle jans\u00e9niste, de l\u2019histoire et de la th\u00e9ologie.<\/li>\n<\/ul>\n<h2>Programme<\/h2>\n<p>8 SEPTEMBRE 1713 : LE CHOC DE L\u2019UNIGENITUS<\/p>\n<p>MERCREDI 2 OCTOBRE 2013<br \/>\n13h45  Accueil des participants<br \/>\n***<br \/>\n14H  INTRODUCTION<br \/>\nSYLVIO DE FRANCESCHI \/ OLIVIER ANDURAND<br \/>\n***<br \/>\nLa Bulle dans les d\u00e9bats jans\u00e9nistes de la traduction et de la gr\u00e2ce<br \/>\n14H30  SIMON ICARD (CNRS-LEM)<br \/>\n\u00ab Autour de la 13e proposition condamn\u00e9e de l\u2019Unigenitus \u00bb<br \/>\n***<br \/>\n15H  SYLVIO DE FRANCESCHI (EPHE)<br \/>\n\u00ab Le d\u00e9bat sur les rapports entre thomisme et jans\u00e9nisme \u00e0 l&rsquo;\u00e9poque de l&rsquo;Unigenitus \u00bb<br \/>\n***<br \/>\nDiscussion \/ Pause<br \/>\n***<br \/>\n16H  ELS AGTEN (UNIV. LEUVEN)<br \/>\n\u00ab Pasquier Quesnel et la traduction de la Bible en langue vernaculaire en Hollande. La situation avant et apr\u00e8s le choc de l\u2019Unigenitus \u00bb<br \/>\n***<br \/>\n16H30  BERNARD CH\u00c9DOZEAU (IA-IPR HONORAIRE)<br \/>\n\u00ab La Bulle et la Bible \u00bb<br \/>\n***<br \/>\nDiscussion<\/p>\n<p>JEUDI 3 OCTOBRE 2013<\/p>\n<p>Aspects th\u00e9ologico-politiques de la Bulle<\/p>\n<p>9H  DICK SCHOON (\u00c9GLISE VIEILLE CATHOLIQUE DE HOLLANDE)<br \/>\n\u00ab L&rsquo;Unigenitus en Hollande. Le clerg\u00e9 \u00e9piscopal entre ob\u00e9issance et ind\u00e9pendance \u00bb<\/p>\n<p>***<\/p>\n<p>9H30  MICH\u00c8LE BRETZ (UNIV. PARIS 13)<br \/>\n\u00ab La Constitution est le terme o\u00f9 sont venus aboutir tous les maux de l&rsquo;\u00c9glise : l&rsquo;eccl\u00e9siologie de l&rsquo;abb\u00e9 d&rsquo;\u00c9temare \u00bb<\/p>\n<p>***<\/p>\n<p>10H  OLIVIER ANDURAND (UNIV. PARIS-OUEST, CHISCO)<br \/>\n\u00ab La traduction gallicane de la Bulle : l\u2019Instruction pastorale des XL \u00bb<\/p>\n<p>***<\/p>\n<p>Discussion \/ Pause<\/p>\n<p>***<br \/>\n11H  HENRI DURANTON (UNIV. ST-ETIENNE)<br \/>\n\u00ab La Th\u00e9ologie \u00e0 l\u2019encan, la po\u00e9sie satirique au service du bon combat \u00bb<\/p>\n<p>***<\/p>\n<p>11H30  ST\u00c9PHANIE RAMBAUD (BIBLIOTH\u00c8QUE MAZARINE)<br \/>\n\u00ab Les Sarcelades : une enqu\u00eate dans les fonds pamphl\u00e9taires jans\u00e9nistes de la Biblioth\u00e8que Mazarine \u00bb<\/p>\n<p>***<\/p>\n<p>Discussion<\/p>\n<p>***<\/p>\n<p>La R\u00e9ception de la Bulle et les forces politiques en pr\u00e9sence<br \/>\n14H  JEAN-PHILIPPE LLORED (CPGE, NICE)<br \/>\n\u00ab Le parti du cardinal de Noailles et l\u2019eccl\u00e9siologie \u00bb<\/p>\n<p>***<br \/>\n14H30  CLAUDE MULLER (UNIV. STRASBOURG)<br \/>\n\u00ab Orthodoxie et h\u00e9t\u00e9rodoxie. Gaston de Rohan, un fer de lance contre les jans\u00e9nistes ? \u00bb<\/p>\n<p>***<\/p>\n<p>Discussion \/ Pause<\/p>\n<p>***<\/p>\n<p>15H30  LOUIS DE CARBONNI\u00c8RES (UNIV. LILLE 3)<br \/>\n\u00ab Gilbert de Voisins, le parquet du Parlement de Paris face \u00e0 l\u2019Unigenitus \u00bb<\/p>\n<p>***<\/p>\n<p>16H  PHILIPPE MOULIS (UNIV. ARTOIS)<br \/>\n\u00ab L&rsquo;impact de la bulle Unigenitus dans le Nord de la France de 1713 \u00e0 1730 \u00bb<\/p>\n<p>Discussion<\/p>\n<p>***<\/p>\n<p>VENDREDI 4 OCTOBRE 2013<br \/>\nLa Bulle hors de France<\/p>\n<p>9H  ALBANE PIALOUX (UNIV. PARIS SORBONNE)<br \/>\n\u00ab La \u00a0\u00bb grande affaire \u00a0\u00bb Unigenitus dans les relations entre la France et Rome de Beno\u00eet XIII \u00e0 Beno\u00eet XIV \u00bb<\/p>\n<p>***<\/p>\n<p>9H30  MICHEL VAN MEERBEECK (UNIV. LEUVEN)<br \/>\n\u00ab Un r\u00e9pertoire d\u2019acceptants dans l\u2019archidioc\u00e8se de Malines \u00e9tabli par le cardinal d\u2019Alsace \u00bb<\/p>\n<p>***<\/p>\n<p>Discussion \/ Pause<\/p>\n<p>***<br \/>\n10H30  LEONHARD HELL (UNIV. MAYENCE)<br \/>\n\u00ab Inclementia Clementis. Quelques r\u00e9actions luth\u00e9riennes \u00e0 la bulle Unigenitus \u00bb<\/p>\n<p>***<\/p>\n<p>11H  EMMANUEL LACAM (ENC \/ UNIV. PARIS-OUEST, CHISCO)<br \/>\n\u00ab \u00a0\u00bb Rome n\u2019est plus dans Rome \u00ab\u00a0. L\u2019activisme m\u00e9diterran\u00e9en d\u2019un r\u00e9formateur jans\u00e9niste pour la promulgation d\u2019une contre-Unigenitus : l\u2019abb\u00e9 Jean-Charles Augustin Cl\u00e9ment (1754-1771) \u00bb<\/p>\n<p>***<\/p>\n<p>Discussion<\/p>\n<p>***<\/p>\n<p>Lectures de l\u2019Unigenitus<\/p>\n<p>14H  DANIEL-ODON HUREL (CNRS-LEM)<br \/>\n\u00ab Les lectures b\u00e9n\u00e9dictines de la Bulle \u00bb<\/p>\n<p>***<\/p>\n<p>14H30  CHRISTINE GOUZI (UNIV. PARIS SORBONNE)<br \/>\n\u00ab La bulle Unigenitus vue par la gravure : entre contestation et explication \u00bb<\/p>\n<p>***<\/p>\n<p>15H  JEAN-PIERRE CHANTIN (UNIV. LYON 3)<br \/>\n\u00ab Cent ans apr\u00e8s : Unigenitus dans les controverses autour du jans\u00e9nisme (1802-1848) \u00bb<\/p>\n<p>***<\/p>\n<p>Discussion \/ Pause<\/p>\n<p>***<\/p>\n<p>16H  CONCLUSIONS par MONIQUE COTTRET (UNIV. PARIS-OUEST, CHISCO)<\/p>\n<div id='gallery-1' class='gallery galleryid-216 gallery-columns-3 gallery-size-thumbnail'><dl class='gallery-item'>\n\t\t\t<dt class='gallery-icon portrait'>\n\t\t\t\t<a href='http:\/\/www.amisdeportroyal.org\/societe\/wp-content\/uploads\/2013\/06\/image_affiche_colloque_officiel.jpg'><img width=\"140\" height=\"140\" src=\"http:\/\/www.amisdeportroyal.org\/societe\/wp-content\/uploads\/2013\/06\/image_affiche_colloque_officiel-150x150.jpg\" class=\"attachment-thumbnail size-thumbnail\" alt=\"Affiche du colloque\" decoding=\"async\" loading=\"lazy\" aria-describedby=\"gallery-1-218\" \/><\/a>\n\t\t\t<\/dt>\n\t\t\t\t<dd class='wp-caption-text gallery-caption' id='gallery-1-218'>\n\t\t\t\tAffiche du colloque\n\t\t\t\t<\/dd><\/dl>\n\t\t\t<br style='clear: both' \/>\n\t\t<\/div>\n\n","protected":false},"excerpt":{"rendered":"<p>Le colloque annuel de la Soci\u00e9t\u00e9 portera en 2013, pour le tricentenaire de la bulle Unigenitus, sur l&rsquo;\u00e9moi que provoqua la constitution de Cl\u00e9ment XI. Il se tiendra \u00e0 Versailles les 3 et 4 octobre 2013. <a href=\"http:\/\/www.amisdeportroyal.org\/societe\/index.php\/colloque-2013-le-choc-de-l\/\">Continuer la lecture <span class=\"meta-nav\">&rarr;<\/span><\/a><\/p>\n","protected":false},"author":1,"featured_media":218,"parent":0,"menu_order":0,"comment_status":"closed","ping_status":"open","template":"","meta":[],"categories":[9],"tags":[],"_links":{"self":[{"href":"http:\/\/www.amisdeportroyal.org\/societe\/index.php\/wp-json\/wp\/v2\/pages\/216"}],"collection":[{"href":"http:\/\/www.amisdeportroyal.org\/societe\/index.php\/wp-json\/wp\/v2\/pages"}],"about":[{"href":"http:\/\/www.amisdeportroyal.org\/societe\/index.php\/wp-json\/wp\/v2\/types\/page"}],"author":[{"embeddable":true,"href":"http:\/\/www.amisdeportroyal.org\/societe\/index.php\/wp-json\/wp\/v2\/users\/1"}],"replies":[{"embeddable":true,"href":"http:\/\/www.amisdeportroyal.org\/societe\/index.php\/wp-json\/wp\/v2\/comments?post=216"}],"version-history":[{"count":1,"href":"http:\/\/www.amisdeportroyal.org\/societe\/index.php\/wp-json\/wp\/v2\/pages\/216\/revisions"}],"predecessor-version":[{"id":219,"href":"http:\/\/www.amisdeportroyal.org\/societe\/index.php\/wp-json\/wp\/v2\/pages\/216\/revisions\/219"}],"wp:featuredmedia":[{"embeddable":true,"href":"http:\/\/www.amisdeportroyal.org\/societe\/index.php\/wp-json\/wp\/v2\/media\/218"}],"wp:attachment":[{"href":"http:\/\/www.amisdeportroyal.org\/societe\/index.php\/wp-json\/wp\/v2\/media?parent=216"}],"wp:term":[{"taxonomy":"category","embeddable":true,"href":"http:\/\/www.amisdeportroyal.org\/societe\/index.php\/wp-json\/wp\/v2\/categories?post=216"},{"taxonomy":"post_tag","embeddable":true,"href":"http:\/\/www.amisdeportroyal.org\/societe\/index.php\/wp-json\/wp\/v2\/tags?post=216"}],"curies":[{"name":"wp","href":"https:\/\/api.w.org\/{rel}","templated":true}]}}