{"id":139,"date":"2011-01-05T22:21:20","date_gmt":"2011-01-05T21:21:20","guid":{"rendered":"http:\/\/www.amisdeportroyal.org\/societe\/index.php\/2011\/01\/05\/univers-port-royal90\/"},"modified":"2021-09-30T22:17:57","modified_gmt":"2021-09-30T20:17:57","slug":"univers-port-royal90","status":"publish","type":"page","link":"http:\/\/www.amisdeportroyal.org\/societe\/index.php\/univers-port-royal90\/","title":{"rendered":"Univers Port-Royal"},"content":{"rendered":"<p class=\"post_excerpt\">Le fonds Nolin \u00e9tant indisponible actuellement, les \u00e9ditions Garnier vont r\u00e9imprimer les 23 premiers titres de la collection \u00ab\u00a0Univers Port-Royal\u00a0\u00bb, dirig\u00e9e par J. Lesaulnier et Laurence Plazenet. D&rsquo;autres ouvrages sont en cours de pr\u00e9paration.<\/p>\n<h2>Titres parus<\/h2>\n<p>1. Jean Lesaulnier, <em>Images de Port-Royal<\/em>, t. I, Paris, Nolin, 2002, 596 p. (r\u00e9impr. Paris, Classiques Garnier, 2015).<\/p>\n<p>2. Fr\u00e9d\u00e9ric Delforge, <em>Jacqueline Pascal 1625-1661<\/em>, Paris, Nolin 2002, 160 p.; r\u00e9imprim\u00e9 par Garnier en 2016<\/p>\n<p>3. <em>Jans\u00e9nisme et puritanisme<\/em>, dir. B. Cottret, M. Cottret et M.-J. Michel, Paris, Nolin, 2002, 240 p.<\/p>\n<p>R\u00e9impression aux Editions Classiques Garnier, 2017<\/p>\n<p>4. Claude Lancelot, <em>M\u00e9moires touchant la vie de M. de Saint-Cyran<\/em>, \u00e9d. D. Donetzkoff, Paris, Nolin, 2003, 456 p.<\/p>\n<p>5. <em>Constitutions du monast\u00e8re de Port-Royal du Saint-Sacrement<\/em>, \u00e9d. V. Alemany et J. Lesaulnier, Paris, Nolin, 2004, reli\u00e9, 192 p.<\/p>\n<p>6. <em>Lettres d\u2019Antoine Singlin<\/em>, \u00e9d. A.-C. Josse, Paris, Nolin, 2004, 556 p; r\u00e9imprim\u00e9 par Garnier en 2020.<\/p>\n<p>7. Bernard Ch\u00e9dozeau, <em>Port-Royal et La Bible. I. Un si\u00e8cle d\u2019or de la Bible en France (1650-1708)<\/em>, Paris, Nolin, 2007, 512 p.<\/p>\n<p>8. Christine Gouzi, <em>L\u2019art et le jans\u00e9nisme au XVIIIe si\u00e8cle<\/em>, Paris, Nolin, 2007, 320 p., 107 illustrations (tableaux et gravures).<\/p>\n<p>9. Jacques Gr\u00e8s-Gayer, <em>D\u2019un jans\u00e9nisme \u00e0 l\u2019autre. Chroniques de Sorbonne (1696-1713)<\/em>, Paris, Nolin, 2007, 576 p.<\/p>\n<p>10. J. A. G. Tans, <em>Pasquier Quesnel et le jans\u00e9nisme en Hollande<\/em>, Nolin, 2007, 202 p.<\/p>\n<p>11. Antoine Baudry de Saint-Gilles d\u2019Asson, <em>Journal d\u2019un solitaire de Port-Royal<\/em>, \u00e9d. J. Lesaulnier, Paris, Nolin, 2008, 380 p.<\/p>\n<p>12. Fran\u00e7oise de Noirfontaine, <em>Croire, souffrir et r\u00e9sister. Lettres de religieuses opposantes \u00e0 la bulle Unigenitus adress\u00e9es aux \u00e9v\u00eaques Charles-Joachim Colbert de Croissy et Jean Soanen (1720-1740)<\/em>, Paris, Nolin, 2009, 418 p.<\/p>\n<p>13. Dr Georges Duboucher, <em>Port-Royal et la m\u00e9decine<\/em>, Paris, Nolin, 2010, 158 p.<\/p>\n<p>14. Sylvio Hermann De Franceschi, <em>Entre saint Augustin et saint Thomas. Les jans\u00e9nistes et le refuge thomiste (1653-1663)\u00a0: \u00e0 propos des 1e, 2e et 18e Provinciales<\/em>, Paris, Nolin, 2009, 280 p.<\/p>\n<p>R\u00e9impression aux Editions Classiques Garnier, 2017<\/p>\n<p>15. F. Ellen Weaver, <em>Le Domaine de Port-Royal. Histoire documentaire 1669-1710<\/em>, paru \u00e0 la mi-octobre, Paris, Nolin, 2009, 317 p.<\/p>\n<p>16. <em>L\u2019Abb\u00e9 Gr\u00e9goire et Port-Royal<\/em>, textes r\u00e9unis par V. Guittienne et J. Lesaulnier, Paris, Nolin, 2010, 150 p.<\/p>\n<p>17. <em>Philippe de Champaigne ou la figure du peintre jans\u00e9niste<\/em>, textes r\u00e9unis par M. Cojannot-Leblanc, Paris, Nolin, 2011, 218 p.<\/p>\n<p>18. <em>Port-Royal et la prison<\/em>, textes r\u00e9unis par J. Lesaulnier, Paris, Nolin, 2011, 230 p.<\/p>\n<p>19. Maria Vita Romeo, <em>Le Retentissement des Provinciales en Italie<\/em>, Paris, Nolin, 2011, 196 p.<\/p>\n<p>20. Sylvio Hermann De Franceschi, <em>La Puissance et la Gloire. L\u2019Orthodoxie thomiste au p\u00e9ril du jans\u00e9nisme (1663-1724)\u00a0: le z\u00e9nith fran\u00e7ais de la querelle de la gr\u00e2ce<\/em>, Paris, Nolin, 2011, 555 p.<\/p>\n<p>R\u00e9impression aux Editions Classiques Garnier, 2017<\/p>\n<p>21. R\u00e9mi Mathis, <em>Le Solitaire et le Ministre. Autour de la correspondance entre Arnauld d\u2019Andilly et Arnauld de Pomponne (1642-1674)<\/em>, Paris, Nolin, 2012, 271 p.<\/p>\n<p>22. Denis Donetzkoff, <em>Saint-Cyran \u00e9pistolier. Un ma\u00eetre spirituel au Grand Si\u00e8cle<\/em>, Paris, Nolin, 2012, 515 p.<\/p>\n<p>23. Jean-Fran\u00e7ois Grivel, <em>\u00c9duquer le peuple. Une \u00e9cole jans\u00e9niste au faubourg Saint-Antoine \u00e0 la veille de la R\u00e9volution<\/em>, \u00e9d. M. Cottret, V. Guittienne-M\u00fcrger et F. Vandermarcq, Paris, Nolin, 2013, 262 p.<\/p>\n<p>24. Abb\u00e9 Gr\u00e9goire, <em>Lettres in\u00e9dites sur l&rsquo;<\/em>Augustinus<em> &#8211; \u00c9loge du jans\u00e9nisme dans le sillage des<\/em> Provinciales, \u00e9d. Jean Dubray, Paris, Classiques Garnier, 2015, 277 p.<\/p>\n<p>25. Jean Lesaulnier, <em>Images de Port-Royal<\/em>, t. II, Paris, Classiques Garnier, 2015, 543 p.<\/p>\n<p>26. Laurence Plazenet (dir.), <em>La M\u00e9moire \u00e0 Port-Royal, De la c\u00e9l\u00e9bration eucharistique au t\u00e9moignage<\/em>, Paris, Classiques Garnier, 2016, 256 p.<\/p>\n<p>27. Boris Tarassov, <em>Pascal et la culture russe<\/em>, trad. Fran\u00e7oise Lesourd, Paris, Classiques Garnier, 2016, 354 p.<\/p>\n<p>28. Patricia Touboul, Laurence Devillairs, Alberto Frigo, <em>F\u00e9nelon et Port-Royal<\/em>, Classiques Garnier, 2017.<\/p>\n<p>29. Abb\u00e9 Gr\u00e9goire, <em>Correspondance de l\u2019abb\u00e9 Gr\u00e9goire<\/em>, \u00e9d. Jean Dubray, Classiques Garnier, 2017, t. 1, 1791 \u00e0 1795.<\/p>\n<p>30. J. Derenne, <em>Recherches arnaldiennes. Th\u00e9orie raisonn\u00e9e des id\u00e9es chez Antoine Arnauld : reprise et prolongement du projet cart\u00e9sien<\/em>, Classiques Garnier, 2017, t. 1, 137 p.<\/p>\n<p>31. Jean-Robert Armogathe, <em>Antoine Arnauld (1612-1694)<\/em>, 31, 288 p., \u00e9dition augment\u00e9e.<\/p>\n<p>32. Eva Martin, <em>Esth\u00e9tiques de Port-Royal<\/em>, avec une pr\u00e9face de Philippe Luez, n\u00b0 32, 2018, 638 p.<\/p>\n<p>33. C\u00e9cile Gazier,\u00a0<i>Histoire du monast\u00e8re de Port-Royal<\/i>, \u00e9d. augment\u00e9e de J. Lesaulnier, pr\u00e9face de Bernard Gazier et Fabien Vandermarcq, 2019;<\/p>\n<p>34. Abb\u00e9 Gr\u00e9goire, <em>Correspondance de l&rsquo;abb\u00e9 Gr\u00e9goire avec son clerg\u00e9 du Loir-et-Cher<\/em>, t. II, 1696-1697, \u00e9d. de Jean Dubray, n\u00b0 34, 2018, 318 p.<\/p>\n<p>35. Elena Ciocoiu,\u00a0<i>Les Configurations de l&rsquo;imaginaire pascalien,<\/i>,avec une pr\u00e9face de G\u00e9rard Ferreyrolles, 2019, 327 pages<\/p>\n<div>n\u00b0 36 : J. Lesaulnier,\u00a0<i>Philippe de Champaigne et Port-Royal. T\u00e9moignages \u00e9pistolaires<\/i>, 2019, 159 p.<\/p>\n<\/div>\n<div>n\u00b0 37-38 : Ang\u00e9lique Arnauld,\u00a0<i>Oeuvres compl\u00e8tes<\/i>, \u00e9d. J. Lesaulnier, F. Pouge-Bellais et A.-C. Volongo, t. I, vol. I et t.\u00a0I, vol. II, 1093 et 2006 p.<\/div>\n<p>39.\u00a0<i>Correspondance de l&rsquo;abb\u00e9 Gr\u00e9goire avec son clerg\u00e9 du Loir-et-Cher, <\/i>Tome III 1798-1800, et t. IV 1801-1804, \u00e9d. critique de Jean Dubray, 2019 ;<\/p>\n<div>n\u00b0 40 : Robert Arnauld d&rsquo;Andilly,\u00a0<i>Oeuvres chr\u00e9tiennes (1644)<\/i>, \u00e9d. Tony Gheraert,\u00a02020, 290 p.<\/p>\n<\/div>\n<div>n\u00b0 41 : abb\u00e9 Gr\u00e9goire,\u00a0<i>Correspondance de l&rsquo;abb\u00e9 Gr\u00e9goire avec son clerg\u00e9 du Loir-et-Cher<\/i>, t. IV, 1801-1804, \u00e9d. J. Dubray, 2020, 239 p.<\/p>\n<\/div>\n<div>n\u00b0 42 : H\u00e9l\u00e8ne Bouchilloux,\u00a0<i>Avec Pascal<\/i>, 2020, 353 p.<\/p>\n<\/div>\n<div>n\u00b0 43 : Sylvain Hilaire,\u00a0<i>Le Jardin de Port-Royal. Etude des jardins et des paysages culturel<\/i>s, 2020, 771 p.<\/p>\n<\/div>\n<div>n\u00b0 44 : A. Arnauld&#8230;., t. I, vol. III, 2020, 2849 p.<\/p>\n<\/div>\n<div>n\u00b0 45 : Mich\u00e8le Bretz,\u00a0<i>De Port-Royal au jans\u00e9nisme \u00e0 travers les Relations de captivit\u00e9<\/i>, 2021, 295 p.<\/p>\n<\/div>\n<div>n\u00b0 47 : Abb\u00e9 Gr\u00e9goire,\u00a0<i>Lettres de voyage (1792-1809)<\/i>, \u00e9d. J. Dubray, avec la collaboration de Pierre E. Richard, 2021, 209 p.<\/div>\n<div><\/div>\n","protected":false},"excerpt":{"rendered":"<p>Le fonds Nolin \u00e9tant indisponible actuellement, les \u00e9ditions Garnier vont r\u00e9imprimer les 23 premiers titres de la collection \u00ab\u00a0Univers Port-Royal\u00a0\u00bb, dirig\u00e9e par J. Lesaulnier. D&rsquo;autres ouvrages sont en cours de pr\u00e9paration. <\/p>\n<p> <a href=\"http:\/\/www.amisdeportroyal.org\/societe\/index.php\/univers-port-royal90\/\">Continuer la lecture <span class=\"meta-nav\">&rarr;<\/span><\/a><\/p>\n","protected":false},"author":1,"featured_media":138,"parent":0,"menu_order":0,"comment_status":"closed","ping_status":"open","template":"","meta":[],"categories":[18],"tags":[],"_links":{"self":[{"href":"http:\/\/www.amisdeportroyal.org\/societe\/index.php\/wp-json\/wp\/v2\/pages\/139"}],"collection":[{"href":"http:\/\/www.amisdeportroyal.org\/societe\/index.php\/wp-json\/wp\/v2\/pages"}],"about":[{"href":"http:\/\/www.amisdeportroyal.org\/societe\/index.php\/wp-json\/wp\/v2\/types\/page"}],"author":[{"embeddable":true,"href":"http:\/\/www.amisdeportroyal.org\/societe\/index.php\/wp-json\/wp\/v2\/users\/1"}],"replies":[{"embeddable":true,"href":"http:\/\/www.amisdeportroyal.org\/societe\/index.php\/wp-json\/wp\/v2\/comments?post=139"}],"version-history":[{"count":7,"href":"http:\/\/www.amisdeportroyal.org\/societe\/index.php\/wp-json\/wp\/v2\/pages\/139\/revisions"}],"predecessor-version":[{"id":2860,"href":"http:\/\/www.amisdeportroyal.org\/societe\/index.php\/wp-json\/wp\/v2\/pages\/139\/revisions\/2860"}],"wp:featuredmedia":[{"embeddable":true,"href":"http:\/\/www.amisdeportroyal.org\/societe\/index.php\/wp-json\/wp\/v2\/media\/138"}],"wp:attachment":[{"href":"http:\/\/www.amisdeportroyal.org\/societe\/index.php\/wp-json\/wp\/v2\/media?parent=139"}],"wp:term":[{"taxonomy":"category","embeddable":true,"href":"http:\/\/www.amisdeportroyal.org\/societe\/index.php\/wp-json\/wp\/v2\/categories?post=139"},{"taxonomy":"post_tag","embeddable":true,"href":"http:\/\/www.amisdeportroyal.org\/societe\/index.php\/wp-json\/wp\/v2\/tags?post=139"}],"curies":[{"name":"wp","href":"https:\/\/api.w.org\/{rel}","templated":true}]}}