{"id":137,"date":"2010-12-24T18:31:12","date_gmt":"2010-12-24T17:31:12","guid":{"rendered":"http:\/\/www.amisdeportroyal.org\/societe\/index.php\/2010\/12\/24\/le-dictionnaire-de-port-royal\/"},"modified":"2021-03-19T13:39:52","modified_gmt":"2021-03-19T12:39:52","slug":"le-dictionnaire-de-port-royal","status":"publish","type":"page","link":"http:\/\/www.amisdeportroyal.org\/societe\/index.php\/le-dictionnaire-de-port-royal\/","title":{"rendered":"Le <i>Dictionnaire de Port-Royal<\/i>"},"content":{"rendered":"<p class=\"post_excerpt\"><i>Dictionnaire de Port-Royal<\/i>, \u00e9labor\u00e9 sous la direction de Jean Lesaulnier et Antony McKenna, Paris, Honor\u00e9 Champion, \u00ab\u00a0Dictionnaires et r\u00e9f\u00e9rences\u00a0\u00bb, 11, 2004, 1 volume de 24cm x 34 cm de 1176 pages, 375 euros.<\/p>\n<h2>Un monument d&rsquo;historiographie port-royaliste: le <i>Dictionnaire de Port-Royal<\/i><\/h2>\n<p>Le <em>Dictionnaire de Port-Royal <\/em> est peut-\u00eatre l&rsquo;\u00e9v\u00e9nement \u00e9ditorial le plus important depuis Sainte-Beuve sur l&rsquo;histoire de l&rsquo;abbaye et du mouvement jans\u00e9niste au XVII<sup>e<\/sup> si\u00e8cle: \u00e9pais de 1176 pages, r\u00e9alis\u00e9 par une soixantaine de collaborateurs, pr\u00e9par\u00e9 pendant plus de dix ans, il pr\u00e9sente des centaines d&rsquo;articles biographiques o\u00f9, aux c\u00f4t\u00e9s des noms obscurs de religieuses ou de Solitaires oubli\u00e9s, on retrouve la plupart des personnages marquants de l&rsquo;Histoire et de la litt\u00e9rature du Grand Si\u00e8cle; leur pr\u00e9sence r\u00e9v\u00e8le que non seulement Pascal et Racine, mais aussi La Rochefoucauld, Perrault ou encore La Fontaine \u00e9taient en relation \u00e9troite avec le monast\u00e8re de la vall\u00e9e de Chevreuse. Des mises au point plus th\u00e9matiques, \u00e9galement r\u00e9dig\u00e9es par les meilleurs sp\u00e9cialistes, trouvent aussi leur place dans cet ouvrage qui consacre une entr\u00e9e aux \u00ab\u00a0Granges de Port-Royal\u00a0\u00bb, \u00e0 \u00ab\u00a0Magny-les-Hameaux\u00a0\u00bb ou encore \u00e0 \u00ab\u00a0l&rsquo;Universit\u00e9 de Louvain\u00a0\u00bb, hauts lieux jans\u00e9nistes. Cette somme imposante s&rsquo;ouvre sur deux longues introductions r\u00e9dig\u00e9es par des Professeurs \u00e9m\u00e9rites de la Sorbonne: l&rsquo;une, de Jean Mesnard, sur \u00ab\u00a0Port-Royal: la culture et la soci\u00e9t\u00e9\u00a0\u00bb; l&rsquo;autre, de Philippe Sellier, sur \u00ab\u00a0Port-Royal: litt\u00e9rature et th\u00e9ologie\u00a0\u00bb. Ces deux textes constituent une entr\u00e9e en mati\u00e8re historique et litt\u00e9raire indispensable. Le <em>Dictionnaire <\/em> se cl\u00f4t sur un impressionnant appareil critique: la chronologie, les index, les onze appendices, les tableaux g\u00e9n\u00e9aologiques et les tables rendent particuli\u00e8rement commode l&rsquo;utilisation de ce fort in-folio. Cette rigueur scientifique irr\u00e9prochable n&rsquo;\u00f4te toutefois rien \u00e0 l&rsquo;agr\u00e9ment constant de la lecture: de nombreux plans, gravures, portraits, photos, tableaux en couleurs (o\u00f9 l&rsquo;oeuvre de Champaigne occupe bien s\u00fbr une place pr\u00e9\u00e9minente), illustrent un ouvrage qui n&rsquo;a rien d&rsquo;une encyclop\u00e9die pesante et aust\u00e8re; imprim\u00e9 sur un papier de qualit\u00e9 aussi plaisant \u00e0 lire qu&rsquo;\u00e0 feuilleter, il nous convie \u00e0 une longue promenade en terre jans\u00e9niste et nous offre ainsi une vaste fresque o\u00f9 l&rsquo;on voit se dessiner un certain visage de la France classique, toute enti\u00e8re \u00e9clair\u00e9e par le clair-obscur d&rsquo;un Port-Royal dont la lumi\u00e8re irradie \u00e0 travers toute le Grand Si\u00e8cle et lui donne sa couleur sombre et grave.<\/p>\n<h2>Quatri\u00e8me page de couverture<\/h2>\n<p>Le Dictionnaire de Port-Royal est un dictionnaire bio-bibliographique de tous les personnages li\u00e9s \u00e0 Port-Royal au XVII<sup>e<\/sup> si\u00e8cle. Il comporte des articles sur quelque 2 500 personnages, institutions, ordres religieux, lieux privil\u00e9gi\u00e9s de l&rsquo;histoire de Port-Royal entre 1599 et 1710, avec 285 illustrations. On y trouvera en outre une Introduction sur la place de Port-Royal dans l&rsquo;histoire culturelle du XVII<sup>e<\/sup> si\u00e8cle (par Jean Mesnard), et sur la th\u00e9ologie de Port-Royal (par Philippe Sellier), une chronologie d\u00e9taill\u00e9e de l&rsquo;histoire de Port-Royal, les listes \u00e9tablies, pour la premi\u00e8re fois, des religieuses et des pensionnaires de l&rsquo;abbaye, des professeurs et des \u00e9l\u00e8ves des Petites-Ecoles, les cartes utiles, la liste des manuscrits et la bibliographie chronologique de tous les documents exploit\u00e9s.<\/p>\n<p>Le <em>Dictionnaire de Port-Royal <\/em> est le fruit du travail d&rsquo;une \u00e9quipe de chercheurs sur une quinzaine d&rsquo;ann\u00e9es. Les articles proposent la synth\u00e8se des connaissances \u00e9chang\u00e9es au cours des si\u00e8cles et ouvrent de nouvelles perspectives au moyen d&rsquo;enqu\u00eates archivistiques et de recherches nouvelles.<\/p>\n<p>Le <em>Dictionnaire <\/em> a \u00e9t\u00e9 \u00e9labor\u00e9 sous la direction de Jean Lesaulnier et Antony McKenna, avec la collaboration de Fr\u00e9d\u00e9ric Delforge, Jean Mesnard, R\u00e9gine Pouzet et Philippe Sellier, et de nombreux autres chercheurs.<\/p>\n<h2>Comptes rendus et distinctions<\/h2>\n<p>Le <em>Dictionnaire de Port-Royal <\/em> a \u00e9t\u00e9 couronn\u00e9 en 2005 par le \u00ab\u00a0Prix XVII<sup>e<\/sup> Si\u00e8cle\u00a0\u00bb (Prix de la Soci\u00e9t\u00e9 d&rsquo;Etude du XVII<sup>e<\/sup> Si\u00e8cle), et par le prix chanoine Delpeuch (Prix de l&rsquo;Institut de France, Acad\u00e9mie des sciences morales et politiques).<\/p>\n<p>Le Dictionnaire a fait l&rsquo;objet de plusieurs compte rendus:<\/p>\n<ul>\n<li>Georges Poisson, membre d&rsquo;honneur de notre Soci\u00e9t\u00e9, dans les <em>Cahiers Saint-Simon<\/em>, n\u00b0 33, 2005, p.99-100.<\/li>\n<li>Franz Obermeier, dans la<em> Zeitschrift f\u00fcr Bibliothek, Archiv und Information in Norddeutschland<\/em>, 25, mars 2005, Heft 1, p. 176-180.<\/li>\n<li>Olivier Poncet,<em> Revue d&rsquo;histoire de l&rsquo;Eglise de France<\/em>, 91, 2005, 414-416.<\/li>\n<li>Yves Krumenacker, <em>Revue d&rsquo;histoire eccl\u00e9siastique<\/em> (Louvain), 101, 2, 2006, p. 838-839.<\/li>\n<\/ul>\n","protected":false},"excerpt":{"rendered":"<p><i>Dictionnaire de Port-Royal<\/i>, \u00e9labor\u00e9 sous la direction de Jean Lesaulnier et Antony McKenna, Paris, Honor\u00e9 Champion, \u00ab\u00a0Dictionnaires et r\u00e9f\u00e9rences\u00a0\u00bb, 11, 2004, 1 volume de 24cm x 34 cm de 1176 pages, 320 Euros. <a href=\"http:\/\/www.amisdeportroyal.org\/societe\/index.php\/le-dictionnaire-de-port-royal\/\">Continuer la lecture <span class=\"meta-nav\">&rarr;<\/span><\/a><\/p>\n","protected":false},"author":1,"featured_media":136,"parent":0,"menu_order":0,"comment_status":"closed","ping_status":"open","template":"","meta":[],"categories":[21],"tags":[],"_links":{"self":[{"href":"http:\/\/www.amisdeportroyal.org\/societe\/index.php\/wp-json\/wp\/v2\/pages\/137"}],"collection":[{"href":"http:\/\/www.amisdeportroyal.org\/societe\/index.php\/wp-json\/wp\/v2\/pages"}],"about":[{"href":"http:\/\/www.amisdeportroyal.org\/societe\/index.php\/wp-json\/wp\/v2\/types\/page"}],"author":[{"embeddable":true,"href":"http:\/\/www.amisdeportroyal.org\/societe\/index.php\/wp-json\/wp\/v2\/users\/1"}],"replies":[{"embeddable":true,"href":"http:\/\/www.amisdeportroyal.org\/societe\/index.php\/wp-json\/wp\/v2\/comments?post=137"}],"version-history":[{"count":2,"href":"http:\/\/www.amisdeportroyal.org\/societe\/index.php\/wp-json\/wp\/v2\/pages\/137\/revisions"}],"predecessor-version":[{"id":2740,"href":"http:\/\/www.amisdeportroyal.org\/societe\/index.php\/wp-json\/wp\/v2\/pages\/137\/revisions\/2740"}],"wp:featuredmedia":[{"embeddable":true,"href":"http:\/\/www.amisdeportroyal.org\/societe\/index.php\/wp-json\/wp\/v2\/media\/136"}],"wp:attachment":[{"href":"http:\/\/www.amisdeportroyal.org\/societe\/index.php\/wp-json\/wp\/v2\/media?parent=137"}],"wp:term":[{"taxonomy":"category","embeddable":true,"href":"http:\/\/www.amisdeportroyal.org\/societe\/index.php\/wp-json\/wp\/v2\/categories?post=137"},{"taxonomy":"post_tag","embeddable":true,"href":"http:\/\/www.amisdeportroyal.org\/societe\/index.php\/wp-json\/wp\/v2\/tags?post=137"}],"curies":[{"name":"wp","href":"https:\/\/api.w.org\/{rel}","templated":true}]}}