{"id":132,"date":"2014-12-22T21:21:41","date_gmt":"2014-12-22T20:21:41","guid":{"rendered":"http:\/\/www.amisdeportroyal.org\/societe\/index.php\/2014\/12\/22\/principes\/"},"modified":"2019-02-25T17:07:08","modified_gmt":"2019-02-25T16:07:08","slug":"principes","status":"publish","type":"page","link":"http:\/\/www.amisdeportroyal.org\/societe\/index.php\/principes\/","title":{"rendered":"Principes"},"content":{"rendered":"<p>C&rsquo;est la sobri\u00e9t\u00e9 et l&rsquo;aust\u00e9rit\u00e9 qui caract\u00e9risent l&rsquo;architecture \u00e0 Port-Royal: les b\u00e2timents figurent le d\u00e9pouillement spirituel pr\u00f4n\u00e9 par les augustiniens. M\u00e8re Ang\u00e9lique, qui \u00ab\u00a0aimait, par l&rsquo;esprit de J\u00e9sus-Christ, tout ce qui est laid\u00a0\u00bb, consentit \u00e0 ce qu&rsquo;une restauration de l&rsquo;\u00e9glise des Champs d\u00e9truis\u00eet tout l&rsquo;\u00e9quilibre des proportions de l&rsquo;\u00e9difice: les chapiteaux des grosses colonnes se retrouvaient presque \u00e0 hauteur de t\u00eate. Peu importait \u00e0 la m\u00e8re abbesse, qui n&rsquo;avait pas de mots assez durs pour fustiger les d\u00e9penses que faisaient les carm\u00e9lites pour embellir leur couvent: elle pr\u00e9f\u00e8re de son c\u00f4t\u00e9 que l&rsquo;argent aille aux pauvres plut\u00f4t qu&rsquo;\u00e0 d&rsquo;inutiles embellissements.<\/p>\n<p>De m\u00eame, lorsqu&rsquo;elle fit construire la maison de Paris, elle veilla elle-m\u00eame \u00e0 simplifier les plans propos\u00e9s par l&rsquo;architecte Le Paultre, qui lui paraissaient trop orn\u00e9s. C&rsquo;est ainsi que, sur les gravures pr\u00e9paratoires qui nous sont rest\u00e9es, nous trouvons, au centre de la coupole, un cadre ovale o\u00f9 devait \u00eatre repr\u00e9sent\u00e9e une colombe sortant des nues: pour des raisons financi\u00e8res sans doute, mais aussi par fid\u00e9lit\u00e9 \u00e0 l&rsquo;esprit de pauvret\u00e9 et de retenue qui \u00e9tait celui de ce monast\u00e8re cistercien, M\u00e8re Ang\u00e9lique retrancha cette d\u00e9coration.<\/p>\n<div id='gallery-1' class='gallery galleryid-132 gallery-columns-3 gallery-size-thumbnail'><dl class='gallery-item'>\n\t\t\t<dt class='gallery-icon landscape'>\n\t\t\t\t<a href='http:\/\/www.amisdeportroyal.org\/societe\/wp-content\/uploads\/2010\/12\/projet_lepaultre_interieur_eglise_grand.jpg'><img width=\"140\" height=\"140\" src=\"http:\/\/www.amisdeportroyal.org\/societe\/wp-content\/uploads\/2010\/12\/projet_lepaultre_interieur_eglise_grand-150x150.jpg\" class=\"attachment-thumbnail size-thumbnail\" alt=\"Projet de l&#039;\u00e9glise de Port-Royal de Paris\" decoding=\"async\" loading=\"lazy\" aria-describedby=\"gallery-1-133\" \/><\/a>\n\t\t\t<\/dt>\n\t\t\t\t<dd class='wp-caption-text gallery-caption' id='gallery-1-133'>\n\t\t\t\tProjet de l&rsquo;\u00e9glise de Port-Royal de Paris\n\t\t\t\t<\/dd><\/dl>\n\t\t\t<br style='clear: both' \/>\n\t\t<\/div>\n\n","protected":false},"excerpt":{"rendered":"<p>C&rsquo;est la sobri\u00e9t\u00e9 et l&rsquo;aust\u00e9rit\u00e9 qui caract\u00e9risent l&rsquo;architecture \u00e0 Port-Royal: les b\u00e2timents figurent le d\u00e9pouillement spirituel pr\u00f4n\u00e9 par les augustiniens. M\u00e8re Ang\u00e9lique, qui \u00ab\u00a0aimait, par l&rsquo;esprit de J\u00e9sus-Christ, tout ce qui est laid\u00a0\u00bb, consentit \u00e0 ce qu&rsquo;une restauration de l&rsquo;\u00e9glise &hellip; <a href=\"http:\/\/www.amisdeportroyal.org\/societe\/index.php\/principes\/\">Continuer la lecture <span class=\"meta-nav\">&rarr;<\/span><\/a><\/p>\n","protected":false},"author":1,"featured_media":133,"parent":0,"menu_order":0,"comment_status":"closed","ping_status":"open","template":"","meta":[],"categories":[16],"tags":[],"_links":{"self":[{"href":"http:\/\/www.amisdeportroyal.org\/societe\/index.php\/wp-json\/wp\/v2\/pages\/132"}],"collection":[{"href":"http:\/\/www.amisdeportroyal.org\/societe\/index.php\/wp-json\/wp\/v2\/pages"}],"about":[{"href":"http:\/\/www.amisdeportroyal.org\/societe\/index.php\/wp-json\/wp\/v2\/types\/page"}],"author":[{"embeddable":true,"href":"http:\/\/www.amisdeportroyal.org\/societe\/index.php\/wp-json\/wp\/v2\/users\/1"}],"replies":[{"embeddable":true,"href":"http:\/\/www.amisdeportroyal.org\/societe\/index.php\/wp-json\/wp\/v2\/comments?post=132"}],"version-history":[{"count":3,"href":"http:\/\/www.amisdeportroyal.org\/societe\/index.php\/wp-json\/wp\/v2\/pages\/132\/revisions"}],"predecessor-version":[{"id":1842,"href":"http:\/\/www.amisdeportroyal.org\/societe\/index.php\/wp-json\/wp\/v2\/pages\/132\/revisions\/1842"}],"wp:featuredmedia":[{"embeddable":true,"href":"http:\/\/www.amisdeportroyal.org\/societe\/index.php\/wp-json\/wp\/v2\/media\/133"}],"wp:attachment":[{"href":"http:\/\/www.amisdeportroyal.org\/societe\/index.php\/wp-json\/wp\/v2\/media?parent=132"}],"wp:term":[{"taxonomy":"category","embeddable":true,"href":"http:\/\/www.amisdeportroyal.org\/societe\/index.php\/wp-json\/wp\/v2\/categories?post=132"},{"taxonomy":"post_tag","embeddable":true,"href":"http:\/\/www.amisdeportroyal.org\/societe\/index.php\/wp-json\/wp\/v2\/tags?post=132"}],"curies":[{"name":"wp","href":"https:\/\/api.w.org\/{rel}","templated":true}]}}