{"id":13,"date":"2014-12-22T21:24:19","date_gmt":"2014-12-22T20:24:19","guid":{"rendered":"http:\/\/www.amisdeportroyal.org\/societe\/index.php\/2014\/12\/22\/la-ferme-des-granges3\/"},"modified":"2019-02-26T11:42:18","modified_gmt":"2019-02-26T10:42:18","slug":"la-ferme-des-granges3","status":"publish","type":"page","link":"http:\/\/www.amisdeportroyal.org\/societe\/index.php\/la-ferme-des-granges3\/","title":{"rendered":"La ferme des Granges"},"content":{"rendered":"<p>La ferme des Granges est au XVIIe si\u00e8cle la plus importante ferme de rapport de l&rsquo;abbaye de Port-Royal fond\u00e9e en 1204. Il s&rsquo;agit en 1613 d&rsquo;un vaste domaine agricole de 370 arpents (soit environ 155 hectares) situ\u00e9 au nord sur le plateau et exploit\u00e9 gr\u00e2ce \u00e0 une ferme comprenant de nombreux b\u00e2timents.<\/p>\n<p>A partir de 1648 l&rsquo;ensemble abrite, en plus du personnel agricole, les Solitaires ou Messieurs de Port-Royal qui font construire en 1651-1652, \u00e0 c\u00f4t\u00e9 de leur maison d&rsquo;habitation dit Logis des Solitaires, un b\u00e2timent plus important pour y recevoir une partie de leurs \u00e9l\u00e8ves, pensionnaires des Petites Ecoles, dont Jean Racine.<\/p>\n<p>Les travaux des champs tiennent une grande place dans la vie quotidienne de Port-Royal. Les Solitaires surveillent de pr\u00e8s l&rsquo;exploitation, s&rsquo;occupent activement du potager et du verger cr\u00e9\u00e9s par Arnauld d&rsquo;Andilly au pied des Petites \u00c9coles. Ce fr\u00e8re a\u00een\u00e9 de la M\u00e8re Ang\u00e9lique se retire aux Granges vers 1646. Une vigne est plant\u00e9e sur le coteau descendant vers l&rsquo;abbaye.<\/p>\n<p>De 1648 \u00e0 1660, la ferme est un centre intense de vie spirituelle et intellectuelle. De ce climat na\u00eet un retour vers le christianisme patristique. Le travail de traduction en fran\u00e7ais des textes saints, destin\u00e9s explicitement aux la\u00efcs, r\u00e9pond \u00e0 la d\u00e9marche positive de Port-Royal tant par les \u00e9crits des Solitaires (Antoine Arnauld, Le Maistre de Sacy, Pierre Nicole, Claude Lancelot, Robert Arnauld d&rsquo;Andilly) que par ceux des religieuses (M\u00e8re Agn\u00e8s, M\u00e8re Ang\u00e9lique de Saint-Jean).<\/p>\n<p>Lorsque l&rsquo;abbaye de Port-Royal des Champs est ferm\u00e9e en 1709 puis ras\u00e9e sur ordre de Louis XIV, toutes ses terres, dont la ferme des Granges, deviennent propri\u00e9t\u00e9 de Port-Royal de Paris.<\/p>\n<p>En 1791, les b\u00e2timents, les terres et la \u00ab\u00a0montagne\u00a0\u00bb des Granges sont vendus comme biens nationaux, en un lot s\u00e9par\u00e9 de celui comprenant l&#8217;emplacement de l&rsquo;abbaye.<\/p>\n<p>Cet ensemble passe au cours du XIXe si\u00e8cle entre les mains de divers propri\u00e9taires, dont celles de la famille Goupil qui fait construire en 1896 par l&rsquo;architecte Rupricht Robert, \u00e0 l&rsquo;\u00e9querre du pignon sur de la maison des Petites Ecoles, une grande aile de faux style Louis XIII, avec d\u00e9pendances, le Ch\u00e2teau.<\/p>\n<p>La propri\u00e9t\u00e9 est s\u00e9par\u00e9e en deux en 1925: la majeure partie des b\u00e2timents de la ferme et les terres labourables d&rsquo;un c\u00f4t\u00e9; les Petites \u00c9coles, l&rsquo;aile XIXe et le parc des Granges de l&rsquo;autre. C&rsquo;est ce deuxi\u00e8me lot que l&rsquo;Etat acquiert en 1952 pour y cr\u00e9er un mus\u00e9e national ouvert en 1962. L&rsquo;acquisition des b\u00e2timents de la ferme par la Direction des Mus\u00e9es de France est r\u00e9alis\u00e9e en ao\u00fbt 1984.<\/p>\n<p>Le mus\u00e9e national des Granges de Port-Royal s&rsquo;appelle, \u00e0 la suite de la r\u00e9unification du site en 2004, Mus\u00e9e national de Port-Royal des Champs. Il est install\u00e9 sur les lieux de la retraite des Solitaires de Port-Royal et des Petites \u00c9coles de Port-Royal. On y trouve de nombreux documents \u00e9crits et iconographiques. Il est ouvert au public tous les jours sauf le mardi, de 10h \u00e0 12h et de 14h \u00e0 18 heures. Visites comment\u00e9es sur demande.<\/p>\n<div id='gallery-1' class='gallery galleryid-13 gallery-columns-3 gallery-size-thumbnail'><dl class='gallery-item'>\n\t\t\t<dt class='gallery-icon landscape'>\n\t\t\t\t<a href='http:\/\/www.amisdeportroyal.org\/societe\/wp-content\/uploads\/2010\/04\/interieur_musee.jpg'><img width=\"140\" height=\"125\" src=\"http:\/\/www.amisdeportroyal.org\/societe\/wp-content\/uploads\/2010\/04\/interieur_musee-150x134.jpg\" class=\"attachment-thumbnail size-thumbnail\" alt=\"L&#039;int\u00e9rieur du Mus\u00e9e\" decoding=\"async\" loading=\"lazy\" aria-describedby=\"gallery-1-14\" \/><\/a>\n\t\t\t<\/dt>\n\t\t\t\t<dd class='wp-caption-text gallery-caption' id='gallery-1-14'>\n\t\t\t\tL&rsquo;int\u00e9rieur du Mus\u00e9e\n\t\t\t\t<\/dd><\/dl><dl class='gallery-item'>\n\t\t\t<dt class='gallery-icon landscape'>\n\t\t\t\t<a href='http:\/\/www.amisdeportroyal.org\/societe\/wp-content\/uploads\/2010\/04\/Musee.jpg'><img width=\"140\" height=\"140\" src=\"http:\/\/www.amisdeportroyal.org\/societe\/wp-content\/uploads\/2010\/04\/Musee-150x150.jpg\" class=\"attachment-thumbnail size-thumbnail\" alt=\"Le mus\u00e9e\" decoding=\"async\" loading=\"lazy\" aria-describedby=\"gallery-1-15\" \/><\/a>\n\t\t\t<\/dt>\n\t\t\t\t<dd class='wp-caption-text gallery-caption' id='gallery-1-15'>\n\t\t\t\tLe mus\u00e9e\n\t\t\t\t<\/dd><\/dl>\n\t\t\t<br style='clear: both' \/>\n\t\t<\/div>\n\n","protected":false},"excerpt":{"rendered":"<p>La ferme des Granges est au XVIIe si\u00e8cle la plus importante ferme de rapport de l&rsquo;abbaye de Port-Royal fond\u00e9e en 1204. Il s&rsquo;agit en 1613 d&rsquo;un vaste domaine agricole de 370 arpents (soit environ 155 hectares) situ\u00e9 au nord sur &hellip; <a href=\"http:\/\/www.amisdeportroyal.org\/societe\/index.php\/la-ferme-des-granges3\/\">Continuer la lecture <span class=\"meta-nav\">&rarr;<\/span><\/a><\/p>\n","protected":false},"author":1,"featured_media":14,"parent":0,"menu_order":0,"comment_status":"closed","ping_status":"open","template":"","meta":[],"categories":[7],"tags":[36],"_links":{"self":[{"href":"http:\/\/www.amisdeportroyal.org\/societe\/index.php\/wp-json\/wp\/v2\/pages\/13"}],"collection":[{"href":"http:\/\/www.amisdeportroyal.org\/societe\/index.php\/wp-json\/wp\/v2\/pages"}],"about":[{"href":"http:\/\/www.amisdeportroyal.org\/societe\/index.php\/wp-json\/wp\/v2\/types\/page"}],"author":[{"embeddable":true,"href":"http:\/\/www.amisdeportroyal.org\/societe\/index.php\/wp-json\/wp\/v2\/users\/1"}],"replies":[{"embeddable":true,"href":"http:\/\/www.amisdeportroyal.org\/societe\/index.php\/wp-json\/wp\/v2\/comments?post=13"}],"version-history":[{"count":3,"href":"http:\/\/www.amisdeportroyal.org\/societe\/index.php\/wp-json\/wp\/v2\/pages\/13\/revisions"}],"predecessor-version":[{"id":1877,"href":"http:\/\/www.amisdeportroyal.org\/societe\/index.php\/wp-json\/wp\/v2\/pages\/13\/revisions\/1877"}],"wp:featuredmedia":[{"embeddable":true,"href":"http:\/\/www.amisdeportroyal.org\/societe\/index.php\/wp-json\/wp\/v2\/media\/14"}],"wp:attachment":[{"href":"http:\/\/www.amisdeportroyal.org\/societe\/index.php\/wp-json\/wp\/v2\/media?parent=13"}],"wp:term":[{"taxonomy":"category","embeddable":true,"href":"http:\/\/www.amisdeportroyal.org\/societe\/index.php\/wp-json\/wp\/v2\/categories?post=13"},{"taxonomy":"post_tag","embeddable":true,"href":"http:\/\/www.amisdeportroyal.org\/societe\/index.php\/wp-json\/wp\/v2\/tags?post=13"}],"curies":[{"name":"wp","href":"https:\/\/api.w.org\/{rel}","templated":true}]}}