{"id":126,"date":"2014-12-22T21:21:26","date_gmt":"2014-12-22T20:21:26","guid":{"rendered":"http:\/\/www.amisdeportroyal.org\/societe\/index.php\/2014\/12\/22\/la-cene\/"},"modified":"2019-02-25T23:30:48","modified_gmt":"2019-02-25T22:30:48","slug":"la-cene","status":"publish","type":"page","link":"http:\/\/www.amisdeportroyal.org\/societe\/index.php\/la-cene\/","title":{"rendered":"La C\u00e8ne"},"content":{"rendered":"<p>Ce sont les principes de retenue, d&rsquo;aust\u00e9rit\u00e9 et de respect de la v\u00e9rit\u00e9 qui dominent cette \u0153uvre. Champaigne a repr\u00e9sent\u00e9 le moment o\u00f9 J\u00e9sus, b\u00e9nissant le pain, institue l&rsquo;Eucharistie. Champaigne \u00e9limine toute anecdote: on ne voit ni d\u00e9cor ni serviteur, la table est vide, l&rsquo;oeuvre est centr\u00e9e sur le sacrement op\u00e9r\u00e9 par le Christ. La composition tr\u00e8s stricte et sym\u00e9trique, la r\u00e9gularit\u00e9 du dallage et des plis de la nappe, la sobri\u00e9t\u00e9 des coloris, les oppositions de tons francs conf\u00e8rent au tableau une grande solennit\u00e9. Moins attentif \u00e0 la v\u00e9rit\u00e9 historique que spirituelle, Champaigne ne se soucie gu\u00e8re de couleur locale: la couleur du v\u00eatement de J\u00e9sus, par exemple, s&rsquo;explique non par une volont\u00e9 d&rsquo;exactitude arch\u00e9ologique, mais par un souci d&rsquo;expressivit\u00e9 symbolique: le rouge de la robe repr\u00e9sente le sang, et le bleu souligne la part c\u00e9leste du Christ; c&rsquo;est la double nature du Fils de Dieu qui se trouve ainsi r\u00e9affirm\u00e9 \u00e0 travers le choix chromatique.<\/p>\n<p>Source: Sandrine Lely, \u00ab\u00a0Architecture et peinture \u00e0 Port-Royal des Champs\u00a0\u00bb, in <em>Chroniques de Port-Royal &#8211; Port-Royal des Champs<\/em>, 54, 2004.<\/p>\n<div id='gallery-1' class='gallery galleryid-126 gallery-columns-3 gallery-size-thumbnail'><dl class='gallery-item'>\n\t\t\t<dt class='gallery-icon landscape'>\n\t\t\t\t<a href='http:\/\/www.amisdeportroyal.org\/societe\/wp-content\/uploads\/2011\/01\/lacene.jpg'><img width=\"140\" height=\"140\" src=\"http:\/\/www.amisdeportroyal.org\/societe\/wp-content\/uploads\/2011\/01\/lacene-150x150.jpg\" class=\"attachment-thumbnail size-thumbnail\" alt=\"La C\u00e8ne\" decoding=\"async\" loading=\"lazy\" aria-describedby=\"gallery-1-127\" \/><\/a>\n\t\t\t<\/dt>\n\t\t\t\t<dd class='wp-caption-text gallery-caption' id='gallery-1-127'>\n\t\t\t\tLa C\u00e8ne\n\t\t\t\t<\/dd><\/dl>\n\t\t\t<br style='clear: both' \/>\n\t\t<\/div>\n\n","protected":false},"excerpt":{"rendered":"<p>Ce sont les principes de retenue, d&rsquo;aust\u00e9rit\u00e9 et de respect de la v\u00e9rit\u00e9 qui dominent cette \u0153uvre. Champaigne a repr\u00e9sent\u00e9 le moment o\u00f9 J\u00e9sus, b\u00e9nissant le pain, institue l&rsquo;Eucharistie. Champaigne \u00e9limine toute anecdote: on ne voit ni d\u00e9cor ni serviteur, &hellip; <a href=\"http:\/\/www.amisdeportroyal.org\/societe\/index.php\/la-cene\/\">Continuer la lecture <span class=\"meta-nav\">&rarr;<\/span><\/a><\/p>\n","protected":false},"author":1,"featured_media":127,"parent":0,"menu_order":0,"comment_status":"closed","ping_status":"open","template":"","meta":[],"categories":[15],"tags":[],"_links":{"self":[{"href":"http:\/\/www.amisdeportroyal.org\/societe\/index.php\/wp-json\/wp\/v2\/pages\/126"}],"collection":[{"href":"http:\/\/www.amisdeportroyal.org\/societe\/index.php\/wp-json\/wp\/v2\/pages"}],"about":[{"href":"http:\/\/www.amisdeportroyal.org\/societe\/index.php\/wp-json\/wp\/v2\/types\/page"}],"author":[{"embeddable":true,"href":"http:\/\/www.amisdeportroyal.org\/societe\/index.php\/wp-json\/wp\/v2\/users\/1"}],"replies":[{"embeddable":true,"href":"http:\/\/www.amisdeportroyal.org\/societe\/index.php\/wp-json\/wp\/v2\/comments?post=126"}],"version-history":[{"count":3,"href":"http:\/\/www.amisdeportroyal.org\/societe\/index.php\/wp-json\/wp\/v2\/pages\/126\/revisions"}],"predecessor-version":[{"id":1870,"href":"http:\/\/www.amisdeportroyal.org\/societe\/index.php\/wp-json\/wp\/v2\/pages\/126\/revisions\/1870"}],"wp:featuredmedia":[{"embeddable":true,"href":"http:\/\/www.amisdeportroyal.org\/societe\/index.php\/wp-json\/wp\/v2\/media\/127"}],"wp:attachment":[{"href":"http:\/\/www.amisdeportroyal.org\/societe\/index.php\/wp-json\/wp\/v2\/media?parent=126"}],"wp:term":[{"taxonomy":"category","embeddable":true,"href":"http:\/\/www.amisdeportroyal.org\/societe\/index.php\/wp-json\/wp\/v2\/categories?post=126"},{"taxonomy":"post_tag","embeddable":true,"href":"http:\/\/www.amisdeportroyal.org\/societe\/index.php\/wp-json\/wp\/v2\/tags?post=126"}],"curies":[{"name":"wp","href":"https:\/\/api.w.org\/{rel}","templated":true}]}}