{"id":122,"date":"2014-12-22T21:21:25","date_gmt":"2014-12-22T20:21:25","guid":{"rendered":"http:\/\/www.amisdeportroyal.org\/societe\/index.php\/2014\/12\/22\/madeleine-penitente\/"},"modified":"2019-02-25T17:00:34","modified_gmt":"2019-02-25T16:00:34","slug":"madeleine-penitente","status":"publish","type":"page","link":"http:\/\/www.amisdeportroyal.org\/societe\/index.php\/madeleine-penitente\/","title":{"rendered":"Madeleine p\u00e9nitente"},"content":{"rendered":"<p>Cette <em>Madeleine p\u00e9nitente<\/em> (mus\u00e9e de Rennes) participe de la m\u00eame esth\u00e9tique du refus de trop accorder au sensible: les mains ramen\u00e9es sur la poitrine, les yeux tourn\u00e9s vers le ciel, le corps marqu\u00e9 par l&rsquo;asc\u00e9tisme et le je\u00fbne, Marie-Madeleine a perdu les s\u00e9ductions charnelles qu&rsquo;exer\u00e7aient encore souvent les Madeleines \u00ab\u00a0baroques\u00a0\u00bb. Le d\u00e9cor \u00e9touffant, le petit nombre d&rsquo;objets &#8212; dont le cr\u00e2ne au premier plan, symbolisant la m\u00e9ditation sur la mort &#8212; ainsi que l&#8217;emploi des couleurs froides, contribuent aussi \u00e0 rendre sensible l&rsquo;aust\u00e9rit\u00e9 pieuse de la vie de Marie-Madeleine au d\u00e9sert.<\/p>\n<div id='gallery-1' class='gallery galleryid-122 gallery-columns-3 gallery-size-thumbnail'><dl class='gallery-item'>\n\t\t\t<dt class='gallery-icon portrait'>\n\t\t\t\t<a href='http:\/\/www.amisdeportroyal.org\/societe\/wp-content\/uploads\/2011\/01\/madeleine.jpg'><img width=\"140\" height=\"140\" src=\"http:\/\/www.amisdeportroyal.org\/societe\/wp-content\/uploads\/2011\/01\/madeleine-150x150.jpg\" class=\"attachment-thumbnail size-thumbnail\" alt=\"Madeleine p\u00e9nitente\" decoding=\"async\" loading=\"lazy\" aria-describedby=\"gallery-1-123\" \/><\/a>\n\t\t\t<\/dt>\n\t\t\t\t<dd class='wp-caption-text gallery-caption' id='gallery-1-123'>\n\t\t\t\tMadeleine p\u00e9nitente\n\t\t\t\t<\/dd><\/dl>\n\t\t\t<br style='clear: both' \/>\n\t\t<\/div>\n\n","protected":false},"excerpt":{"rendered":"<p>Cette Madeleine p\u00e9nitente (mus\u00e9e de Rennes) participe de la m\u00eame esth\u00e9tique du refus de trop accorder au sensible: les mains ramen\u00e9es sur la poitrine, les yeux tourn\u00e9s vers le ciel, le corps marqu\u00e9 par l&rsquo;asc\u00e9tisme et le je\u00fbne, Marie-Madeleine a &hellip; <a href=\"http:\/\/www.amisdeportroyal.org\/societe\/index.php\/madeleine-penitente\/\">Continuer la lecture <span class=\"meta-nav\">&rarr;<\/span><\/a><\/p>\n","protected":false},"author":1,"featured_media":123,"parent":0,"menu_order":0,"comment_status":"closed","ping_status":"open","template":"","meta":[],"categories":[15],"tags":[],"_links":{"self":[{"href":"http:\/\/www.amisdeportroyal.org\/societe\/index.php\/wp-json\/wp\/v2\/pages\/122"}],"collection":[{"href":"http:\/\/www.amisdeportroyal.org\/societe\/index.php\/wp-json\/wp\/v2\/pages"}],"about":[{"href":"http:\/\/www.amisdeportroyal.org\/societe\/index.php\/wp-json\/wp\/v2\/types\/page"}],"author":[{"embeddable":true,"href":"http:\/\/www.amisdeportroyal.org\/societe\/index.php\/wp-json\/wp\/v2\/users\/1"}],"replies":[{"embeddable":true,"href":"http:\/\/www.amisdeportroyal.org\/societe\/index.php\/wp-json\/wp\/v2\/comments?post=122"}],"version-history":[{"count":2,"href":"http:\/\/www.amisdeportroyal.org\/societe\/index.php\/wp-json\/wp\/v2\/pages\/122\/revisions"}],"predecessor-version":[{"id":1838,"href":"http:\/\/www.amisdeportroyal.org\/societe\/index.php\/wp-json\/wp\/v2\/pages\/122\/revisions\/1838"}],"wp:featuredmedia":[{"embeddable":true,"href":"http:\/\/www.amisdeportroyal.org\/societe\/index.php\/wp-json\/wp\/v2\/media\/123"}],"wp:attachment":[{"href":"http:\/\/www.amisdeportroyal.org\/societe\/index.php\/wp-json\/wp\/v2\/media?parent=122"}],"wp:term":[{"taxonomy":"category","embeddable":true,"href":"http:\/\/www.amisdeportroyal.org\/societe\/index.php\/wp-json\/wp\/v2\/categories?post=122"},{"taxonomy":"post_tag","embeddable":true,"href":"http:\/\/www.amisdeportroyal.org\/societe\/index.php\/wp-json\/wp\/v2\/tags?post=122"}],"curies":[{"name":"wp","href":"https:\/\/api.w.org\/{rel}","templated":true}]}}