{"id":109,"date":"2014-12-27T21:21:20","date_gmt":"2014-12-27T20:21:20","guid":{"rendered":"http:\/\/www.amisdeportroyal.org\/societe\/index.php\/2014\/12\/22\/port-royal-et-la-peinture\/"},"modified":"2019-02-25T16:46:54","modified_gmt":"2019-02-25T15:46:54","slug":"port-royal-et-la-peinture","status":"publish","type":"page","link":"http:\/\/www.amisdeportroyal.org\/societe\/index.php\/port-royal-et-la-peinture\/","title":{"rendered":"Port-Royal et la peinture"},"content":{"rendered":"<h2>Une m\u00e9fiance pour les arts plastiques<\/h2>\n<p>Les port-royalistes se sont beaucoup m\u00e9fi\u00e9s de l&rsquo;art, soup\u00e7onn\u00e9 d&rsquo;avoir pour fin la seule s\u00e9duction des sens: \u00ab\u00a0plus on donne aux sens, plus on \u00f4te \u00e0 l&rsquo;esprit\u00a0\u00bb, disait M\u00e8re Ang\u00e9lique, et la peinture donne beaucoup aux sens, risquant ainsi d&rsquo;arr\u00eater sur la cr\u00e9ature un regard qui ne doit porter que sur le Cr\u00e9ateur. De plus, l&rsquo;art menace de tromper, puisqu&rsquo;il offre des simulacres sans consistance d&rsquo;objets eux-m\u00eames de peu d&rsquo;importance. L&rsquo;art risque ainsi de d\u00e9tourner du d\u00e9pouillement int\u00e9rieur auquel oblige, aux yeux des augustiniens, la religion chr\u00e9tienne.<\/p>\n<h2>L&rsquo;art comme acte de foi<\/h2>\n<p>Les augustiniens de Port-Royal ne seront pourtant pas des iconoclastes: \u00e0 condition de ne pas \u00eatre objets de jouissance, mais signe d&rsquo;une r\u00e9alit\u00e9 surnaturelle, \u00e0 condition de ne pas arr\u00eater les sens aux cr\u00e9atures mais de les guider vers le Cr\u00e9ateur, les objets d&rsquo;art peuvent \u00eatre utiles au chr\u00e9tien, au profit toutefois d&rsquo;une certaine rigueur: le peintre doit bannir toute fantaisie et suivre \u00e0 la lettre les Ecritures. Il doit \u00e9galement \u00e9viter toute tentation de faire preuve de sa virtuosit\u00e9, ce qui reviendrait \u00e0 montrer l&rsquo;\u00e9tendue de sa vanit\u00e9 et de son d\u00e9sir d&rsquo;\u00eatre admir\u00e9 pour lui-m\u00eame, alors qu&rsquo;il ne travaille que pour Dieu.<\/p>\n<h2>Une place restreinte<\/h2>\n<p>De tels principes expliquent que la place de l&rsquo;art, \u00e0 Port-Royal, soit restreinte. Les Constitutions du monast\u00e8re de Port-Royal, r\u00e9dig\u00e9es par la m\u00e8re Agn\u00e8s en 1647, portent la marque d&rsquo;un retour \u00e0 l&rsquo;id\u00e9al de saint Bernard: tout au long du texte, une grande attention est port\u00e9e au respect du voeu de pauvret\u00e9 et \u00e0 l&rsquo;\u00e9limination de tout luxe, selon l&rsquo;esprit de la r\u00e9forme voulue par M\u00e8re Ang\u00e9lique. C&rsquo;est d&rsquo;ailleurs dans le chapitre \u00ab\u00a0De la pauvret\u00e9\u00a0\u00bb qu&rsquo;il est question des oeuvres d&rsquo;art; le texte fixe non seulement l&#8217;emplacement des tableaux, mais leur nombre: par exemple, 6 dans le choeur, 6 dans le r\u00e9fectoire, 4 dans le noviciat, 2 dans le chapitre, en tout une trentaine de tableaux. [[Source: Sandrine Lely, \u00ab\u00a0Architecture et peinture \u00e0 Port-Royal des Champs\u00a0\u00bb, in <em>Chroniques de Port-Royal<\/em>, 54, 2004.<\/p>\n","protected":false},"excerpt":{"rendered":"<p>Une m\u00e9fiance pour les arts plastiques Les port-royalistes se sont beaucoup m\u00e9fi\u00e9s de l&rsquo;art, soup\u00e7onn\u00e9 d&rsquo;avoir pour fin la seule s\u00e9duction des sens: \u00ab\u00a0plus on donne aux sens, plus on \u00f4te \u00e0 l&rsquo;esprit\u00a0\u00bb, disait M\u00e8re Ang\u00e9lique, et la peinture donne &hellip; <a href=\"http:\/\/www.amisdeportroyal.org\/societe\/index.php\/port-royal-et-la-peinture\/\">Continuer la lecture <span class=\"meta-nav\">&rarr;<\/span><\/a><\/p>\n","protected":false},"author":1,"featured_media":108,"parent":0,"menu_order":0,"comment_status":"closed","ping_status":"open","template":"","meta":[],"categories":[15],"tags":[],"_links":{"self":[{"href":"http:\/\/www.amisdeportroyal.org\/societe\/index.php\/wp-json\/wp\/v2\/pages\/109"}],"collection":[{"href":"http:\/\/www.amisdeportroyal.org\/societe\/index.php\/wp-json\/wp\/v2\/pages"}],"about":[{"href":"http:\/\/www.amisdeportroyal.org\/societe\/index.php\/wp-json\/wp\/v2\/types\/page"}],"author":[{"embeddable":true,"href":"http:\/\/www.amisdeportroyal.org\/societe\/index.php\/wp-json\/wp\/v2\/users\/1"}],"replies":[{"embeddable":true,"href":"http:\/\/www.amisdeportroyal.org\/societe\/index.php\/wp-json\/wp\/v2\/comments?post=109"}],"version-history":[{"count":2,"href":"http:\/\/www.amisdeportroyal.org\/societe\/index.php\/wp-json\/wp\/v2\/pages\/109\/revisions"}],"predecessor-version":[{"id":1832,"href":"http:\/\/www.amisdeportroyal.org\/societe\/index.php\/wp-json\/wp\/v2\/pages\/109\/revisions\/1832"}],"wp:featuredmedia":[{"embeddable":true,"href":"http:\/\/www.amisdeportroyal.org\/societe\/index.php\/wp-json\/wp\/v2\/media\/108"}],"wp:attachment":[{"href":"http:\/\/www.amisdeportroyal.org\/societe\/index.php\/wp-json\/wp\/v2\/media?parent=109"}],"wp:term":[{"taxonomy":"category","embeddable":true,"href":"http:\/\/www.amisdeportroyal.org\/societe\/index.php\/wp-json\/wp\/v2\/categories?post=109"},{"taxonomy":"post_tag","embeddable":true,"href":"http:\/\/www.amisdeportroyal.org\/societe\/index.php\/wp-json\/wp\/v2\/tags?post=109"}],"curies":[{"name":"wp","href":"https:\/\/api.w.org\/{rel}","templated":true}]}}