{"id":106,"date":"2014-12-22T21:23:47","date_gmt":"2014-12-22T20:23:47","guid":{"rendered":"http:\/\/www.amisdeportroyal.org\/societe\/index.php\/2014\/12\/22\/schomberg-jeanne-de-duchesse-de\/"},"modified":"2019-02-26T14:09:31","modified_gmt":"2019-02-26T13:09:31","slug":"schomberg-jeanne-de-duchesse-de","status":"publish","type":"page","link":"http:\/\/www.amisdeportroyal.org\/societe\/index.php\/schomberg-jeanne-de-duchesse-de\/","title":{"rendered":"Schomberg, Jeanne de, duchesse de Liancourt (1600-1674)"},"content":{"rendered":"<p>N\u00e9e \u00e0 Paris en 1600, Jeanne de Schomberg est la fille d\u2019Henri de Schomberg et de Fran\u00e7oise de l\u2019Espinay, et la petite-fille d\u2019un colonel allemand. Apr\u00e8s avoir connu un premier mariage annul\u00e9, elle se marie avec Roger du Plessis, marquis de Liancourt, gentilhomme de la chambre du roi, dont elle aura un fils. Elle devient l\u2019amie ind\u00e9fectible de l\u2019abbaye de Port-Royal, o\u00f9 sa petite-fille Jeanne-Charlotte est \u00e9lev\u00e9e, et avec son mari entretient des relations profondes avec les Messieurs de Port-Royal. Accueillant de 1630 \u00e0 1670, de nombreux \u00e9crivains dans son h\u00f4tel parisien, Mme de Liancourt est l\u2019interlocutrice cultiv\u00e9e de grands esprits de son temps, qu\u2019ils se nomment la marquise de Sabl\u00e9 ou la comtesse de Maure, Antoine Arnauld ou de Le Maistre de Sacy, Racine, Jacques Esprit ou le duc de La Rochefoucauld, neveu de Roger du Plessis. Les Liancourt prot\u00e8gent aussi tr\u00e8s longtemps et accueillent dans leurs demeures deux personnalit\u00e9s aux engagements augustiniens manifestes : l\u2019oratorien Toussaint Desmares, interdit de chaire de 1648 \u00e0 1668, et le th\u00e9ologien Amable de Bourzeis, abb\u00e9 de Cores.<\/p>\n<p>Le nom de Mme de Liancourt reste li\u00e9 surtout au <em>R\u00e8glement<\/em> qu\u2019elle compose \u00e0 l\u2019intention de sa petite-fille, devenue, par son mariage, princesse de Marcillac, belle-fille du duc de La Rochefoucauld, l\u2019auteur des Maximes et des M\u00e9moires : l\u2019ouvrage est r\u00e9dig\u00e9 entre 1659, date du mariage de Jeanne-Charlotte, et 1669, date de son d\u00e9c\u00e8s. Apr\u00e8s avoir consacr\u00e9 sa vie \u00e0 l\u2019amour d\u2019un mari d\u2019abord peu fid\u00e8le, puis converti, elle la d\u00e9die \u00e0 l\u2019amour de sa famille, de sa petite-fille et de ses petits-enfants, et \u00e0 la d\u00e9fense des religieuses de Port-Royal : depuis longtemps les Liancourt se sont fait construire un petit logis devant l\u2019\u00e9glise de l\u2019abbaye des Champs.<\/p>\n<p>Dans l\u2019Avertissement \u00e0 la premi\u00e8re \u00e9dition du <em>R\u00e8glement<\/em>, Jean-Jacques Boileau dit en quelques morts son estime pour cette grande dame, \u00a0\u00bb une dame des premi\u00e8res maisons du royaume, et faite, si elle l\u2019avait voulu, pour \u00eatre l\u2019un des premiers ornements de la cour de Louis XIV \u00ab\u00a0, mais qui s\u2019y refuse, pr\u00e9f\u00e9rant \u00a0\u00bb vivre dans la retraite, occup\u00e9e du soin de son domestique, de l\u2019\u00e9ducation de ses enfants, et livr\u00e9e \u00e0 toutes les pratiques de la religion, autant que les devoirs indispensables de son rang pouvaient le lui permettre. \u00a0\u00bb Inspir\u00e9e par la spiritualit\u00e9 de saint Fran\u00e7ois de Sales, Jeanne de Schomberg ne peut qu\u2019avoir int\u00e9rioris\u00e9 les exemples re\u00e7ues des religieuses de Port-Royal, dans leur id\u00e9al de modestie, de perspicacit\u00e9 au-del\u00e0 des obstacles de la vie quotidienne, et de foi profonde en Dieu ; mais une foi qui n\u2019occulte pas le r\u00f4le de la raison, ainsi qu\u2019elle l\u2019\u00e9crit elle-m\u00eame : \u00a0\u00bb Vous ne sauriez avoir la paix en vous-m\u00eame, si vos passions ne sont soumises \u00e0 la raison, et votre raison \u00e0 Dieu. \u00a0\u00bb<\/p>\n<p>Jeanne de Schomberg meurt \u00e0 Liancourt le 14 juin 1674, et son mari le 1er ao\u00fbt suivant : ils sont inhum\u00e9s dans l\u2019\u00e9glise de Liancourt, non loin de Beauvais. Pr\u00e8s d\u2019un quart de si\u00e8cle apr\u00e8s leur mort para\u00eetra, en 1698, le <em>R\u00e8glement donn\u00e9 par une dame de haute qualit\u00e9 \u00e0 M*** sa petite-fille, pour sa conduite et pour celle de sa maison, avec un autre r\u00e8glement que cette dame avoit dress\u00e9 pour elle-mesme<\/em> : l\u2019ouvrage conna\u00eetra de nombreuses r\u00e9\u00e9ditions.<\/p>\n<p>Jean Lesaulnier<\/p>\n","protected":false},"excerpt":{"rendered":"<p>N\u00e9e \u00e0 Paris en 1600, Jeanne de Schomberg est la fille d\u2019Henri de Schomberg et de Fran\u00e7oise de l\u2019Espinay, et la petite-fille d\u2019un colonel allemand. Apr\u00e8s avoir connu un premier mariage annul\u00e9, elle se marie avec Roger du Plessis, marquis &hellip; <a href=\"http:\/\/www.amisdeportroyal.org\/societe\/index.php\/schomberg-jeanne-de-duchesse-de\/\">Continuer la lecture <span class=\"meta-nav\">&rarr;<\/span><\/a><\/p>\n","protected":false},"author":1,"featured_media":0,"parent":0,"menu_order":0,"comment_status":"closed","ping_status":"open","template":"","meta":[],"categories":[8],"tags":[],"_links":{"self":[{"href":"http:\/\/www.amisdeportroyal.org\/societe\/index.php\/wp-json\/wp\/v2\/pages\/106"}],"collection":[{"href":"http:\/\/www.amisdeportroyal.org\/societe\/index.php\/wp-json\/wp\/v2\/pages"}],"about":[{"href":"http:\/\/www.amisdeportroyal.org\/societe\/index.php\/wp-json\/wp\/v2\/types\/page"}],"author":[{"embeddable":true,"href":"http:\/\/www.amisdeportroyal.org\/societe\/index.php\/wp-json\/wp\/v2\/users\/1"}],"replies":[{"embeddable":true,"href":"http:\/\/www.amisdeportroyal.org\/societe\/index.php\/wp-json\/wp\/v2\/comments?post=106"}],"version-history":[{"count":3,"href":"http:\/\/www.amisdeportroyal.org\/societe\/index.php\/wp-json\/wp\/v2\/pages\/106\/revisions"}],"predecessor-version":[{"id":1903,"href":"http:\/\/www.amisdeportroyal.org\/societe\/index.php\/wp-json\/wp\/v2\/pages\/106\/revisions\/1903"}],"wp:attachment":[{"href":"http:\/\/www.amisdeportroyal.org\/societe\/index.php\/wp-json\/wp\/v2\/media?parent=106"}],"wp:term":[{"taxonomy":"category","embeddable":true,"href":"http:\/\/www.amisdeportroyal.org\/societe\/index.php\/wp-json\/wp\/v2\/categories?post=106"},{"taxonomy":"post_tag","embeddable":true,"href":"http:\/\/www.amisdeportroyal.org\/societe\/index.php\/wp-json\/wp\/v2\/tags?post=106"}],"curies":[{"name":"wp","href":"https:\/\/api.w.org\/{rel}","templated":true}]}}